{"id":7548,"date":"2022-01-24T11:30:04","date_gmt":"2022-01-24T10:30:04","guid":{"rendered":"https:\/\/www.fondazioneaibi.it\/faris\/?post_type=product&#038;p=7548"},"modified":"2023-04-13T16:23:04","modified_gmt":"2023-04-13T14:23:04","slug":"corso-di-cinese-livello-base-per-aspiranti-genitori-adottivi","status":"publish","type":"product","link":"https:\/\/www.fondazioneaibi.it\/faris\/prodotto\/corso-di-cinese-livello-base-per-aspiranti-genitori-adottivi\/","title":{"rendered":"Corso online di Cinese (livello base) per aspiranti genitori adottivi"},"content":{"rendered":"<p>PIATTAFORMA ZOOM<\/p>\n<p>Tutti gli\u00a0<strong>aspiranti genitori adottivi in Cina<\/strong>\u00a0si trovano ad interfacciarsi con un contesto culturale molto differente da quello di origine, a partire dalla lingua. Inoltre, \u00e8 sicuramente importante\u00a0<strong>conoscere le basi della lingua e della cultura di provenienza dei propri figli<\/strong>. E non solo perch\u00e9 a volte i bimbi sono gi\u00e0 grandicelli e desiderosi di comunicare, ma perch\u00e9 presentarsi a loro con qualche parola della loro lingua \u00e8 un regalo bellissimo che potete fare ai vostri figli!<\/p>\n<p>Proprio pensando agli\u00a0<strong>aspiranti genitori adottivi<\/strong>\u00a0in attesa di partire, o che stanno preparando i documenti, per la Cina, Faris \u2013 Family and Relationship International School e Ai.Bi. Associazione Amici dei bambini propongono il\u00a0<strong>PRIMO CORSO DI LINGUA CINESE<\/strong>, il corso di lingua\u00a0<strong>pensato per aiutarvi ad essere pronti all\u2019incontro con i vostri figli.<\/strong><\/p>\n<p><strong>Il corso si pone come obiettivo quello di fornire un\u2019infarinatura sulla lingua cinese. Partendo dal presupposto che la lingua cinese merita anni di approfondimento per poter essere padroneggiata, il corso si pone come obiettivo quello di consegnare ai partecipanti un\u2019idea di come sia strutturata la lingua cinese e dare loro la possibilit\u00e0 di presentarsi attraverso alcune espressioni di base.<\/strong><\/p>\n<p>Il\u00a0<strong>corso<\/strong>\u00a0si strutturer\u00e0 in\u00a0<strong>10 incontri di un\u2019ora e mezza ciascuno, dalle 18.30 alle 20.00<\/strong>\u00a0una volta alla settimana (giorno della settimana ancora da definire, in coordinamento con i partecipanti).<\/p>\n<p>Il\u00a0<strong>costo<\/strong>\u00a0previsto \u00e8 di\u00a0<strong>100 euro a coppia<\/strong>\u00a0e sar\u00e0 aperto a un massimo di 5 coppie partecipanti.<\/p>\n<p>&nbsp;<\/p>\n<p>FORMATORE<\/p>\n<p><strong>Dott. Marco Betelli<\/strong>: espatriato Ai.Bi. in Cina, laureato in Mediazione Linguistica e Culturale presso l\u2019Universit\u00e0 degli Studi di Milano.<\/p>\n<p>&nbsp;<\/p>\n<p>PROGRAMMA<\/p>\n<ol>\n<li><strong><em>Lingua cinese, un<\/em><em>\u2019introduzione<\/em><\/strong><\/li>\n<\/ol>\n<p>Panoramica su come \u00e8 strutturata la lingua, differenze con le lingue europee, mancanza di alfabeto, i 4 toni con relativi esempi. Spiegare gli obiettivi di questo mini-corso.<\/p>\n<ol start=\"2\">\n<li><strong><em>Ma come si pronuncia il nome di mio figlio?<\/em><\/strong><\/li>\n<\/ol>\n<p>Fonetica della lingua cinese: le sillabe della lingua cinese (numero finito), il sistema pin-yin e come interpretarlo<\/p>\n<ol start=\"3\">\n<li><strong><em>Quando \u00e8 il tuo compleanno?<\/em><\/strong><\/li>\n<\/ol>\n<p>I numeri, i giorni, i mesi,gli \u00a0orari, le data, l\u2019et\u00e0 e i soldi<\/p>\n<ol start=\"4\">\n<li><strong><em>Come posso presentarmi a mio figlio quando lo incontro?<\/em><\/strong><\/li>\n<\/ol>\n<p>Presentazioni: saluti, come ti chiami, quanti anni hai, da dove vieni<\/p>\n<p>Espressioni di utilizzo comune: grazie, prego, hai capito, si\/no<\/p>\n<ol start=\"5\">\n<li><strong><em>Come faccio a chiedere a mio figlio se \u00e8 felice o triste?<\/em><\/strong><\/li>\n<\/ol>\n<p>Come stai, bene\/male, felice\/triste, arrabbiato e altre espressioni<\/p>\n<ol start=\"6\">\n<li><strong><em>Mi sembra che non stia bene, come faccio a capire dove ha male? <\/em><\/strong><\/li>\n<\/ol>\n<p>Parti del corpo, i bisogni essenziali (pip\u00ec, cacca), malattie e mali stagionali<\/p>\n<ol start=\"7\">\n<li><strong><em>Cosa ti piace mangiare?<\/em><\/strong><\/li>\n<\/ol>\n<p>Il cibo: cosa mangiano i bambini negli istituti, cosa ti piace mangiare<\/p>\n<ol start=\"8\">\n<li><strong><em>Quale \u00e8 il tuo gioco preferito?<\/em><\/strong><\/li>\n<\/ol>\n<p>I giochi, passatempi, cosa ti piace fare (leggere, guardare la tv, fare sport, colorare)<\/p>\n<ol start=\"9\">\n<li><strong><em>Noi siamo i tuoi genitori e questa \u00e8 la tua casa!<\/em><\/strong><\/li>\n<\/ol>\n<p>la casa e la famiglia, i gradi di parentela<\/p>\n<ol start=\"10\">\n<li><strong><em>La scrittura cinese<\/em><\/strong><\/li>\n<\/ol>\n<p>Un\u2019introduzione sul sistema dei caratteri cinesi e degli ideogrammi<\/p>\n<p>&nbsp;<\/p>\n<p>Il programma potrebbe subire variazioni sulla base dei desideri e degli interessi dei partecipanti.<\/p>\n<p>&nbsp;<\/p>\n","protected":false},"excerpt":{"rendered":"<p>PIATTAFORMA ZOOM Tutti gli\u00a0aspiranti genitori adottivi in Cina\u00a0si trovano ad interfacciarsi con un contesto culturale molto differente da quello di origine, a partire dalla lingua. Inoltre, \u00e8 sicuramente importante\u00a0conoscere le basi della lingua e della cultura di provenienza dei propri figli. E non solo perch\u00e9 a volte i bimbi sono gi\u00e0 grandicelli e desiderosi di [&hellip;]<\/p>\n","protected":false},"featured_media":7549,"template":"","meta":[],"product_cat":[105,263],"product_tag":[202],"class_list":["post-7548","product","type-product","status-publish","has-post-thumbnail","hentry","product_cat-adozione-internazionale","product_cat-webinar-su-prenotazione","product_tag-webinar-su-prenotazione"],"yoast_head":"<!-- This site is optimized with the Yoast SEO plugin v26.9 - https:\/\/yoast.com\/product\/yoast-seo-wordpress\/ -->\n<title>Corso online di Cinese (livello base) per aspiranti genitori adottivi - Faris<\/title>\n<meta name=\"robots\" content=\"index, follow, max-snippet:-1, max-image-preview:large, max-video-preview:-1\" \/>\n<link rel=\"canonical\" href=\"https:\/\/www.fondazioneaibi.it\/faris\/prodotto\/corso-di-cinese-livello-base-per-aspiranti-genitori-adottivi\/\" \/>\n<meta property=\"og:locale\" content=\"it_IT\" \/>\n<meta property=\"og:type\" content=\"article\" \/>\n<meta property=\"og:title\" content=\"Corso online di Cinese (livello base) per aspiranti genitori adottivi - Faris\" \/>\n<meta property=\"og:description\" content=\"PIATTAFORMA ZOOM Tutti gli\u00a0aspiranti genitori adottivi in Cina\u00a0si trovano ad interfacciarsi con un contesto culturale molto differente da quello di origine, a partire dalla lingua. Inoltre, \u00e8 sicuramente importante\u00a0conoscere le basi della lingua e della cultura di provenienza dei propri figli. E non solo perch\u00e9 a volte i bimbi sono gi\u00e0 grandicelli e desiderosi di [&hellip;]\" \/>\n<meta property=\"og:url\" content=\"https:\/\/www.fondazioneaibi.it\/faris\/prodotto\/corso-di-cinese-livello-base-per-aspiranti-genitori-adottivi\/\" \/>\n<meta property=\"og:site_name\" content=\"Faris\" \/>\n<meta property=\"article:modified_time\" content=\"2023-04-13T14:23:04+00:00\" \/>\n<meta property=\"og:image\" content=\"https:\/\/www.fondazioneaibi.it\/faris\/wp-content\/uploads\/2022\/01\/corso-cinese.png\" \/>\n\t<meta property=\"og:image:width\" content=\"738\" \/>\n\t<meta property=\"og:image:height\" content=\"540\" \/>\n\t<meta property=\"og:image:type\" content=\"image\/png\" \/>\n<meta name=\"twitter:card\" content=\"summary_large_image\" \/>\n<meta name=\"twitter:label1\" content=\"Tempo di lettura stimato\" \/>\n\t<meta name=\"twitter:data1\" content=\"3 minuti\" \/>\n<script type=\"application\/ld+json\" class=\"yoast-schema-graph\">{\"@context\":\"https:\/\/schema.org\",\"@graph\":[{\"@type\":\"WebPage\",\"@id\":\"https:\/\/www.fondazioneaibi.it\/faris\/prodotto\/corso-di-cinese-livello-base-per-aspiranti-genitori-adottivi\/\",\"url\":\"https:\/\/www.fondazioneaibi.it\/faris\/prodotto\/corso-di-cinese-livello-base-per-aspiranti-genitori-adottivi\/\",\"name\":\"Corso online di Cinese (livello base) per aspiranti genitori adottivi - Faris\",\"isPartOf\":{\"@id\":\"https:\/\/www.fondazioneaibi.it\/faris\/#website\"},\"primaryImageOfPage\":{\"@id\":\"https:\/\/www.fondazioneaibi.it\/faris\/prodotto\/corso-di-cinese-livello-base-per-aspiranti-genitori-adottivi\/#primaryimage\"},\"image\":{\"@id\":\"https:\/\/www.fondazioneaibi.it\/faris\/prodotto\/corso-di-cinese-livello-base-per-aspiranti-genitori-adottivi\/#primaryimage\"},\"thumbnailUrl\":\"https:\/\/www.fondazioneaibi.it\/faris\/wp-content\/uploads\/2022\/01\/corso-cinese.png\",\"datePublished\":\"2022-01-24T10:30:04+00:00\",\"dateModified\":\"2023-04-13T14:23:04+00:00\",\"breadcrumb\":{\"@id\":\"https:\/\/www.fondazioneaibi.it\/faris\/prodotto\/corso-di-cinese-livello-base-per-aspiranti-genitori-adottivi\/#breadcrumb\"},\"inLanguage\":\"it-IT\",\"potentialAction\":[{\"@type\":\"ReadAction\",\"target\":[\"https:\/\/www.fondazioneaibi.it\/faris\/prodotto\/corso-di-cinese-livello-base-per-aspiranti-genitori-adottivi\/\"]}]},{\"@type\":\"ImageObject\",\"inLanguage\":\"it-IT\",\"@id\":\"https:\/\/www.fondazioneaibi.it\/faris\/prodotto\/corso-di-cinese-livello-base-per-aspiranti-genitori-adottivi\/#primaryimage\",\"url\":\"https:\/\/www.fondazioneaibi.it\/faris\/wp-content\/uploads\/2022\/01\/corso-cinese.png\",\"contentUrl\":\"https:\/\/www.fondazioneaibi.it\/faris\/wp-content\/uploads\/2022\/01\/corso-cinese.png\",\"width\":738,\"height\":540},{\"@type\":\"BreadcrumbList\",\"@id\":\"https:\/\/www.fondazioneaibi.it\/faris\/prodotto\/corso-di-cinese-livello-base-per-aspiranti-genitori-adottivi\/#breadcrumb\",\"itemListElement\":[{\"@type\":\"ListItem\",\"position\":1,\"name\":\"Home\",\"item\":\"https:\/\/www.fondazioneaibi.it\/faris\/\"},{\"@type\":\"ListItem\",\"position\":2,\"name\":\"Shop\",\"item\":\"https:\/\/www.fondazioneaibi.it\/faris\/negozio\/\"},{\"@type\":\"ListItem\",\"position\":3,\"name\":\"Corso online di Cinese (livello base) per aspiranti genitori adottivi\"}]},{\"@type\":\"WebSite\",\"@id\":\"https:\/\/www.fondazioneaibi.it\/faris\/#website\",\"url\":\"https:\/\/www.fondazioneaibi.it\/faris\/\",\"name\":\"Faris\",\"description\":\"Faris\",\"publisher\":{\"@id\":\"https:\/\/www.fondazioneaibi.it\/faris\/#organization\"},\"potentialAction\":[{\"@type\":\"SearchAction\",\"target\":{\"@type\":\"EntryPoint\",\"urlTemplate\":\"https:\/\/www.fondazioneaibi.it\/faris\/?s={search_term_string}\"},\"query-input\":{\"@type\":\"PropertyValueSpecification\",\"valueRequired\":true,\"valueName\":\"search_term_string\"}}],\"inLanguage\":\"it-IT\"},{\"@type\":\"Organization\",\"@id\":\"https:\/\/www.fondazioneaibi.it\/faris\/#organization\",\"name\":\"Faris\",\"url\":\"https:\/\/www.fondazioneaibi.it\/faris\/\",\"logo\":{\"@type\":\"ImageObject\",\"inLanguage\":\"it-IT\",\"@id\":\"https:\/\/www.fondazioneaibi.it\/faris\/#\/schema\/logo\/image\/\",\"url\":\"https:\/\/www.fondazioneaibi.it\/faris\/wp-content\/uploads\/2021\/03\/FARIS-LOGO-WEB-SITE-payoff-490x109.png\",\"contentUrl\":\"https:\/\/www.fondazioneaibi.it\/faris\/wp-content\/uploads\/2021\/03\/FARIS-LOGO-WEB-SITE-payoff-490x109.png\",\"width\":494,\"height\":110,\"caption\":\"Faris\"},\"image\":{\"@id\":\"https:\/\/www.fondazioneaibi.it\/faris\/#\/schema\/logo\/image\/\"}}]}<\/script>\n<!-- \/ Yoast SEO plugin. -->","yoast_head_json":{"title":"Corso online di Cinese (livello base) per aspiranti genitori adottivi - Faris","robots":{"index":"index","follow":"follow","max-snippet":"max-snippet:-1","max-image-preview":"max-image-preview:large","max-video-preview":"max-video-preview:-1"},"canonical":"https:\/\/www.fondazioneaibi.it\/faris\/prodotto\/corso-di-cinese-livello-base-per-aspiranti-genitori-adottivi\/","og_locale":"it_IT","og_type":"article","og_title":"Corso online di Cinese (livello base) per aspiranti genitori adottivi - Faris","og_description":"PIATTAFORMA ZOOM Tutti gli\u00a0aspiranti genitori adottivi in Cina\u00a0si trovano ad interfacciarsi con un contesto culturale molto differente da quello di origine, a partire dalla lingua. Inoltre, \u00e8 sicuramente importante\u00a0conoscere le basi della lingua e della cultura di provenienza dei propri figli. E non solo perch\u00e9 a volte i bimbi sono gi\u00e0 grandicelli e desiderosi di [&hellip;]","og_url":"https:\/\/www.fondazioneaibi.it\/faris\/prodotto\/corso-di-cinese-livello-base-per-aspiranti-genitori-adottivi\/","og_site_name":"Faris","article_modified_time":"2023-04-13T14:23:04+00:00","og_image":[{"width":738,"height":540,"url":"https:\/\/www.fondazioneaibi.it\/faris\/wp-content\/uploads\/2022\/01\/corso-cinese.png","type":"image\/png"}],"twitter_card":"summary_large_image","twitter_misc":{"Tempo di lettura stimato":"3 minuti"},"schema":{"@context":"https:\/\/schema.org","@graph":[{"@type":"WebPage","@id":"https:\/\/www.fondazioneaibi.it\/faris\/prodotto\/corso-di-cinese-livello-base-per-aspiranti-genitori-adottivi\/","url":"https:\/\/www.fondazioneaibi.it\/faris\/prodotto\/corso-di-cinese-livello-base-per-aspiranti-genitori-adottivi\/","name":"Corso online di Cinese (livello base) per aspiranti genitori adottivi - Faris","isPartOf":{"@id":"https:\/\/www.fondazioneaibi.it\/faris\/#website"},"primaryImageOfPage":{"@id":"https:\/\/www.fondazioneaibi.it\/faris\/prodotto\/corso-di-cinese-livello-base-per-aspiranti-genitori-adottivi\/#primaryimage"},"image":{"@id":"https:\/\/www.fondazioneaibi.it\/faris\/prodotto\/corso-di-cinese-livello-base-per-aspiranti-genitori-adottivi\/#primaryimage"},"thumbnailUrl":"https:\/\/www.fondazioneaibi.it\/faris\/wp-content\/uploads\/2022\/01\/corso-cinese.png","datePublished":"2022-01-24T10:30:04+00:00","dateModified":"2023-04-13T14:23:04+00:00","breadcrumb":{"@id":"https:\/\/www.fondazioneaibi.it\/faris\/prodotto\/corso-di-cinese-livello-base-per-aspiranti-genitori-adottivi\/#breadcrumb"},"inLanguage":"it-IT","potentialAction":[{"@type":"ReadAction","target":["https:\/\/www.fondazioneaibi.it\/faris\/prodotto\/corso-di-cinese-livello-base-per-aspiranti-genitori-adottivi\/"]}]},{"@type":"ImageObject","inLanguage":"it-IT","@id":"https:\/\/www.fondazioneaibi.it\/faris\/prodotto\/corso-di-cinese-livello-base-per-aspiranti-genitori-adottivi\/#primaryimage","url":"https:\/\/www.fondazioneaibi.it\/faris\/wp-content\/uploads\/2022\/01\/corso-cinese.png","contentUrl":"https:\/\/www.fondazioneaibi.it\/faris\/wp-content\/uploads\/2022\/01\/corso-cinese.png","width":738,"height":540},{"@type":"BreadcrumbList","@id":"https:\/\/www.fondazioneaibi.it\/faris\/prodotto\/corso-di-cinese-livello-base-per-aspiranti-genitori-adottivi\/#breadcrumb","itemListElement":[{"@type":"ListItem","position":1,"name":"Home","item":"https:\/\/www.fondazioneaibi.it\/faris\/"},{"@type":"ListItem","position":2,"name":"Shop","item":"https:\/\/www.fondazioneaibi.it\/faris\/negozio\/"},{"@type":"ListItem","position":3,"name":"Corso online di Cinese (livello base) per aspiranti genitori adottivi"}]},{"@type":"WebSite","@id":"https:\/\/www.fondazioneaibi.it\/faris\/#website","url":"https:\/\/www.fondazioneaibi.it\/faris\/","name":"Faris","description":"Faris","publisher":{"@id":"https:\/\/www.fondazioneaibi.it\/faris\/#organization"},"potentialAction":[{"@type":"SearchAction","target":{"@type":"EntryPoint","urlTemplate":"https:\/\/www.fondazioneaibi.it\/faris\/?s={search_term_string}"},"query-input":{"@type":"PropertyValueSpecification","valueRequired":true,"valueName":"search_term_string"}}],"inLanguage":"it-IT"},{"@type":"Organization","@id":"https:\/\/www.fondazioneaibi.it\/faris\/#organization","name":"Faris","url":"https:\/\/www.fondazioneaibi.it\/faris\/","logo":{"@type":"ImageObject","inLanguage":"it-IT","@id":"https:\/\/www.fondazioneaibi.it\/faris\/#\/schema\/logo\/image\/","url":"https:\/\/www.fondazioneaibi.it\/faris\/wp-content\/uploads\/2021\/03\/FARIS-LOGO-WEB-SITE-payoff-490x109.png","contentUrl":"https:\/\/www.fondazioneaibi.it\/faris\/wp-content\/uploads\/2021\/03\/FARIS-LOGO-WEB-SITE-payoff-490x109.png","width":494,"height":110,"caption":"Faris"},"image":{"@id":"https:\/\/www.fondazioneaibi.it\/faris\/#\/schema\/logo\/image\/"}}]}},"_links":{"self":[{"href":"https:\/\/www.fondazioneaibi.it\/faris\/wp-json\/wp\/v2\/product\/7548","targetHints":{"allow":["GET"]}}],"collection":[{"href":"https:\/\/www.fondazioneaibi.it\/faris\/wp-json\/wp\/v2\/product"}],"about":[{"href":"https:\/\/www.fondazioneaibi.it\/faris\/wp-json\/wp\/v2\/types\/product"}],"wp:featuredmedia":[{"embeddable":true,"href":"https:\/\/www.fondazioneaibi.it\/faris\/wp-json\/wp\/v2\/media\/7549"}],"wp:attachment":[{"href":"https:\/\/www.fondazioneaibi.it\/faris\/wp-json\/wp\/v2\/media?parent=7548"}],"wp:term":[{"taxonomy":"product_cat","embeddable":true,"href":"https:\/\/www.fondazioneaibi.it\/faris\/wp-json\/wp\/v2\/product_cat?post=7548"},{"taxonomy":"product_tag","embeddable":true,"href":"https:\/\/www.fondazioneaibi.it\/faris\/wp-json\/wp\/v2\/product_tag?post=7548"}],"curies":[{"name":"wp","href":"https:\/\/api.w.org\/{rel}","templated":true}]}}