{"id":15615,"date":"2004-12-12T14:13:25","date_gmt":"2004-12-12T13:13:25","guid":{"rendered":"https:\/\/www.fondazioneaibi.it\/faris\/?post_type=product&#038;p=15615"},"modified":"2026-03-24T20:13:01","modified_gmt":"2026-03-24T19:13:01","slug":"webinar-bambini-da-accogliere-chi-e-come-aprirsi-allaccoglienza-2","status":"publish","type":"product","link":"https:\/\/www.fondazioneaibi.it\/faris\/prodotto\/webinar-bambini-da-accogliere-chi-e-come-aprirsi-allaccoglienza-2\/","title":{"rendered":"WEBINAR Bambini da accogliere, chi e come? Aprirsi all\u2019accoglienza"},"content":{"rendered":"<p>PIATTAFORMA ZOOM<\/p>\n<p><strong>Una serata per capire meglio chi sono i bambini in difficolt\u00e0 familiare oggi, nel mondo e in Italia.<\/strong><\/p>\n<p>Il webinar informativo vuole offrire uno squarcio sul mondo dei minori che vivono la necessit\u00e0 di essere accolti e, a seconda di diverse situazioni e bisogni, un approfondimento rispetto alle differenti modalit\u00e0 di accoglienza attraverso le quali \u00e8 possibile diventare riferimento per un bambino o una bambina.<\/p>\n<p><strong>Affido<\/strong>,\u00a0<strong>Adozione nazionale<\/strong>,\u00a0<strong>Adozione internazionale<\/strong>, sicuramente le modalit\u00e0 pi\u00f9 conosciute ma non solo, si pu\u00f2 diventare anche\u00a0<strong>tutori<\/strong>\u00a0per Minori Stranieri Non Accompagnati.<\/p>\n<p>Una serata di orientamento generale a chi vuole saperne di pi\u00f9 sui bambini e le bambine in difficolt\u00e0 familiare e come accoglierli.<\/p>\n<p><strong>Docenza<\/strong>: Michela De Santi,\u00a0<em>Desk di<\/em><a href=\"http:\/\/ai.bi\/\"><em>\u00a0Ai.Bi<\/em><\/a><em>. Amici dei Bambini<\/em><\/p>\n<p>&nbsp;<\/p>\n<p>Per maggiori informazioni \u00e8 possibile contattare la segreteria di FARIS a\u00a0<a href=\"mailto:faris@fondazioneaibi.it\">faris@fondazioneaibi.it<\/a><\/p>\n<p>&nbsp;<\/p>\n<p>&nbsp;<\/p>\n","protected":false},"excerpt":{"rendered":"<p>PIATTAFORMA ZOOM Una serata per capire meglio chi sono i bambini in difficolt\u00e0 familiare oggi, nel mondo e in Italia. Il webinar informativo vuole offrire uno squarcio sul mondo dei minori che vivono la necessit\u00e0 di essere accolti e, a seconda di diverse situazioni e bisogni, un approfondimento rispetto alle differenti modalit\u00e0 di accoglienza attraverso [&hellip;]<\/p>\n","protected":false},"featured_media":13933,"template":"","meta":[],"product_cat":[15,105,107],"product_tag":[],"class_list":["post-15615","product","type-product","status-publish","has-post-thumbnail","hentry","product_cat-webinar","product_cat-adozione-internazionale","product_cat-affido-familiare"],"yoast_head":"<!-- This site is optimized with the Yoast SEO plugin v26.9 - https:\/\/yoast.com\/product\/yoast-seo-wordpress\/ -->\n<title>WEBINAR Bambini da accogliere, chi e come? Aprirsi all\u2019accoglienza - Faris<\/title>\n<meta name=\"robots\" content=\"index, follow, max-snippet:-1, max-image-preview:large, max-video-preview:-1\" \/>\n<link rel=\"canonical\" href=\"https:\/\/www.fondazioneaibi.it\/faris\/prodotto\/webinar-bambini-da-accogliere-chi-e-come-aprirsi-allaccoglienza-2\/\" \/>\n<meta property=\"og:locale\" content=\"it_IT\" \/>\n<meta property=\"og:type\" content=\"article\" \/>\n<meta property=\"og:title\" content=\"WEBINAR Bambini da accogliere, chi e come? Aprirsi all\u2019accoglienza - Faris\" \/>\n<meta property=\"og:description\" content=\"PIATTAFORMA ZOOM Una serata per capire meglio chi sono i bambini in difficolt\u00e0 familiare oggi, nel mondo e in Italia. Il webinar informativo vuole offrire uno squarcio sul mondo dei minori che vivono la necessit\u00e0 di essere accolti e, a seconda di diverse situazioni e bisogni, un approfondimento rispetto alle differenti modalit\u00e0 di accoglienza attraverso [&hellip;]\" \/>\n<meta property=\"og:url\" content=\"https:\/\/www.fondazioneaibi.it\/faris\/prodotto\/webinar-bambini-da-accogliere-chi-e-come-aprirsi-allaccoglienza-2\/\" \/>\n<meta property=\"og:site_name\" content=\"Faris\" \/>\n<meta property=\"article:modified_time\" content=\"2026-03-24T19:13:01+00:00\" \/>\n<meta property=\"og:image\" content=\"https:\/\/www.fondazioneaibi.it\/faris\/wp-content\/uploads\/2024\/07\/girl-8363280_1280.jpg\" \/>\n\t<meta property=\"og:image:width\" content=\"1280\" \/>\n\t<meta property=\"og:image:height\" content=\"1280\" \/>\n\t<meta property=\"og:image:type\" content=\"image\/jpeg\" \/>\n<meta name=\"twitter:card\" content=\"summary_large_image\" \/>\n<meta name=\"twitter:label1\" content=\"Tempo di lettura stimato\" \/>\n\t<meta name=\"twitter:data1\" content=\"1 minuto\" \/>\n<script type=\"application\/ld+json\" class=\"yoast-schema-graph\">{\"@context\":\"https:\/\/schema.org\",\"@graph\":[{\"@type\":\"WebPage\",\"@id\":\"https:\/\/www.fondazioneaibi.it\/faris\/prodotto\/webinar-bambini-da-accogliere-chi-e-come-aprirsi-allaccoglienza-2\/\",\"url\":\"https:\/\/www.fondazioneaibi.it\/faris\/prodotto\/webinar-bambini-da-accogliere-chi-e-come-aprirsi-allaccoglienza-2\/\",\"name\":\"WEBINAR Bambini da accogliere, chi e come? Aprirsi all\u2019accoglienza - Faris\",\"isPartOf\":{\"@id\":\"https:\/\/www.fondazioneaibi.it\/faris\/#website\"},\"primaryImageOfPage\":{\"@id\":\"https:\/\/www.fondazioneaibi.it\/faris\/prodotto\/webinar-bambini-da-accogliere-chi-e-come-aprirsi-allaccoglienza-2\/#primaryimage\"},\"image\":{\"@id\":\"https:\/\/www.fondazioneaibi.it\/faris\/prodotto\/webinar-bambini-da-accogliere-chi-e-come-aprirsi-allaccoglienza-2\/#primaryimage\"},\"thumbnailUrl\":\"https:\/\/www.fondazioneaibi.it\/faris\/wp-content\/uploads\/2024\/07\/girl-8363280_1280.jpg\",\"datePublished\":\"2004-12-12T13:13:25+00:00\",\"dateModified\":\"2026-03-24T19:13:01+00:00\",\"breadcrumb\":{\"@id\":\"https:\/\/www.fondazioneaibi.it\/faris\/prodotto\/webinar-bambini-da-accogliere-chi-e-come-aprirsi-allaccoglienza-2\/#breadcrumb\"},\"inLanguage\":\"it-IT\",\"potentialAction\":[{\"@type\":\"ReadAction\",\"target\":[\"https:\/\/www.fondazioneaibi.it\/faris\/prodotto\/webinar-bambini-da-accogliere-chi-e-come-aprirsi-allaccoglienza-2\/\"]}]},{\"@type\":\"ImageObject\",\"inLanguage\":\"it-IT\",\"@id\":\"https:\/\/www.fondazioneaibi.it\/faris\/prodotto\/webinar-bambini-da-accogliere-chi-e-come-aprirsi-allaccoglienza-2\/#primaryimage\",\"url\":\"https:\/\/www.fondazioneaibi.it\/faris\/wp-content\/uploads\/2024\/07\/girl-8363280_1280.jpg\",\"contentUrl\":\"https:\/\/www.fondazioneaibi.it\/faris\/wp-content\/uploads\/2024\/07\/girl-8363280_1280.jpg\",\"width\":1280,\"height\":1280},{\"@type\":\"BreadcrumbList\",\"@id\":\"https:\/\/www.fondazioneaibi.it\/faris\/prodotto\/webinar-bambini-da-accogliere-chi-e-come-aprirsi-allaccoglienza-2\/#breadcrumb\",\"itemListElement\":[{\"@type\":\"ListItem\",\"position\":1,\"name\":\"Home\",\"item\":\"https:\/\/www.fondazioneaibi.it\/faris\/\"},{\"@type\":\"ListItem\",\"position\":2,\"name\":\"Shop\",\"item\":\"https:\/\/www.fondazioneaibi.it\/faris\/negozio\/\"},{\"@type\":\"ListItem\",\"position\":3,\"name\":\"WEBINAR Bambini da accogliere, chi e come? Aprirsi all\u2019accoglienza\"}]},{\"@type\":\"WebSite\",\"@id\":\"https:\/\/www.fondazioneaibi.it\/faris\/#website\",\"url\":\"https:\/\/www.fondazioneaibi.it\/faris\/\",\"name\":\"Faris\",\"description\":\"Faris\",\"publisher\":{\"@id\":\"https:\/\/www.fondazioneaibi.it\/faris\/#organization\"},\"potentialAction\":[{\"@type\":\"SearchAction\",\"target\":{\"@type\":\"EntryPoint\",\"urlTemplate\":\"https:\/\/www.fondazioneaibi.it\/faris\/?s={search_term_string}\"},\"query-input\":{\"@type\":\"PropertyValueSpecification\",\"valueRequired\":true,\"valueName\":\"search_term_string\"}}],\"inLanguage\":\"it-IT\"},{\"@type\":\"Organization\",\"@id\":\"https:\/\/www.fondazioneaibi.it\/faris\/#organization\",\"name\":\"Faris\",\"url\":\"https:\/\/www.fondazioneaibi.it\/faris\/\",\"logo\":{\"@type\":\"ImageObject\",\"inLanguage\":\"it-IT\",\"@id\":\"https:\/\/www.fondazioneaibi.it\/faris\/#\/schema\/logo\/image\/\",\"url\":\"https:\/\/www.fondazioneaibi.it\/faris\/wp-content\/uploads\/2021\/03\/FARIS-LOGO-WEB-SITE-payoff-490x109.png\",\"contentUrl\":\"https:\/\/www.fondazioneaibi.it\/faris\/wp-content\/uploads\/2021\/03\/FARIS-LOGO-WEB-SITE-payoff-490x109.png\",\"width\":494,\"height\":110,\"caption\":\"Faris\"},\"image\":{\"@id\":\"https:\/\/www.fondazioneaibi.it\/faris\/#\/schema\/logo\/image\/\"}}]}<\/script>\n<!-- \/ Yoast SEO plugin. -->","yoast_head_json":{"title":"WEBINAR Bambini da accogliere, chi e come? Aprirsi all\u2019accoglienza - Faris","robots":{"index":"index","follow":"follow","max-snippet":"max-snippet:-1","max-image-preview":"max-image-preview:large","max-video-preview":"max-video-preview:-1"},"canonical":"https:\/\/www.fondazioneaibi.it\/faris\/prodotto\/webinar-bambini-da-accogliere-chi-e-come-aprirsi-allaccoglienza-2\/","og_locale":"it_IT","og_type":"article","og_title":"WEBINAR Bambini da accogliere, chi e come? Aprirsi all\u2019accoglienza - Faris","og_description":"PIATTAFORMA ZOOM Una serata per capire meglio chi sono i bambini in difficolt\u00e0 familiare oggi, nel mondo e in Italia. Il webinar informativo vuole offrire uno squarcio sul mondo dei minori che vivono la necessit\u00e0 di essere accolti e, a seconda di diverse situazioni e bisogni, un approfondimento rispetto alle differenti modalit\u00e0 di accoglienza attraverso [&hellip;]","og_url":"https:\/\/www.fondazioneaibi.it\/faris\/prodotto\/webinar-bambini-da-accogliere-chi-e-come-aprirsi-allaccoglienza-2\/","og_site_name":"Faris","article_modified_time":"2026-03-24T19:13:01+00:00","og_image":[{"width":1280,"height":1280,"url":"https:\/\/www.fondazioneaibi.it\/faris\/wp-content\/uploads\/2024\/07\/girl-8363280_1280.jpg","type":"image\/jpeg"}],"twitter_card":"summary_large_image","twitter_misc":{"Tempo di lettura stimato":"1 minuto"},"schema":{"@context":"https:\/\/schema.org","@graph":[{"@type":"WebPage","@id":"https:\/\/www.fondazioneaibi.it\/faris\/prodotto\/webinar-bambini-da-accogliere-chi-e-come-aprirsi-allaccoglienza-2\/","url":"https:\/\/www.fondazioneaibi.it\/faris\/prodotto\/webinar-bambini-da-accogliere-chi-e-come-aprirsi-allaccoglienza-2\/","name":"WEBINAR Bambini da accogliere, chi e come? Aprirsi all\u2019accoglienza - Faris","isPartOf":{"@id":"https:\/\/www.fondazioneaibi.it\/faris\/#website"},"primaryImageOfPage":{"@id":"https:\/\/www.fondazioneaibi.it\/faris\/prodotto\/webinar-bambini-da-accogliere-chi-e-come-aprirsi-allaccoglienza-2\/#primaryimage"},"image":{"@id":"https:\/\/www.fondazioneaibi.it\/faris\/prodotto\/webinar-bambini-da-accogliere-chi-e-come-aprirsi-allaccoglienza-2\/#primaryimage"},"thumbnailUrl":"https:\/\/www.fondazioneaibi.it\/faris\/wp-content\/uploads\/2024\/07\/girl-8363280_1280.jpg","datePublished":"2004-12-12T13:13:25+00:00","dateModified":"2026-03-24T19:13:01+00:00","breadcrumb":{"@id":"https:\/\/www.fondazioneaibi.it\/faris\/prodotto\/webinar-bambini-da-accogliere-chi-e-come-aprirsi-allaccoglienza-2\/#breadcrumb"},"inLanguage":"it-IT","potentialAction":[{"@type":"ReadAction","target":["https:\/\/www.fondazioneaibi.it\/faris\/prodotto\/webinar-bambini-da-accogliere-chi-e-come-aprirsi-allaccoglienza-2\/"]}]},{"@type":"ImageObject","inLanguage":"it-IT","@id":"https:\/\/www.fondazioneaibi.it\/faris\/prodotto\/webinar-bambini-da-accogliere-chi-e-come-aprirsi-allaccoglienza-2\/#primaryimage","url":"https:\/\/www.fondazioneaibi.it\/faris\/wp-content\/uploads\/2024\/07\/girl-8363280_1280.jpg","contentUrl":"https:\/\/www.fondazioneaibi.it\/faris\/wp-content\/uploads\/2024\/07\/girl-8363280_1280.jpg","width":1280,"height":1280},{"@type":"BreadcrumbList","@id":"https:\/\/www.fondazioneaibi.it\/faris\/prodotto\/webinar-bambini-da-accogliere-chi-e-come-aprirsi-allaccoglienza-2\/#breadcrumb","itemListElement":[{"@type":"ListItem","position":1,"name":"Home","item":"https:\/\/www.fondazioneaibi.it\/faris\/"},{"@type":"ListItem","position":2,"name":"Shop","item":"https:\/\/www.fondazioneaibi.it\/faris\/negozio\/"},{"@type":"ListItem","position":3,"name":"WEBINAR Bambini da accogliere, chi e come? Aprirsi all\u2019accoglienza"}]},{"@type":"WebSite","@id":"https:\/\/www.fondazioneaibi.it\/faris\/#website","url":"https:\/\/www.fondazioneaibi.it\/faris\/","name":"Faris","description":"Faris","publisher":{"@id":"https:\/\/www.fondazioneaibi.it\/faris\/#organization"},"potentialAction":[{"@type":"SearchAction","target":{"@type":"EntryPoint","urlTemplate":"https:\/\/www.fondazioneaibi.it\/faris\/?s={search_term_string}"},"query-input":{"@type":"PropertyValueSpecification","valueRequired":true,"valueName":"search_term_string"}}],"inLanguage":"it-IT"},{"@type":"Organization","@id":"https:\/\/www.fondazioneaibi.it\/faris\/#organization","name":"Faris","url":"https:\/\/www.fondazioneaibi.it\/faris\/","logo":{"@type":"ImageObject","inLanguage":"it-IT","@id":"https:\/\/www.fondazioneaibi.it\/faris\/#\/schema\/logo\/image\/","url":"https:\/\/www.fondazioneaibi.it\/faris\/wp-content\/uploads\/2021\/03\/FARIS-LOGO-WEB-SITE-payoff-490x109.png","contentUrl":"https:\/\/www.fondazioneaibi.it\/faris\/wp-content\/uploads\/2021\/03\/FARIS-LOGO-WEB-SITE-payoff-490x109.png","width":494,"height":110,"caption":"Faris"},"image":{"@id":"https:\/\/www.fondazioneaibi.it\/faris\/#\/schema\/logo\/image\/"}}]}},"_links":{"self":[{"href":"https:\/\/www.fondazioneaibi.it\/faris\/wp-json\/wp\/v2\/product\/15615","targetHints":{"allow":["GET"]}}],"collection":[{"href":"https:\/\/www.fondazioneaibi.it\/faris\/wp-json\/wp\/v2\/product"}],"about":[{"href":"https:\/\/www.fondazioneaibi.it\/faris\/wp-json\/wp\/v2\/types\/product"}],"wp:featuredmedia":[{"embeddable":true,"href":"https:\/\/www.fondazioneaibi.it\/faris\/wp-json\/wp\/v2\/media\/13933"}],"wp:attachment":[{"href":"https:\/\/www.fondazioneaibi.it\/faris\/wp-json\/wp\/v2\/media?parent=15615"}],"wp:term":[{"taxonomy":"product_cat","embeddable":true,"href":"https:\/\/www.fondazioneaibi.it\/faris\/wp-json\/wp\/v2\/product_cat?post=15615"},{"taxonomy":"product_tag","embeddable":true,"href":"https:\/\/www.fondazioneaibi.it\/faris\/wp-json\/wp\/v2\/product_tag?post=15615"}],"curies":[{"name":"wp","href":"https:\/\/api.w.org\/{rel}","templated":true}]}}