{"id":14088,"date":"2024-10-11T11:47:04","date_gmt":"2024-10-11T09:47:04","guid":{"rendered":"https:\/\/www.fondazioneaibi.it\/faris\/?post_type=product&#038;p=14088"},"modified":"2024-10-11T11:53:05","modified_gmt":"2024-10-11T09:53:05","slug":"laboratorio-online-la-scrittura-creativa-a-sostegno-dei-genitori-adottivi-di-adolescenti","status":"publish","type":"product","link":"https:\/\/www.fondazioneaibi.it\/faris\/prodotto\/laboratorio-online-la-scrittura-creativa-a-sostegno-dei-genitori-adottivi-di-adolescenti\/","title":{"rendered":"LABORATORIO ONLINE La scrittura creativa a sostegno dei genitori adottivi di adolescenti"},"content":{"rendered":"<p><strong>Obiettivi e destinatari.<\/strong><\/p>\n<p>FARIS propone un nuovo laboratorio di scrittura creativa,<strong>\u00a0indirizzato ai genitori adottivi di ragazzi adolescenti<\/strong>. Il laboratorio propone attivit\u00e0 di scrittura, accompagnata attraverso sollecitazioni e tracce. Si tratta soprattutto di scritture individuali, anche se non mancheranno lavori in sottogruppi, disegni, filmati, foto, oggetti. La\u00a0<strong>condivisione delle esperienze e punti di vista<\/strong>\u00a0sar\u00e0 favorita dalla partecipazione ad un gruppo di pari, stimolato e sostenuto dalla conduttrice del laboratorio.<\/p>\n<p>I partecipanti saranno stimolati nel riflettere sul<strong>\u00a0presente familiare,\u00a0<\/strong>visitare i\u00a0<strong>ricordi,\u00a0<\/strong>interrogarsi su<strong>\u00a0radici e legami\u00a0<\/strong>del\u0259 figli\u0259 adottiv\u0259, e considerare i<strong>\u00a0lasciti<\/strong>, cio\u00e8 ci\u00f2 che si desidera trasmettere al\u0259 figli\u0259 e imparare da lei\/lui.<\/p>\n<p><strong>Sar\u00e0 uno spazio dove poter liberare la propria<\/strong>\u00a0<strong>creativit\u00e0<\/strong>\u00a0per imparare a muoversi agilmente nello spazio e nel tempo.<\/p>\n<p>Si potranno anche affrontare\u00a0<strong>nodi<\/strong>\u00a0come\u00a0<strong>il bullismo<\/strong>,<strong>\u00a0il rapporto con il Paese di origine\u00a0<\/strong>e\u00a0<strong>il desiderio di incontrare la famiglia biologica<\/strong>.<\/p>\n<p>La\u00a0<strong>scrittura verr\u00e0 sollecitata da una variet\u00e0 di stimoli<\/strong>\u00a0<strong>(tracce, brevi letture e filmati, foto, oggetti, disegni, ecc.)<\/strong>. La forma della scrittura \u00e8 libera (racconto, poesia, dialogo, lettera, ecc) e individuale (anche se ci sar\u00e0 la possibilit\u00e0 di scritture a coppie o di gruppo). Le\u00a0<strong>scritture saranno condivise e commentate<\/strong>, evitando il giudizio e disponendosi a un ascolto rispettoso e accogliente.<\/p>\n<p>&nbsp;<\/p>\n<p><strong>Organizzazione e metodo<\/strong><\/p>\n<p>E\u2019 preferibile che la\u00a0<strong>scrittura<\/strong>\u00a0sia basata su pensieri ed emozioni pi\u00f9 che sulla mera cronaca di fatti, su un esempio significativo piuttosto che su molti esempi. Al termine di ogni scrittura ci sar\u00e0 una\u00a0<strong>condivisione<\/strong>\u00a0<strong>facoltativa dei testi<\/strong>\u00a0(o di un paragrafo significativo di un testo), che saranno letti ad alta voce. Dopo la condivisione ci sar\u00e0 un momento di restituzione, in cui si \u201crestituiscono\u201d per la riflessione i punti chiave di\u00a0<strong>quanto \u00e8 emerso nelle scritture del gruppo<\/strong>.<\/p>\n<p>&nbsp;<\/p>\n<p><strong>Conduzione<\/strong><\/p>\n<p>Rita Cavigioli \u00e8 docente emerita alla University of Missouri-Columbia. Ha conseguito anche il diploma di \u201cEsperta nella conduzione di laboratori autobiografici e nella raccolta di storie di vita\u201d alla LUA (Libera Universit\u00e0 dell\u2019Autobiografia) di Anghiari. Ha offerto corsi e laboratori di scrittura per diversi destinatari. E\u2019 madre adottiva di una ragazza cinese.<\/p>\n<p>&nbsp;<\/p>\n<p><strong>Costi di partecipazione<\/strong><\/p>\n<p>E\u2019 previsto un costo di partecipazione di 50\u20ac a persona.<\/p>\n<p><strong>\u00a0<\/strong><\/p>\n<p><strong>E\u2019 previsto il rilascio dell\u2019attestato di presentazione.<\/strong><\/p>\n<p>&nbsp;<\/p>\n<p>Per maggiori informazioni \u00e8 possibile contattare la segreteria di FARIS a\u00a0<a href=\"mailto:faris@fondazioneaibi.it\"><strong>faris@fondazioneaibi.it<\/strong><\/a><\/p>\n<p>&nbsp;<\/p>\n<p>&nbsp;<\/p>\n<p>&nbsp;<\/p>\n","protected":false},"excerpt":{"rendered":"<p>Obiettivi e destinatari. FARIS propone un nuovo laboratorio di scrittura creativa,\u00a0indirizzato ai genitori adottivi di ragazzi adolescenti. Il laboratorio propone attivit\u00e0 di scrittura, accompagnata attraverso sollecitazioni e tracce. Si tratta soprattutto di scritture individuali, anche se non mancheranno lavori in sottogruppi, disegni, filmati, foto, oggetti. La\u00a0condivisione delle esperienze e punti di vista\u00a0sar\u00e0 favorita dalla partecipazione [&hellip;]<\/p>\n","protected":false},"featured_media":13809,"template":"","meta":[],"product_cat":[105,263],"product_tag":[202],"class_list":["post-14088","product","type-product","status-publish","has-post-thumbnail","hentry","product_cat-adozione-internazionale","product_cat-webinar-su-prenotazione","product_tag-webinar-su-prenotazione"],"yoast_head":"<!-- This site is optimized with the Yoast SEO plugin v26.9 - https:\/\/yoast.com\/product\/yoast-seo-wordpress\/ -->\n<title>LABORATORIO ONLINE La scrittura creativa a sostegno dei genitori adottivi di adolescenti - Faris<\/title>\n<meta name=\"robots\" content=\"index, follow, max-snippet:-1, max-image-preview:large, max-video-preview:-1\" \/>\n<link rel=\"canonical\" href=\"https:\/\/www.fondazioneaibi.it\/faris\/prodotto\/laboratorio-online-la-scrittura-creativa-a-sostegno-dei-genitori-adottivi-di-adolescenti\/\" \/>\n<meta property=\"og:locale\" content=\"it_IT\" \/>\n<meta property=\"og:type\" content=\"article\" \/>\n<meta property=\"og:title\" content=\"LABORATORIO ONLINE La scrittura creativa a sostegno dei genitori adottivi di adolescenti - Faris\" \/>\n<meta property=\"og:description\" content=\"Obiettivi e destinatari. FARIS propone un nuovo laboratorio di scrittura creativa,\u00a0indirizzato ai genitori adottivi di ragazzi adolescenti. Il laboratorio propone attivit\u00e0 di scrittura, accompagnata attraverso sollecitazioni e tracce. Si tratta soprattutto di scritture individuali, anche se non mancheranno lavori in sottogruppi, disegni, filmati, foto, oggetti. La\u00a0condivisione delle esperienze e punti di vista\u00a0sar\u00e0 favorita dalla partecipazione [&hellip;]\" \/>\n<meta property=\"og:url\" content=\"https:\/\/www.fondazioneaibi.it\/faris\/prodotto\/laboratorio-online-la-scrittura-creativa-a-sostegno-dei-genitori-adottivi-di-adolescenti\/\" \/>\n<meta property=\"og:site_name\" content=\"Faris\" \/>\n<meta property=\"article:modified_time\" content=\"2024-10-11T09:53:05+00:00\" \/>\n<meta property=\"og:image\" content=\"https:\/\/www.fondazioneaibi.it\/faris\/wp-content\/uploads\/2024\/05\/sunset-5238044_1280.jpg\" \/>\n\t<meta property=\"og:image:width\" content=\"1280\" \/>\n\t<meta property=\"og:image:height\" content=\"854\" \/>\n\t<meta property=\"og:image:type\" content=\"image\/jpeg\" \/>\n<meta name=\"twitter:card\" content=\"summary_large_image\" \/>\n<meta name=\"twitter:label1\" content=\"Tempo di lettura stimato\" \/>\n\t<meta name=\"twitter:data1\" content=\"3 minuti\" \/>\n<script type=\"application\/ld+json\" class=\"yoast-schema-graph\">{\"@context\":\"https:\/\/schema.org\",\"@graph\":[{\"@type\":\"WebPage\",\"@id\":\"https:\/\/www.fondazioneaibi.it\/faris\/prodotto\/laboratorio-online-la-scrittura-creativa-a-sostegno-dei-genitori-adottivi-di-adolescenti\/\",\"url\":\"https:\/\/www.fondazioneaibi.it\/faris\/prodotto\/laboratorio-online-la-scrittura-creativa-a-sostegno-dei-genitori-adottivi-di-adolescenti\/\",\"name\":\"LABORATORIO ONLINE La scrittura creativa a sostegno dei genitori adottivi di adolescenti - Faris\",\"isPartOf\":{\"@id\":\"https:\/\/www.fondazioneaibi.it\/faris\/#website\"},\"primaryImageOfPage\":{\"@id\":\"https:\/\/www.fondazioneaibi.it\/faris\/prodotto\/laboratorio-online-la-scrittura-creativa-a-sostegno-dei-genitori-adottivi-di-adolescenti\/#primaryimage\"},\"image\":{\"@id\":\"https:\/\/www.fondazioneaibi.it\/faris\/prodotto\/laboratorio-online-la-scrittura-creativa-a-sostegno-dei-genitori-adottivi-di-adolescenti\/#primaryimage\"},\"thumbnailUrl\":\"https:\/\/www.fondazioneaibi.it\/faris\/wp-content\/uploads\/2024\/05\/sunset-5238044_1280.jpg\",\"datePublished\":\"2024-10-11T09:47:04+00:00\",\"dateModified\":\"2024-10-11T09:53:05+00:00\",\"breadcrumb\":{\"@id\":\"https:\/\/www.fondazioneaibi.it\/faris\/prodotto\/laboratorio-online-la-scrittura-creativa-a-sostegno-dei-genitori-adottivi-di-adolescenti\/#breadcrumb\"},\"inLanguage\":\"it-IT\",\"potentialAction\":[{\"@type\":\"ReadAction\",\"target\":[\"https:\/\/www.fondazioneaibi.it\/faris\/prodotto\/laboratorio-online-la-scrittura-creativa-a-sostegno-dei-genitori-adottivi-di-adolescenti\/\"]}]},{\"@type\":\"ImageObject\",\"inLanguage\":\"it-IT\",\"@id\":\"https:\/\/www.fondazioneaibi.it\/faris\/prodotto\/laboratorio-online-la-scrittura-creativa-a-sostegno-dei-genitori-adottivi-di-adolescenti\/#primaryimage\",\"url\":\"https:\/\/www.fondazioneaibi.it\/faris\/wp-content\/uploads\/2024\/05\/sunset-5238044_1280.jpg\",\"contentUrl\":\"https:\/\/www.fondazioneaibi.it\/faris\/wp-content\/uploads\/2024\/05\/sunset-5238044_1280.jpg\",\"width\":1280,\"height\":854},{\"@type\":\"BreadcrumbList\",\"@id\":\"https:\/\/www.fondazioneaibi.it\/faris\/prodotto\/laboratorio-online-la-scrittura-creativa-a-sostegno-dei-genitori-adottivi-di-adolescenti\/#breadcrumb\",\"itemListElement\":[{\"@type\":\"ListItem\",\"position\":1,\"name\":\"Home\",\"item\":\"https:\/\/www.fondazioneaibi.it\/faris\/\"},{\"@type\":\"ListItem\",\"position\":2,\"name\":\"Shop\",\"item\":\"https:\/\/www.fondazioneaibi.it\/faris\/negozio\/\"},{\"@type\":\"ListItem\",\"position\":3,\"name\":\"LABORATORIO ONLINE La scrittura creativa a sostegno dei genitori adottivi di adolescenti\"}]},{\"@type\":\"WebSite\",\"@id\":\"https:\/\/www.fondazioneaibi.it\/faris\/#website\",\"url\":\"https:\/\/www.fondazioneaibi.it\/faris\/\",\"name\":\"Faris\",\"description\":\"Faris\",\"publisher\":{\"@id\":\"https:\/\/www.fondazioneaibi.it\/faris\/#organization\"},\"potentialAction\":[{\"@type\":\"SearchAction\",\"target\":{\"@type\":\"EntryPoint\",\"urlTemplate\":\"https:\/\/www.fondazioneaibi.it\/faris\/?s={search_term_string}\"},\"query-input\":{\"@type\":\"PropertyValueSpecification\",\"valueRequired\":true,\"valueName\":\"search_term_string\"}}],\"inLanguage\":\"it-IT\"},{\"@type\":\"Organization\",\"@id\":\"https:\/\/www.fondazioneaibi.it\/faris\/#organization\",\"name\":\"Faris\",\"url\":\"https:\/\/www.fondazioneaibi.it\/faris\/\",\"logo\":{\"@type\":\"ImageObject\",\"inLanguage\":\"it-IT\",\"@id\":\"https:\/\/www.fondazioneaibi.it\/faris\/#\/schema\/logo\/image\/\",\"url\":\"https:\/\/www.fondazioneaibi.it\/faris\/wp-content\/uploads\/2021\/03\/FARIS-LOGO-WEB-SITE-payoff-490x109.png\",\"contentUrl\":\"https:\/\/www.fondazioneaibi.it\/faris\/wp-content\/uploads\/2021\/03\/FARIS-LOGO-WEB-SITE-payoff-490x109.png\",\"width\":494,\"height\":110,\"caption\":\"Faris\"},\"image\":{\"@id\":\"https:\/\/www.fondazioneaibi.it\/faris\/#\/schema\/logo\/image\/\"}}]}<\/script>\n<!-- \/ Yoast SEO plugin. -->","yoast_head_json":{"title":"LABORATORIO ONLINE La scrittura creativa a sostegno dei genitori adottivi di adolescenti - Faris","robots":{"index":"index","follow":"follow","max-snippet":"max-snippet:-1","max-image-preview":"max-image-preview:large","max-video-preview":"max-video-preview:-1"},"canonical":"https:\/\/www.fondazioneaibi.it\/faris\/prodotto\/laboratorio-online-la-scrittura-creativa-a-sostegno-dei-genitori-adottivi-di-adolescenti\/","og_locale":"it_IT","og_type":"article","og_title":"LABORATORIO ONLINE La scrittura creativa a sostegno dei genitori adottivi di adolescenti - Faris","og_description":"Obiettivi e destinatari. FARIS propone un nuovo laboratorio di scrittura creativa,\u00a0indirizzato ai genitori adottivi di ragazzi adolescenti. Il laboratorio propone attivit\u00e0 di scrittura, accompagnata attraverso sollecitazioni e tracce. Si tratta soprattutto di scritture individuali, anche se non mancheranno lavori in sottogruppi, disegni, filmati, foto, oggetti. La\u00a0condivisione delle esperienze e punti di vista\u00a0sar\u00e0 favorita dalla partecipazione [&hellip;]","og_url":"https:\/\/www.fondazioneaibi.it\/faris\/prodotto\/laboratorio-online-la-scrittura-creativa-a-sostegno-dei-genitori-adottivi-di-adolescenti\/","og_site_name":"Faris","article_modified_time":"2024-10-11T09:53:05+00:00","og_image":[{"width":1280,"height":854,"url":"https:\/\/www.fondazioneaibi.it\/faris\/wp-content\/uploads\/2024\/05\/sunset-5238044_1280.jpg","type":"image\/jpeg"}],"twitter_card":"summary_large_image","twitter_misc":{"Tempo di lettura stimato":"3 minuti"},"schema":{"@context":"https:\/\/schema.org","@graph":[{"@type":"WebPage","@id":"https:\/\/www.fondazioneaibi.it\/faris\/prodotto\/laboratorio-online-la-scrittura-creativa-a-sostegno-dei-genitori-adottivi-di-adolescenti\/","url":"https:\/\/www.fondazioneaibi.it\/faris\/prodotto\/laboratorio-online-la-scrittura-creativa-a-sostegno-dei-genitori-adottivi-di-adolescenti\/","name":"LABORATORIO ONLINE La scrittura creativa a sostegno dei genitori adottivi di adolescenti - Faris","isPartOf":{"@id":"https:\/\/www.fondazioneaibi.it\/faris\/#website"},"primaryImageOfPage":{"@id":"https:\/\/www.fondazioneaibi.it\/faris\/prodotto\/laboratorio-online-la-scrittura-creativa-a-sostegno-dei-genitori-adottivi-di-adolescenti\/#primaryimage"},"image":{"@id":"https:\/\/www.fondazioneaibi.it\/faris\/prodotto\/laboratorio-online-la-scrittura-creativa-a-sostegno-dei-genitori-adottivi-di-adolescenti\/#primaryimage"},"thumbnailUrl":"https:\/\/www.fondazioneaibi.it\/faris\/wp-content\/uploads\/2024\/05\/sunset-5238044_1280.jpg","datePublished":"2024-10-11T09:47:04+00:00","dateModified":"2024-10-11T09:53:05+00:00","breadcrumb":{"@id":"https:\/\/www.fondazioneaibi.it\/faris\/prodotto\/laboratorio-online-la-scrittura-creativa-a-sostegno-dei-genitori-adottivi-di-adolescenti\/#breadcrumb"},"inLanguage":"it-IT","potentialAction":[{"@type":"ReadAction","target":["https:\/\/www.fondazioneaibi.it\/faris\/prodotto\/laboratorio-online-la-scrittura-creativa-a-sostegno-dei-genitori-adottivi-di-adolescenti\/"]}]},{"@type":"ImageObject","inLanguage":"it-IT","@id":"https:\/\/www.fondazioneaibi.it\/faris\/prodotto\/laboratorio-online-la-scrittura-creativa-a-sostegno-dei-genitori-adottivi-di-adolescenti\/#primaryimage","url":"https:\/\/www.fondazioneaibi.it\/faris\/wp-content\/uploads\/2024\/05\/sunset-5238044_1280.jpg","contentUrl":"https:\/\/www.fondazioneaibi.it\/faris\/wp-content\/uploads\/2024\/05\/sunset-5238044_1280.jpg","width":1280,"height":854},{"@type":"BreadcrumbList","@id":"https:\/\/www.fondazioneaibi.it\/faris\/prodotto\/laboratorio-online-la-scrittura-creativa-a-sostegno-dei-genitori-adottivi-di-adolescenti\/#breadcrumb","itemListElement":[{"@type":"ListItem","position":1,"name":"Home","item":"https:\/\/www.fondazioneaibi.it\/faris\/"},{"@type":"ListItem","position":2,"name":"Shop","item":"https:\/\/www.fondazioneaibi.it\/faris\/negozio\/"},{"@type":"ListItem","position":3,"name":"LABORATORIO ONLINE La scrittura creativa a sostegno dei genitori adottivi di adolescenti"}]},{"@type":"WebSite","@id":"https:\/\/www.fondazioneaibi.it\/faris\/#website","url":"https:\/\/www.fondazioneaibi.it\/faris\/","name":"Faris","description":"Faris","publisher":{"@id":"https:\/\/www.fondazioneaibi.it\/faris\/#organization"},"potentialAction":[{"@type":"SearchAction","target":{"@type":"EntryPoint","urlTemplate":"https:\/\/www.fondazioneaibi.it\/faris\/?s={search_term_string}"},"query-input":{"@type":"PropertyValueSpecification","valueRequired":true,"valueName":"search_term_string"}}],"inLanguage":"it-IT"},{"@type":"Organization","@id":"https:\/\/www.fondazioneaibi.it\/faris\/#organization","name":"Faris","url":"https:\/\/www.fondazioneaibi.it\/faris\/","logo":{"@type":"ImageObject","inLanguage":"it-IT","@id":"https:\/\/www.fondazioneaibi.it\/faris\/#\/schema\/logo\/image\/","url":"https:\/\/www.fondazioneaibi.it\/faris\/wp-content\/uploads\/2021\/03\/FARIS-LOGO-WEB-SITE-payoff-490x109.png","contentUrl":"https:\/\/www.fondazioneaibi.it\/faris\/wp-content\/uploads\/2021\/03\/FARIS-LOGO-WEB-SITE-payoff-490x109.png","width":494,"height":110,"caption":"Faris"},"image":{"@id":"https:\/\/www.fondazioneaibi.it\/faris\/#\/schema\/logo\/image\/"}}]}},"_links":{"self":[{"href":"https:\/\/www.fondazioneaibi.it\/faris\/wp-json\/wp\/v2\/product\/14088","targetHints":{"allow":["GET"]}}],"collection":[{"href":"https:\/\/www.fondazioneaibi.it\/faris\/wp-json\/wp\/v2\/product"}],"about":[{"href":"https:\/\/www.fondazioneaibi.it\/faris\/wp-json\/wp\/v2\/types\/product"}],"wp:featuredmedia":[{"embeddable":true,"href":"https:\/\/www.fondazioneaibi.it\/faris\/wp-json\/wp\/v2\/media\/13809"}],"wp:attachment":[{"href":"https:\/\/www.fondazioneaibi.it\/faris\/wp-json\/wp\/v2\/media?parent=14088"}],"wp:term":[{"taxonomy":"product_cat","embeddable":true,"href":"https:\/\/www.fondazioneaibi.it\/faris\/wp-json\/wp\/v2\/product_cat?post=14088"},{"taxonomy":"product_tag","embeddable":true,"href":"https:\/\/www.fondazioneaibi.it\/faris\/wp-json\/wp\/v2\/product_tag?post=14088"}],"curies":[{"name":"wp","href":"https:\/\/api.w.org\/{rel}","templated":true}]}}