{"id":12776,"date":"2013-09-18T13:21:26","date_gmt":"2013-09-18T11:21:26","guid":{"rendered":"https:\/\/www.fondazioneaibi.it\/faris\/?post_type=product&#038;p=12776"},"modified":"2023-09-18T14:22:35","modified_gmt":"2023-09-18T12:22:35","slug":"webinar-le-responsabilita-civili-e-panali-delleducatore","status":"publish","type":"product","link":"https:\/\/www.fondazioneaibi.it\/faris\/prodotto\/webinar-le-responsabilita-civili-e-panali-delleducatore\/","title":{"rendered":"WEBINAR Le responsabilit\u00e0 civili e penali dell&#8217;educatore"},"content":{"rendered":"<p><strong>WEBINAR Le responsabilit\u00e0 civili e penali dell&#8217;educatore<\/strong><\/p>\n<p>Il webinar \u00e8 <strong>rivolto a operatori del sociale che lavorano a contatto con l\u2019utenza di riferimento<\/strong>. La conoscenza delle fonti dei propri impegni e delle responsabilit\u00e0, cui va incontro l\u2019educatore nello svolgimento della propria attivit\u00e0, sono fondamentali per poter agire con maggiore tranquillit\u00e0 e professionalit\u00e0 entro i limiti delle sue<br \/>\ncompetenze.<\/p>\n<p><strong>Obiettivi: <\/strong>Dare all\u2019operatore le cognizioni giuridiche di base in relazione al concetto di responsabilit\u00e0 (civile, penale e deontologica), sia contrattuale che extracontrattuale, alle norme applicabili alla sua attivit\u00e0 e alle conseguenze di una eventuale violazione, unitamente agli strumenti giuridici e pratici per attenersi alle previsioni normative.<\/p>\n<p><strong>Metodologia: <\/strong>Il webinar prevede la definizione dei conce@ di responsabilit\u00e0 in ambito civile e penale nonch\u00e9 deontologica in riferimento all\u2019attivit\u00e0 pratia dell\u2019operatore nei confronti sia del beneficiario, sia del datore di lavoro (Cooperativa, Associazione) sia della Pubblica Amministrazione, nonch\u00e9 dei rapporti tra educatori stessi nell\u2019espletamento di un progetto comune. Si svolger\u00e0 attraverso l\u2019illustrazione del contenuto letterale e della interpretazione delle norme giuridiche applicabili, la citazione di casi pratici derivanti da sentenze e di esempi concreti.<\/p>\n<p><strong>Competenze:<\/strong> Confronto, verifica e tangibile miglioramento della consapevolezza del proprio ruolo e delle conseguenze della propria attivit\u00e0 sia in rapporto al beneficiario sia all\u2019interno di un rapporto contrattuale con il proprio datore di lavoro e sia<br \/>\ncon la Pubblica Amministrazione. Consegna di Attestato di Partecipazione.<\/p>\n<p><strong>Programma:<\/strong><br \/>\n<em>Parte 1. Introduzione sulle normative internazionali:<\/em> Definizione di responsabilit\u00e0 (indicazioni delle norme civili, penali e deontologiche, conseguenze delle violazioni, comportamenti richiesti).<br \/>\n<em>Parte 2. La responsabilit\u00e0 civile:<\/em> Contrattuale ed extra-contrattuale dell\u2019operatore verso i beneficiari e verso Terzi.<br \/>\n<em>Parte 3. La responsabilit\u00e0 penale<\/em>: Il significato di dolo e di colpa, la differenza tra negligenza, imperizia e imprudenza.<br \/>\n<em>Parte 4. Il Codice deontologico:<\/em> Le norme di comportamento e rapporto con il datore di lavoro, con la PA, con i colleghi. I danni da risarcimento.<\/p>\n<p><strong>Durata:<\/strong> 3 ore.<\/p>\n<p><strong>Docenza:<\/strong> Luca Rebuscini, Avvocato.<\/p>\n<p>&nbsp;<\/p>\n<p>PIATTAFORMA ZOOM<\/p>\n<p><strong>Per maggiori informazioni \u00e8 possibile contattare la segreteria di FARIS a\u00a0<\/strong><a href=\"mailto:faris@fondazioneaibi.it\"><strong>faris@fondazioneaibi.it<\/strong><\/a><\/p>\n","protected":false},"excerpt":{"rendered":"<p>WEBINAR Le responsabilit\u00e0 civili e penali dell&#8217;educatore Il webinar \u00e8 rivolto a operatori del sociale che lavorano a contatto con l\u2019utenza di riferimento. La conoscenza delle fonti dei propri impegni e delle responsabilit\u00e0, cui va incontro l\u2019educatore nello svolgimento della propria attivit\u00e0, sono fondamentali per poter agire con maggiore tranquillit\u00e0 e professionalit\u00e0 entro i limiti [&hellip;]<\/p>\n","protected":false},"featured_media":10239,"template":"","meta":[],"product_cat":[109],"product_tag":[202],"class_list":["post-12776","product","type-product","status-publish","has-post-thumbnail","hentry","product_cat-operatori-nel-sociale","product_tag-webinar-su-prenotazione"],"yoast_head":"<!-- This site is optimized with the Yoast SEO plugin v26.9 - https:\/\/yoast.com\/product\/yoast-seo-wordpress\/ -->\n<title>WEBINAR Le responsabilit\u00e0 civili e penali dell&#039;educatore - Faris<\/title>\n<meta name=\"robots\" content=\"index, follow, max-snippet:-1, max-image-preview:large, max-video-preview:-1\" \/>\n<link rel=\"canonical\" href=\"https:\/\/www.fondazioneaibi.it\/faris\/prodotto\/webinar-le-responsabilita-civili-e-panali-delleducatore\/\" \/>\n<meta property=\"og:locale\" content=\"it_IT\" \/>\n<meta property=\"og:type\" content=\"article\" \/>\n<meta property=\"og:title\" content=\"WEBINAR Le responsabilit\u00e0 civili e penali dell&#039;educatore - Faris\" \/>\n<meta property=\"og:description\" content=\"WEBINAR Le responsabilit\u00e0 civili e penali dell&#8217;educatore Il webinar \u00e8 rivolto a operatori del sociale che lavorano a contatto con l\u2019utenza di riferimento. La conoscenza delle fonti dei propri impegni e delle responsabilit\u00e0, cui va incontro l\u2019educatore nello svolgimento della propria attivit\u00e0, sono fondamentali per poter agire con maggiore tranquillit\u00e0 e professionalit\u00e0 entro i limiti [&hellip;]\" \/>\n<meta property=\"og:url\" content=\"https:\/\/www.fondazioneaibi.it\/faris\/prodotto\/webinar-le-responsabilita-civili-e-panali-delleducatore\/\" \/>\n<meta property=\"og:site_name\" content=\"Faris\" \/>\n<meta property=\"article:modified_time\" content=\"2023-09-18T12:22:35+00:00\" \/>\n<meta property=\"og:image\" content=\"https:\/\/www.fondazioneaibi.it\/faris\/wp-content\/uploads\/2016\/01\/book-g218ff5221_1920.jpg\" \/>\n\t<meta property=\"og:image:width\" content=\"1920\" \/>\n\t<meta property=\"og:image:height\" content=\"1281\" \/>\n\t<meta property=\"og:image:type\" content=\"image\/jpeg\" \/>\n<meta name=\"twitter:card\" content=\"summary_large_image\" \/>\n<meta name=\"twitter:label1\" content=\"Tempo di lettura stimato\" \/>\n\t<meta name=\"twitter:data1\" content=\"2 minuti\" \/>\n<script type=\"application\/ld+json\" class=\"yoast-schema-graph\">{\"@context\":\"https:\/\/schema.org\",\"@graph\":[{\"@type\":\"WebPage\",\"@id\":\"https:\/\/www.fondazioneaibi.it\/faris\/prodotto\/webinar-le-responsabilita-civili-e-panali-delleducatore\/\",\"url\":\"https:\/\/www.fondazioneaibi.it\/faris\/prodotto\/webinar-le-responsabilita-civili-e-panali-delleducatore\/\",\"name\":\"WEBINAR Le responsabilit\u00e0 civili e penali dell'educatore - Faris\",\"isPartOf\":{\"@id\":\"https:\/\/www.fondazioneaibi.it\/faris\/#website\"},\"primaryImageOfPage\":{\"@id\":\"https:\/\/www.fondazioneaibi.it\/faris\/prodotto\/webinar-le-responsabilita-civili-e-panali-delleducatore\/#primaryimage\"},\"image\":{\"@id\":\"https:\/\/www.fondazioneaibi.it\/faris\/prodotto\/webinar-le-responsabilita-civili-e-panali-delleducatore\/#primaryimage\"},\"thumbnailUrl\":\"https:\/\/www.fondazioneaibi.it\/faris\/wp-content\/uploads\/2016\/01\/book-g218ff5221_1920.jpg\",\"datePublished\":\"2013-09-18T11:21:26+00:00\",\"dateModified\":\"2023-09-18T12:22:35+00:00\",\"breadcrumb\":{\"@id\":\"https:\/\/www.fondazioneaibi.it\/faris\/prodotto\/webinar-le-responsabilita-civili-e-panali-delleducatore\/#breadcrumb\"},\"inLanguage\":\"it-IT\",\"potentialAction\":[{\"@type\":\"ReadAction\",\"target\":[\"https:\/\/www.fondazioneaibi.it\/faris\/prodotto\/webinar-le-responsabilita-civili-e-panali-delleducatore\/\"]}]},{\"@type\":\"ImageObject\",\"inLanguage\":\"it-IT\",\"@id\":\"https:\/\/www.fondazioneaibi.it\/faris\/prodotto\/webinar-le-responsabilita-civili-e-panali-delleducatore\/#primaryimage\",\"url\":\"https:\/\/www.fondazioneaibi.it\/faris\/wp-content\/uploads\/2016\/01\/book-g218ff5221_1920.jpg\",\"contentUrl\":\"https:\/\/www.fondazioneaibi.it\/faris\/wp-content\/uploads\/2016\/01\/book-g218ff5221_1920.jpg\",\"width\":1920,\"height\":1281},{\"@type\":\"BreadcrumbList\",\"@id\":\"https:\/\/www.fondazioneaibi.it\/faris\/prodotto\/webinar-le-responsabilita-civili-e-panali-delleducatore\/#breadcrumb\",\"itemListElement\":[{\"@type\":\"ListItem\",\"position\":1,\"name\":\"Home\",\"item\":\"https:\/\/www.fondazioneaibi.it\/faris\/\"},{\"@type\":\"ListItem\",\"position\":2,\"name\":\"Shop\",\"item\":\"https:\/\/www.fondazioneaibi.it\/faris\/negozio\/\"},{\"@type\":\"ListItem\",\"position\":3,\"name\":\"WEBINAR Le responsabilit\u00e0 civili e penali dell&#8217;educatore\"}]},{\"@type\":\"WebSite\",\"@id\":\"https:\/\/www.fondazioneaibi.it\/faris\/#website\",\"url\":\"https:\/\/www.fondazioneaibi.it\/faris\/\",\"name\":\"Faris\",\"description\":\"Faris\",\"publisher\":{\"@id\":\"https:\/\/www.fondazioneaibi.it\/faris\/#organization\"},\"potentialAction\":[{\"@type\":\"SearchAction\",\"target\":{\"@type\":\"EntryPoint\",\"urlTemplate\":\"https:\/\/www.fondazioneaibi.it\/faris\/?s={search_term_string}\"},\"query-input\":{\"@type\":\"PropertyValueSpecification\",\"valueRequired\":true,\"valueName\":\"search_term_string\"}}],\"inLanguage\":\"it-IT\"},{\"@type\":\"Organization\",\"@id\":\"https:\/\/www.fondazioneaibi.it\/faris\/#organization\",\"name\":\"Faris\",\"url\":\"https:\/\/www.fondazioneaibi.it\/faris\/\",\"logo\":{\"@type\":\"ImageObject\",\"inLanguage\":\"it-IT\",\"@id\":\"https:\/\/www.fondazioneaibi.it\/faris\/#\/schema\/logo\/image\/\",\"url\":\"https:\/\/www.fondazioneaibi.it\/faris\/wp-content\/uploads\/2021\/03\/FARIS-LOGO-WEB-SITE-payoff-490x109.png\",\"contentUrl\":\"https:\/\/www.fondazioneaibi.it\/faris\/wp-content\/uploads\/2021\/03\/FARIS-LOGO-WEB-SITE-payoff-490x109.png\",\"width\":494,\"height\":110,\"caption\":\"Faris\"},\"image\":{\"@id\":\"https:\/\/www.fondazioneaibi.it\/faris\/#\/schema\/logo\/image\/\"}}]}<\/script>\n<!-- \/ Yoast SEO plugin. -->","yoast_head_json":{"title":"WEBINAR Le responsabilit\u00e0 civili e penali dell'educatore - Faris","robots":{"index":"index","follow":"follow","max-snippet":"max-snippet:-1","max-image-preview":"max-image-preview:large","max-video-preview":"max-video-preview:-1"},"canonical":"https:\/\/www.fondazioneaibi.it\/faris\/prodotto\/webinar-le-responsabilita-civili-e-panali-delleducatore\/","og_locale":"it_IT","og_type":"article","og_title":"WEBINAR Le responsabilit\u00e0 civili e penali dell'educatore - Faris","og_description":"WEBINAR Le responsabilit\u00e0 civili e penali dell&#8217;educatore Il webinar \u00e8 rivolto a operatori del sociale che lavorano a contatto con l\u2019utenza di riferimento. La conoscenza delle fonti dei propri impegni e delle responsabilit\u00e0, cui va incontro l\u2019educatore nello svolgimento della propria attivit\u00e0, sono fondamentali per poter agire con maggiore tranquillit\u00e0 e professionalit\u00e0 entro i limiti [&hellip;]","og_url":"https:\/\/www.fondazioneaibi.it\/faris\/prodotto\/webinar-le-responsabilita-civili-e-panali-delleducatore\/","og_site_name":"Faris","article_modified_time":"2023-09-18T12:22:35+00:00","og_image":[{"width":1920,"height":1281,"url":"https:\/\/www.fondazioneaibi.it\/faris\/wp-content\/uploads\/2016\/01\/book-g218ff5221_1920.jpg","type":"image\/jpeg"}],"twitter_card":"summary_large_image","twitter_misc":{"Tempo di lettura stimato":"2 minuti"},"schema":{"@context":"https:\/\/schema.org","@graph":[{"@type":"WebPage","@id":"https:\/\/www.fondazioneaibi.it\/faris\/prodotto\/webinar-le-responsabilita-civili-e-panali-delleducatore\/","url":"https:\/\/www.fondazioneaibi.it\/faris\/prodotto\/webinar-le-responsabilita-civili-e-panali-delleducatore\/","name":"WEBINAR Le responsabilit\u00e0 civili e penali dell'educatore - Faris","isPartOf":{"@id":"https:\/\/www.fondazioneaibi.it\/faris\/#website"},"primaryImageOfPage":{"@id":"https:\/\/www.fondazioneaibi.it\/faris\/prodotto\/webinar-le-responsabilita-civili-e-panali-delleducatore\/#primaryimage"},"image":{"@id":"https:\/\/www.fondazioneaibi.it\/faris\/prodotto\/webinar-le-responsabilita-civili-e-panali-delleducatore\/#primaryimage"},"thumbnailUrl":"https:\/\/www.fondazioneaibi.it\/faris\/wp-content\/uploads\/2016\/01\/book-g218ff5221_1920.jpg","datePublished":"2013-09-18T11:21:26+00:00","dateModified":"2023-09-18T12:22:35+00:00","breadcrumb":{"@id":"https:\/\/www.fondazioneaibi.it\/faris\/prodotto\/webinar-le-responsabilita-civili-e-panali-delleducatore\/#breadcrumb"},"inLanguage":"it-IT","potentialAction":[{"@type":"ReadAction","target":["https:\/\/www.fondazioneaibi.it\/faris\/prodotto\/webinar-le-responsabilita-civili-e-panali-delleducatore\/"]}]},{"@type":"ImageObject","inLanguage":"it-IT","@id":"https:\/\/www.fondazioneaibi.it\/faris\/prodotto\/webinar-le-responsabilita-civili-e-panali-delleducatore\/#primaryimage","url":"https:\/\/www.fondazioneaibi.it\/faris\/wp-content\/uploads\/2016\/01\/book-g218ff5221_1920.jpg","contentUrl":"https:\/\/www.fondazioneaibi.it\/faris\/wp-content\/uploads\/2016\/01\/book-g218ff5221_1920.jpg","width":1920,"height":1281},{"@type":"BreadcrumbList","@id":"https:\/\/www.fondazioneaibi.it\/faris\/prodotto\/webinar-le-responsabilita-civili-e-panali-delleducatore\/#breadcrumb","itemListElement":[{"@type":"ListItem","position":1,"name":"Home","item":"https:\/\/www.fondazioneaibi.it\/faris\/"},{"@type":"ListItem","position":2,"name":"Shop","item":"https:\/\/www.fondazioneaibi.it\/faris\/negozio\/"},{"@type":"ListItem","position":3,"name":"WEBINAR Le responsabilit\u00e0 civili e penali dell&#8217;educatore"}]},{"@type":"WebSite","@id":"https:\/\/www.fondazioneaibi.it\/faris\/#website","url":"https:\/\/www.fondazioneaibi.it\/faris\/","name":"Faris","description":"Faris","publisher":{"@id":"https:\/\/www.fondazioneaibi.it\/faris\/#organization"},"potentialAction":[{"@type":"SearchAction","target":{"@type":"EntryPoint","urlTemplate":"https:\/\/www.fondazioneaibi.it\/faris\/?s={search_term_string}"},"query-input":{"@type":"PropertyValueSpecification","valueRequired":true,"valueName":"search_term_string"}}],"inLanguage":"it-IT"},{"@type":"Organization","@id":"https:\/\/www.fondazioneaibi.it\/faris\/#organization","name":"Faris","url":"https:\/\/www.fondazioneaibi.it\/faris\/","logo":{"@type":"ImageObject","inLanguage":"it-IT","@id":"https:\/\/www.fondazioneaibi.it\/faris\/#\/schema\/logo\/image\/","url":"https:\/\/www.fondazioneaibi.it\/faris\/wp-content\/uploads\/2021\/03\/FARIS-LOGO-WEB-SITE-payoff-490x109.png","contentUrl":"https:\/\/www.fondazioneaibi.it\/faris\/wp-content\/uploads\/2021\/03\/FARIS-LOGO-WEB-SITE-payoff-490x109.png","width":494,"height":110,"caption":"Faris"},"image":{"@id":"https:\/\/www.fondazioneaibi.it\/faris\/#\/schema\/logo\/image\/"}}]}},"_links":{"self":[{"href":"https:\/\/www.fondazioneaibi.it\/faris\/wp-json\/wp\/v2\/product\/12776","targetHints":{"allow":["GET"]}}],"collection":[{"href":"https:\/\/www.fondazioneaibi.it\/faris\/wp-json\/wp\/v2\/product"}],"about":[{"href":"https:\/\/www.fondazioneaibi.it\/faris\/wp-json\/wp\/v2\/types\/product"}],"wp:featuredmedia":[{"embeddable":true,"href":"https:\/\/www.fondazioneaibi.it\/faris\/wp-json\/wp\/v2\/media\/10239"}],"wp:attachment":[{"href":"https:\/\/www.fondazioneaibi.it\/faris\/wp-json\/wp\/v2\/media?parent=12776"}],"wp:term":[{"taxonomy":"product_cat","embeddable":true,"href":"https:\/\/www.fondazioneaibi.it\/faris\/wp-json\/wp\/v2\/product_cat?post=12776"},{"taxonomy":"product_tag","embeddable":true,"href":"https:\/\/www.fondazioneaibi.it\/faris\/wp-json\/wp\/v2\/product_tag?post=12776"}],"curies":[{"name":"wp","href":"https:\/\/api.w.org\/{rel}","templated":true}]}}