{"id":12355,"date":"2023-04-18T10:56:57","date_gmt":"2023-04-18T08:56:57","guid":{"rendered":"https:\/\/www.fondazioneaibi.it\/faris\/?post_type=product&#038;p=12355"},"modified":"2023-04-18T11:12:05","modified_gmt":"2023-04-18T09:12:05","slug":"webinar-benessere-alimentare-in-famiglia-aiuto-mio-figlio-non-mangia-le-verdure","status":"publish","type":"product","link":"https:\/\/www.fondazioneaibi.it\/faris\/prodotto\/webinar-benessere-alimentare-in-famiglia-aiuto-mio-figlio-non-mangia-le-verdure\/","title":{"rendered":"WEBINAR Benessere alimentare in famiglia &#8211; Aiuto! mio figlio non mangia le verdure"},"content":{"rendered":"<p>PIATTAFORMA ZOOM<\/p>\n<p class=\"xmprfx_MsoNormal\">Una sana alimentazione \u00e8 importante ad ogni et\u00e0, ma in modo particolare per i bambini. Mangiare in modo equilibrato negli anni della crescita, infatti, assicura un ottimale sviluppo fisico e cognitivo e contribuisce a mantenere il peso nella norma, scongiurando il rischio di obesit\u00e0, patologia purtroppo oggi sempre pi\u00f9 diffusa tra i pi\u00f9 piccoli. Imparare a mangiare in modo sano permette inoltre di acquisire sane abitudini che il bambino si porter\u00e0 dietro nell\u2019et\u00e0 adulta e che avranno una positiva influenza sulla sua salute anche da grande.<\/p>\n<p>Il webinar ha l&#8217;obiettivo di aiutare i genitori, <strong>attraverso molti esempi pratici<\/strong>, a trovare il modo di offrire gli alimenti pi\u00f9 sani per i propri bambini in maniera appetitosa.<\/p>\n<p class=\"xmprfx_MsoNormal\">Il webinar \u00e8 rivolto ai genitori di <b>bambini dai 4 ai 12 anni<\/b>.<\/p>\n<p><strong>Durata:\u00a0<\/strong>2\u00a0ore<\/p>\n<p>&nbsp;<\/p>\n<p><strong>Docente:<\/strong>\u00a0<a href=\"https:\/\/www.naturalmentechirone.it\/presentazione\/chi-sono\/\">Irene Catanzariti<\/a>,\u00a0<em>Naturopata specializzata in educazione alimentare \u2013 consulente di alimentazione energetica secondo la Medicina Cinese \u2013 iscritta al registro Regionale Discipline Bionaturali della Regione Lombardia e della Regione Toscana.<\/em><\/p>\n<p>&nbsp;<\/p>\n<p><strong>Per maggiori informazioni \u00e8 possibile contattare la segreteria di FARIS a\u00a0<\/strong><a href=\"mailto:faris@fondazioneaibi.it\"><strong>faris@fondazioneaibi.it<\/strong><\/a><\/p>\n","protected":false},"excerpt":{"rendered":"<p>PIATTAFORMA ZOOM Una sana alimentazione \u00e8 importante ad ogni et\u00e0, ma in modo particolare per i bambini. Mangiare in modo equilibrato negli anni della crescita, infatti, assicura un ottimale sviluppo fisico e cognitivo e contribuisce a mantenere il peso nella norma, scongiurando il rischio di obesit\u00e0, patologia purtroppo oggi sempre pi\u00f9 diffusa tra i pi\u00f9 [&hellip;]<\/p>\n","protected":false},"featured_media":12356,"template":"","meta":[],"product_cat":[261,108,269,263],"product_tag":[202],"class_list":["post-12355","product","type-product","status-publish","has-post-thumbnail","hentry","product_cat-benessere-alimentare","product_cat-genitori-e-figli","product_cat-infanzia","product_cat-webinar-su-prenotazione","product_tag-webinar-su-prenotazione"],"yoast_head":"<!-- This site is optimized with the Yoast SEO plugin v26.9 - https:\/\/yoast.com\/product\/yoast-seo-wordpress\/ -->\n<title>WEBINAR Benessere alimentare in famiglia - Aiuto! mio figlio non mangia le verdure - Faris<\/title>\n<meta name=\"robots\" content=\"index, follow, max-snippet:-1, max-image-preview:large, max-video-preview:-1\" \/>\n<link rel=\"canonical\" href=\"https:\/\/www.fondazioneaibi.it\/faris\/prodotto\/webinar-benessere-alimentare-in-famiglia-aiuto-mio-figlio-non-mangia-le-verdure\/\" \/>\n<meta property=\"og:locale\" content=\"it_IT\" \/>\n<meta property=\"og:type\" content=\"article\" \/>\n<meta property=\"og:title\" content=\"WEBINAR Benessere alimentare in famiglia - Aiuto! mio figlio non mangia le verdure - Faris\" \/>\n<meta property=\"og:description\" content=\"PIATTAFORMA ZOOM Una sana alimentazione \u00e8 importante ad ogni et\u00e0, ma in modo particolare per i bambini. Mangiare in modo equilibrato negli anni della crescita, infatti, assicura un ottimale sviluppo fisico e cognitivo e contribuisce a mantenere il peso nella norma, scongiurando il rischio di obesit\u00e0, patologia purtroppo oggi sempre pi\u00f9 diffusa tra i pi\u00f9 [&hellip;]\" \/>\n<meta property=\"og:url\" content=\"https:\/\/www.fondazioneaibi.it\/faris\/prodotto\/webinar-benessere-alimentare-in-famiglia-aiuto-mio-figlio-non-mangia-le-verdure\/\" \/>\n<meta property=\"og:site_name\" content=\"Faris\" \/>\n<meta property=\"article:modified_time\" content=\"2023-04-18T09:12:05+00:00\" \/>\n<meta property=\"og:image\" content=\"https:\/\/www.fondazioneaibi.it\/faris\/wp-content\/uploads\/2023\/04\/salad-g6cada28c0_1920.jpg\" \/>\n\t<meta property=\"og:image:width\" content=\"1920\" \/>\n\t<meta property=\"og:image:height\" content=\"1282\" \/>\n\t<meta property=\"og:image:type\" content=\"image\/jpeg\" \/>\n<meta name=\"twitter:card\" content=\"summary_large_image\" \/>\n<meta name=\"twitter:label1\" content=\"Tempo di lettura stimato\" \/>\n\t<meta name=\"twitter:data1\" content=\"1 minuto\" \/>\n<script type=\"application\/ld+json\" class=\"yoast-schema-graph\">{\"@context\":\"https:\/\/schema.org\",\"@graph\":[{\"@type\":\"WebPage\",\"@id\":\"https:\/\/www.fondazioneaibi.it\/faris\/prodotto\/webinar-benessere-alimentare-in-famiglia-aiuto-mio-figlio-non-mangia-le-verdure\/\",\"url\":\"https:\/\/www.fondazioneaibi.it\/faris\/prodotto\/webinar-benessere-alimentare-in-famiglia-aiuto-mio-figlio-non-mangia-le-verdure\/\",\"name\":\"WEBINAR Benessere alimentare in famiglia - Aiuto! mio figlio non mangia le verdure - Faris\",\"isPartOf\":{\"@id\":\"https:\/\/www.fondazioneaibi.it\/faris\/#website\"},\"primaryImageOfPage\":{\"@id\":\"https:\/\/www.fondazioneaibi.it\/faris\/prodotto\/webinar-benessere-alimentare-in-famiglia-aiuto-mio-figlio-non-mangia-le-verdure\/#primaryimage\"},\"image\":{\"@id\":\"https:\/\/www.fondazioneaibi.it\/faris\/prodotto\/webinar-benessere-alimentare-in-famiglia-aiuto-mio-figlio-non-mangia-le-verdure\/#primaryimage\"},\"thumbnailUrl\":\"https:\/\/www.fondazioneaibi.it\/faris\/wp-content\/uploads\/2023\/04\/salad-g6cada28c0_1920.jpg\",\"datePublished\":\"2023-04-18T08:56:57+00:00\",\"dateModified\":\"2023-04-18T09:12:05+00:00\",\"breadcrumb\":{\"@id\":\"https:\/\/www.fondazioneaibi.it\/faris\/prodotto\/webinar-benessere-alimentare-in-famiglia-aiuto-mio-figlio-non-mangia-le-verdure\/#breadcrumb\"},\"inLanguage\":\"it-IT\",\"potentialAction\":[{\"@type\":\"ReadAction\",\"target\":[\"https:\/\/www.fondazioneaibi.it\/faris\/prodotto\/webinar-benessere-alimentare-in-famiglia-aiuto-mio-figlio-non-mangia-le-verdure\/\"]}]},{\"@type\":\"ImageObject\",\"inLanguage\":\"it-IT\",\"@id\":\"https:\/\/www.fondazioneaibi.it\/faris\/prodotto\/webinar-benessere-alimentare-in-famiglia-aiuto-mio-figlio-non-mangia-le-verdure\/#primaryimage\",\"url\":\"https:\/\/www.fondazioneaibi.it\/faris\/wp-content\/uploads\/2023\/04\/salad-g6cada28c0_1920.jpg\",\"contentUrl\":\"https:\/\/www.fondazioneaibi.it\/faris\/wp-content\/uploads\/2023\/04\/salad-g6cada28c0_1920.jpg\",\"width\":1920,\"height\":1282},{\"@type\":\"BreadcrumbList\",\"@id\":\"https:\/\/www.fondazioneaibi.it\/faris\/prodotto\/webinar-benessere-alimentare-in-famiglia-aiuto-mio-figlio-non-mangia-le-verdure\/#breadcrumb\",\"itemListElement\":[{\"@type\":\"ListItem\",\"position\":1,\"name\":\"Home\",\"item\":\"https:\/\/www.fondazioneaibi.it\/faris\/\"},{\"@type\":\"ListItem\",\"position\":2,\"name\":\"Shop\",\"item\":\"https:\/\/www.fondazioneaibi.it\/faris\/negozio\/\"},{\"@type\":\"ListItem\",\"position\":3,\"name\":\"WEBINAR Benessere alimentare in famiglia &#8211; Aiuto! mio figlio non mangia le verdure\"}]},{\"@type\":\"WebSite\",\"@id\":\"https:\/\/www.fondazioneaibi.it\/faris\/#website\",\"url\":\"https:\/\/www.fondazioneaibi.it\/faris\/\",\"name\":\"Faris\",\"description\":\"Faris\",\"publisher\":{\"@id\":\"https:\/\/www.fondazioneaibi.it\/faris\/#organization\"},\"potentialAction\":[{\"@type\":\"SearchAction\",\"target\":{\"@type\":\"EntryPoint\",\"urlTemplate\":\"https:\/\/www.fondazioneaibi.it\/faris\/?s={search_term_string}\"},\"query-input\":{\"@type\":\"PropertyValueSpecification\",\"valueRequired\":true,\"valueName\":\"search_term_string\"}}],\"inLanguage\":\"it-IT\"},{\"@type\":\"Organization\",\"@id\":\"https:\/\/www.fondazioneaibi.it\/faris\/#organization\",\"name\":\"Faris\",\"url\":\"https:\/\/www.fondazioneaibi.it\/faris\/\",\"logo\":{\"@type\":\"ImageObject\",\"inLanguage\":\"it-IT\",\"@id\":\"https:\/\/www.fondazioneaibi.it\/faris\/#\/schema\/logo\/image\/\",\"url\":\"https:\/\/www.fondazioneaibi.it\/faris\/wp-content\/uploads\/2021\/03\/FARIS-LOGO-WEB-SITE-payoff-490x109.png\",\"contentUrl\":\"https:\/\/www.fondazioneaibi.it\/faris\/wp-content\/uploads\/2021\/03\/FARIS-LOGO-WEB-SITE-payoff-490x109.png\",\"width\":494,\"height\":110,\"caption\":\"Faris\"},\"image\":{\"@id\":\"https:\/\/www.fondazioneaibi.it\/faris\/#\/schema\/logo\/image\/\"}}]}<\/script>\n<!-- \/ Yoast SEO plugin. -->","yoast_head_json":{"title":"WEBINAR Benessere alimentare in famiglia - Aiuto! mio figlio non mangia le verdure - Faris","robots":{"index":"index","follow":"follow","max-snippet":"max-snippet:-1","max-image-preview":"max-image-preview:large","max-video-preview":"max-video-preview:-1"},"canonical":"https:\/\/www.fondazioneaibi.it\/faris\/prodotto\/webinar-benessere-alimentare-in-famiglia-aiuto-mio-figlio-non-mangia-le-verdure\/","og_locale":"it_IT","og_type":"article","og_title":"WEBINAR Benessere alimentare in famiglia - Aiuto! mio figlio non mangia le verdure - Faris","og_description":"PIATTAFORMA ZOOM Una sana alimentazione \u00e8 importante ad ogni et\u00e0, ma in modo particolare per i bambini. Mangiare in modo equilibrato negli anni della crescita, infatti, assicura un ottimale sviluppo fisico e cognitivo e contribuisce a mantenere il peso nella norma, scongiurando il rischio di obesit\u00e0, patologia purtroppo oggi sempre pi\u00f9 diffusa tra i pi\u00f9 [&hellip;]","og_url":"https:\/\/www.fondazioneaibi.it\/faris\/prodotto\/webinar-benessere-alimentare-in-famiglia-aiuto-mio-figlio-non-mangia-le-verdure\/","og_site_name":"Faris","article_modified_time":"2023-04-18T09:12:05+00:00","og_image":[{"width":1920,"height":1282,"url":"https:\/\/www.fondazioneaibi.it\/faris\/wp-content\/uploads\/2023\/04\/salad-g6cada28c0_1920.jpg","type":"image\/jpeg"}],"twitter_card":"summary_large_image","twitter_misc":{"Tempo di lettura stimato":"1 minuto"},"schema":{"@context":"https:\/\/schema.org","@graph":[{"@type":"WebPage","@id":"https:\/\/www.fondazioneaibi.it\/faris\/prodotto\/webinar-benessere-alimentare-in-famiglia-aiuto-mio-figlio-non-mangia-le-verdure\/","url":"https:\/\/www.fondazioneaibi.it\/faris\/prodotto\/webinar-benessere-alimentare-in-famiglia-aiuto-mio-figlio-non-mangia-le-verdure\/","name":"WEBINAR Benessere alimentare in famiglia - Aiuto! mio figlio non mangia le verdure - Faris","isPartOf":{"@id":"https:\/\/www.fondazioneaibi.it\/faris\/#website"},"primaryImageOfPage":{"@id":"https:\/\/www.fondazioneaibi.it\/faris\/prodotto\/webinar-benessere-alimentare-in-famiglia-aiuto-mio-figlio-non-mangia-le-verdure\/#primaryimage"},"image":{"@id":"https:\/\/www.fondazioneaibi.it\/faris\/prodotto\/webinar-benessere-alimentare-in-famiglia-aiuto-mio-figlio-non-mangia-le-verdure\/#primaryimage"},"thumbnailUrl":"https:\/\/www.fondazioneaibi.it\/faris\/wp-content\/uploads\/2023\/04\/salad-g6cada28c0_1920.jpg","datePublished":"2023-04-18T08:56:57+00:00","dateModified":"2023-04-18T09:12:05+00:00","breadcrumb":{"@id":"https:\/\/www.fondazioneaibi.it\/faris\/prodotto\/webinar-benessere-alimentare-in-famiglia-aiuto-mio-figlio-non-mangia-le-verdure\/#breadcrumb"},"inLanguage":"it-IT","potentialAction":[{"@type":"ReadAction","target":["https:\/\/www.fondazioneaibi.it\/faris\/prodotto\/webinar-benessere-alimentare-in-famiglia-aiuto-mio-figlio-non-mangia-le-verdure\/"]}]},{"@type":"ImageObject","inLanguage":"it-IT","@id":"https:\/\/www.fondazioneaibi.it\/faris\/prodotto\/webinar-benessere-alimentare-in-famiglia-aiuto-mio-figlio-non-mangia-le-verdure\/#primaryimage","url":"https:\/\/www.fondazioneaibi.it\/faris\/wp-content\/uploads\/2023\/04\/salad-g6cada28c0_1920.jpg","contentUrl":"https:\/\/www.fondazioneaibi.it\/faris\/wp-content\/uploads\/2023\/04\/salad-g6cada28c0_1920.jpg","width":1920,"height":1282},{"@type":"BreadcrumbList","@id":"https:\/\/www.fondazioneaibi.it\/faris\/prodotto\/webinar-benessere-alimentare-in-famiglia-aiuto-mio-figlio-non-mangia-le-verdure\/#breadcrumb","itemListElement":[{"@type":"ListItem","position":1,"name":"Home","item":"https:\/\/www.fondazioneaibi.it\/faris\/"},{"@type":"ListItem","position":2,"name":"Shop","item":"https:\/\/www.fondazioneaibi.it\/faris\/negozio\/"},{"@type":"ListItem","position":3,"name":"WEBINAR Benessere alimentare in famiglia &#8211; Aiuto! mio figlio non mangia le verdure"}]},{"@type":"WebSite","@id":"https:\/\/www.fondazioneaibi.it\/faris\/#website","url":"https:\/\/www.fondazioneaibi.it\/faris\/","name":"Faris","description":"Faris","publisher":{"@id":"https:\/\/www.fondazioneaibi.it\/faris\/#organization"},"potentialAction":[{"@type":"SearchAction","target":{"@type":"EntryPoint","urlTemplate":"https:\/\/www.fondazioneaibi.it\/faris\/?s={search_term_string}"},"query-input":{"@type":"PropertyValueSpecification","valueRequired":true,"valueName":"search_term_string"}}],"inLanguage":"it-IT"},{"@type":"Organization","@id":"https:\/\/www.fondazioneaibi.it\/faris\/#organization","name":"Faris","url":"https:\/\/www.fondazioneaibi.it\/faris\/","logo":{"@type":"ImageObject","inLanguage":"it-IT","@id":"https:\/\/www.fondazioneaibi.it\/faris\/#\/schema\/logo\/image\/","url":"https:\/\/www.fondazioneaibi.it\/faris\/wp-content\/uploads\/2021\/03\/FARIS-LOGO-WEB-SITE-payoff-490x109.png","contentUrl":"https:\/\/www.fondazioneaibi.it\/faris\/wp-content\/uploads\/2021\/03\/FARIS-LOGO-WEB-SITE-payoff-490x109.png","width":494,"height":110,"caption":"Faris"},"image":{"@id":"https:\/\/www.fondazioneaibi.it\/faris\/#\/schema\/logo\/image\/"}}]}},"_links":{"self":[{"href":"https:\/\/www.fondazioneaibi.it\/faris\/wp-json\/wp\/v2\/product\/12355","targetHints":{"allow":["GET"]}}],"collection":[{"href":"https:\/\/www.fondazioneaibi.it\/faris\/wp-json\/wp\/v2\/product"}],"about":[{"href":"https:\/\/www.fondazioneaibi.it\/faris\/wp-json\/wp\/v2\/types\/product"}],"wp:featuredmedia":[{"embeddable":true,"href":"https:\/\/www.fondazioneaibi.it\/faris\/wp-json\/wp\/v2\/media\/12356"}],"wp:attachment":[{"href":"https:\/\/www.fondazioneaibi.it\/faris\/wp-json\/wp\/v2\/media?parent=12355"}],"wp:term":[{"taxonomy":"product_cat","embeddable":true,"href":"https:\/\/www.fondazioneaibi.it\/faris\/wp-json\/wp\/v2\/product_cat?post=12355"},{"taxonomy":"product_tag","embeddable":true,"href":"https:\/\/www.fondazioneaibi.it\/faris\/wp-json\/wp\/v2\/product_tag?post=12355"}],"curies":[{"name":"wp","href":"https:\/\/api.w.org\/{rel}","templated":true}]}}