{"id":12349,"date":"2023-05-06T05:04:41","date_gmt":"2023-05-06T03:04:41","guid":{"rendered":"https:\/\/www.fondazioneaibi.it\/faris\/?post_type=product&#038;p=12349"},"modified":"2023-12-06T09:32:16","modified_gmt":"2023-12-06T08:32:16","slug":"webinar-famiglia-trucchi-comunicativi-anti-conflitto","status":"publish","type":"product","link":"https:\/\/www.fondazioneaibi.it\/faris\/prodotto\/webinar-famiglia-trucchi-comunicativi-anti-conflitto\/","title":{"rendered":"WEBINAR Famiglia: trucchi comunicativi anti-conflitto"},"content":{"rendered":"<p>PIATTAFORMA ZOOM<\/p>\n<p>Il conflitto \u00e8 una dimensione del vivere in famiglia, sappiamo tutti, per\u00f2, come questo possa diventare dannoso se non gestito ed avere un impatto negativo sulla qualit\u00e0 delle relazioni intrafamiliari.<\/p>\n<p>Certe abilit\u00e0 e tecniche comunicative permettono di evitare che i conflitti &#8220;prendano la meglio&#8221; in famiglia. Il webinar ha l&#8217;obiettivo di fornire consigli e suggerimenti su come instaurare una buona comunicazione in famiglia, per saper ascoltare, valorizzare e coinvolgere.<\/p>\n<p>&nbsp;<\/p>\n<p><strong>Durata:<\/strong> 2 ore.<\/p>\n<p><strong>Docenza:<\/strong> Cristina Riccardi, C<em>ounsellor e Vicepresidente del Forum delle Associazioni Familiari<\/em>.<\/p>\n<p>&nbsp;<\/p>\n<p>Per maggiori informazioni \u00e8 possibile contattare la segreteria di FARIS a\u00a0<a href=\"mailto:faris@fondazioneaibi.it\">faris@fondazioneaibi.it<\/a><\/p>\n","protected":false},"excerpt":{"rendered":"<p>PIATTAFORMA ZOOM Il conflitto \u00e8 una dimensione del vivere in famiglia, sappiamo tutti, per\u00f2, come questo possa diventare dannoso se non gestito ed avere un impatto negativo sulla qualit\u00e0 delle relazioni intrafamiliari. Certe abilit\u00e0 e tecniche comunicative permettono di evitare che i conflitti &#8220;prendano la meglio&#8221; in famiglia. Il webinar ha l&#8217;obiettivo di fornire consigli [&hellip;]<\/p>\n","protected":false},"featured_media":13168,"template":"","meta":[],"product_cat":[108,268,263],"product_tag":[202],"class_list":["post-12349","product","type-product","status-publish","has-post-thumbnail","hentry","product_cat-genitori-e-figli","product_cat-relazioni-ed-empowerment","product_cat-webinar-su-prenotazione","product_tag-webinar-su-prenotazione"],"yoast_head":"<!-- This site is optimized with the Yoast SEO plugin v26.9 - https:\/\/yoast.com\/product\/yoast-seo-wordpress\/ -->\n<title>WEBINAR Famiglia: trucchi comunicativi anti-conflitto - Faris<\/title>\n<meta name=\"robots\" content=\"index, follow, max-snippet:-1, max-image-preview:large, max-video-preview:-1\" \/>\n<link rel=\"canonical\" href=\"https:\/\/www.fondazioneaibi.it\/faris\/prodotto\/webinar-famiglia-trucchi-comunicativi-anti-conflitto\/\" \/>\n<meta property=\"og:locale\" content=\"it_IT\" \/>\n<meta property=\"og:type\" content=\"article\" \/>\n<meta property=\"og:title\" content=\"WEBINAR Famiglia: trucchi comunicativi anti-conflitto - Faris\" \/>\n<meta property=\"og:description\" content=\"PIATTAFORMA ZOOM Il conflitto \u00e8 una dimensione del vivere in famiglia, sappiamo tutti, per\u00f2, come questo possa diventare dannoso se non gestito ed avere un impatto negativo sulla qualit\u00e0 delle relazioni intrafamiliari. Certe abilit\u00e0 e tecniche comunicative permettono di evitare che i conflitti &#8220;prendano la meglio&#8221; in famiglia. Il webinar ha l&#8217;obiettivo di fornire consigli [&hellip;]\" \/>\n<meta property=\"og:url\" content=\"https:\/\/www.fondazioneaibi.it\/faris\/prodotto\/webinar-famiglia-trucchi-comunicativi-anti-conflitto\/\" \/>\n<meta property=\"og:site_name\" content=\"Faris\" \/>\n<meta property=\"article:modified_time\" content=\"2023-12-06T08:32:16+00:00\" \/>\n<meta property=\"og:image\" content=\"https:\/\/www.fondazioneaibi.it\/faris\/wp-content\/uploads\/2023\/12\/minions-363019_1280.jpg\" \/>\n\t<meta property=\"og:image:width\" content=\"1280\" \/>\n\t<meta property=\"og:image:height\" content=\"800\" \/>\n\t<meta property=\"og:image:type\" content=\"image\/jpeg\" \/>\n<meta name=\"twitter:card\" content=\"summary_large_image\" \/>\n<meta name=\"twitter:label1\" content=\"Tempo di lettura stimato\" \/>\n\t<meta name=\"twitter:data1\" content=\"1 minuto\" \/>\n<script type=\"application\/ld+json\" class=\"yoast-schema-graph\">{\"@context\":\"https:\/\/schema.org\",\"@graph\":[{\"@type\":\"WebPage\",\"@id\":\"https:\/\/www.fondazioneaibi.it\/faris\/prodotto\/webinar-famiglia-trucchi-comunicativi-anti-conflitto\/\",\"url\":\"https:\/\/www.fondazioneaibi.it\/faris\/prodotto\/webinar-famiglia-trucchi-comunicativi-anti-conflitto\/\",\"name\":\"WEBINAR Famiglia: trucchi comunicativi anti-conflitto - Faris\",\"isPartOf\":{\"@id\":\"https:\/\/www.fondazioneaibi.it\/faris\/#website\"},\"primaryImageOfPage\":{\"@id\":\"https:\/\/www.fondazioneaibi.it\/faris\/prodotto\/webinar-famiglia-trucchi-comunicativi-anti-conflitto\/#primaryimage\"},\"image\":{\"@id\":\"https:\/\/www.fondazioneaibi.it\/faris\/prodotto\/webinar-famiglia-trucchi-comunicativi-anti-conflitto\/#primaryimage\"},\"thumbnailUrl\":\"https:\/\/www.fondazioneaibi.it\/faris\/wp-content\/uploads\/2023\/12\/minions-363019_1280.jpg\",\"datePublished\":\"2023-05-06T03:04:41+00:00\",\"dateModified\":\"2023-12-06T08:32:16+00:00\",\"breadcrumb\":{\"@id\":\"https:\/\/www.fondazioneaibi.it\/faris\/prodotto\/webinar-famiglia-trucchi-comunicativi-anti-conflitto\/#breadcrumb\"},\"inLanguage\":\"it-IT\",\"potentialAction\":[{\"@type\":\"ReadAction\",\"target\":[\"https:\/\/www.fondazioneaibi.it\/faris\/prodotto\/webinar-famiglia-trucchi-comunicativi-anti-conflitto\/\"]}]},{\"@type\":\"ImageObject\",\"inLanguage\":\"it-IT\",\"@id\":\"https:\/\/www.fondazioneaibi.it\/faris\/prodotto\/webinar-famiglia-trucchi-comunicativi-anti-conflitto\/#primaryimage\",\"url\":\"https:\/\/www.fondazioneaibi.it\/faris\/wp-content\/uploads\/2023\/12\/minions-363019_1280.jpg\",\"contentUrl\":\"https:\/\/www.fondazioneaibi.it\/faris\/wp-content\/uploads\/2023\/12\/minions-363019_1280.jpg\",\"width\":1280,\"height\":800},{\"@type\":\"BreadcrumbList\",\"@id\":\"https:\/\/www.fondazioneaibi.it\/faris\/prodotto\/webinar-famiglia-trucchi-comunicativi-anti-conflitto\/#breadcrumb\",\"itemListElement\":[{\"@type\":\"ListItem\",\"position\":1,\"name\":\"Home\",\"item\":\"https:\/\/www.fondazioneaibi.it\/faris\/\"},{\"@type\":\"ListItem\",\"position\":2,\"name\":\"Shop\",\"item\":\"https:\/\/www.fondazioneaibi.it\/faris\/negozio\/\"},{\"@type\":\"ListItem\",\"position\":3,\"name\":\"WEBINAR Famiglia: trucchi comunicativi anti-conflitto\"}]},{\"@type\":\"WebSite\",\"@id\":\"https:\/\/www.fondazioneaibi.it\/faris\/#website\",\"url\":\"https:\/\/www.fondazioneaibi.it\/faris\/\",\"name\":\"Faris\",\"description\":\"Faris\",\"publisher\":{\"@id\":\"https:\/\/www.fondazioneaibi.it\/faris\/#organization\"},\"potentialAction\":[{\"@type\":\"SearchAction\",\"target\":{\"@type\":\"EntryPoint\",\"urlTemplate\":\"https:\/\/www.fondazioneaibi.it\/faris\/?s={search_term_string}\"},\"query-input\":{\"@type\":\"PropertyValueSpecification\",\"valueRequired\":true,\"valueName\":\"search_term_string\"}}],\"inLanguage\":\"it-IT\"},{\"@type\":\"Organization\",\"@id\":\"https:\/\/www.fondazioneaibi.it\/faris\/#organization\",\"name\":\"Faris\",\"url\":\"https:\/\/www.fondazioneaibi.it\/faris\/\",\"logo\":{\"@type\":\"ImageObject\",\"inLanguage\":\"it-IT\",\"@id\":\"https:\/\/www.fondazioneaibi.it\/faris\/#\/schema\/logo\/image\/\",\"url\":\"https:\/\/www.fondazioneaibi.it\/faris\/wp-content\/uploads\/2021\/03\/FARIS-LOGO-WEB-SITE-payoff-490x109.png\",\"contentUrl\":\"https:\/\/www.fondazioneaibi.it\/faris\/wp-content\/uploads\/2021\/03\/FARIS-LOGO-WEB-SITE-payoff-490x109.png\",\"width\":494,\"height\":110,\"caption\":\"Faris\"},\"image\":{\"@id\":\"https:\/\/www.fondazioneaibi.it\/faris\/#\/schema\/logo\/image\/\"}}]}<\/script>\n<!-- \/ Yoast SEO plugin. -->","yoast_head_json":{"title":"WEBINAR Famiglia: trucchi comunicativi anti-conflitto - Faris","robots":{"index":"index","follow":"follow","max-snippet":"max-snippet:-1","max-image-preview":"max-image-preview:large","max-video-preview":"max-video-preview:-1"},"canonical":"https:\/\/www.fondazioneaibi.it\/faris\/prodotto\/webinar-famiglia-trucchi-comunicativi-anti-conflitto\/","og_locale":"it_IT","og_type":"article","og_title":"WEBINAR Famiglia: trucchi comunicativi anti-conflitto - Faris","og_description":"PIATTAFORMA ZOOM Il conflitto \u00e8 una dimensione del vivere in famiglia, sappiamo tutti, per\u00f2, come questo possa diventare dannoso se non gestito ed avere un impatto negativo sulla qualit\u00e0 delle relazioni intrafamiliari. Certe abilit\u00e0 e tecniche comunicative permettono di evitare che i conflitti &#8220;prendano la meglio&#8221; in famiglia. Il webinar ha l&#8217;obiettivo di fornire consigli [&hellip;]","og_url":"https:\/\/www.fondazioneaibi.it\/faris\/prodotto\/webinar-famiglia-trucchi-comunicativi-anti-conflitto\/","og_site_name":"Faris","article_modified_time":"2023-12-06T08:32:16+00:00","og_image":[{"width":1280,"height":800,"url":"https:\/\/www.fondazioneaibi.it\/faris\/wp-content\/uploads\/2023\/12\/minions-363019_1280.jpg","type":"image\/jpeg"}],"twitter_card":"summary_large_image","twitter_misc":{"Tempo di lettura stimato":"1 minuto"},"schema":{"@context":"https:\/\/schema.org","@graph":[{"@type":"WebPage","@id":"https:\/\/www.fondazioneaibi.it\/faris\/prodotto\/webinar-famiglia-trucchi-comunicativi-anti-conflitto\/","url":"https:\/\/www.fondazioneaibi.it\/faris\/prodotto\/webinar-famiglia-trucchi-comunicativi-anti-conflitto\/","name":"WEBINAR Famiglia: trucchi comunicativi anti-conflitto - Faris","isPartOf":{"@id":"https:\/\/www.fondazioneaibi.it\/faris\/#website"},"primaryImageOfPage":{"@id":"https:\/\/www.fondazioneaibi.it\/faris\/prodotto\/webinar-famiglia-trucchi-comunicativi-anti-conflitto\/#primaryimage"},"image":{"@id":"https:\/\/www.fondazioneaibi.it\/faris\/prodotto\/webinar-famiglia-trucchi-comunicativi-anti-conflitto\/#primaryimage"},"thumbnailUrl":"https:\/\/www.fondazioneaibi.it\/faris\/wp-content\/uploads\/2023\/12\/minions-363019_1280.jpg","datePublished":"2023-05-06T03:04:41+00:00","dateModified":"2023-12-06T08:32:16+00:00","breadcrumb":{"@id":"https:\/\/www.fondazioneaibi.it\/faris\/prodotto\/webinar-famiglia-trucchi-comunicativi-anti-conflitto\/#breadcrumb"},"inLanguage":"it-IT","potentialAction":[{"@type":"ReadAction","target":["https:\/\/www.fondazioneaibi.it\/faris\/prodotto\/webinar-famiglia-trucchi-comunicativi-anti-conflitto\/"]}]},{"@type":"ImageObject","inLanguage":"it-IT","@id":"https:\/\/www.fondazioneaibi.it\/faris\/prodotto\/webinar-famiglia-trucchi-comunicativi-anti-conflitto\/#primaryimage","url":"https:\/\/www.fondazioneaibi.it\/faris\/wp-content\/uploads\/2023\/12\/minions-363019_1280.jpg","contentUrl":"https:\/\/www.fondazioneaibi.it\/faris\/wp-content\/uploads\/2023\/12\/minions-363019_1280.jpg","width":1280,"height":800},{"@type":"BreadcrumbList","@id":"https:\/\/www.fondazioneaibi.it\/faris\/prodotto\/webinar-famiglia-trucchi-comunicativi-anti-conflitto\/#breadcrumb","itemListElement":[{"@type":"ListItem","position":1,"name":"Home","item":"https:\/\/www.fondazioneaibi.it\/faris\/"},{"@type":"ListItem","position":2,"name":"Shop","item":"https:\/\/www.fondazioneaibi.it\/faris\/negozio\/"},{"@type":"ListItem","position":3,"name":"WEBINAR Famiglia: trucchi comunicativi anti-conflitto"}]},{"@type":"WebSite","@id":"https:\/\/www.fondazioneaibi.it\/faris\/#website","url":"https:\/\/www.fondazioneaibi.it\/faris\/","name":"Faris","description":"Faris","publisher":{"@id":"https:\/\/www.fondazioneaibi.it\/faris\/#organization"},"potentialAction":[{"@type":"SearchAction","target":{"@type":"EntryPoint","urlTemplate":"https:\/\/www.fondazioneaibi.it\/faris\/?s={search_term_string}"},"query-input":{"@type":"PropertyValueSpecification","valueRequired":true,"valueName":"search_term_string"}}],"inLanguage":"it-IT"},{"@type":"Organization","@id":"https:\/\/www.fondazioneaibi.it\/faris\/#organization","name":"Faris","url":"https:\/\/www.fondazioneaibi.it\/faris\/","logo":{"@type":"ImageObject","inLanguage":"it-IT","@id":"https:\/\/www.fondazioneaibi.it\/faris\/#\/schema\/logo\/image\/","url":"https:\/\/www.fondazioneaibi.it\/faris\/wp-content\/uploads\/2021\/03\/FARIS-LOGO-WEB-SITE-payoff-490x109.png","contentUrl":"https:\/\/www.fondazioneaibi.it\/faris\/wp-content\/uploads\/2021\/03\/FARIS-LOGO-WEB-SITE-payoff-490x109.png","width":494,"height":110,"caption":"Faris"},"image":{"@id":"https:\/\/www.fondazioneaibi.it\/faris\/#\/schema\/logo\/image\/"}}]}},"_links":{"self":[{"href":"https:\/\/www.fondazioneaibi.it\/faris\/wp-json\/wp\/v2\/product\/12349","targetHints":{"allow":["GET"]}}],"collection":[{"href":"https:\/\/www.fondazioneaibi.it\/faris\/wp-json\/wp\/v2\/product"}],"about":[{"href":"https:\/\/www.fondazioneaibi.it\/faris\/wp-json\/wp\/v2\/types\/product"}],"wp:featuredmedia":[{"embeddable":true,"href":"https:\/\/www.fondazioneaibi.it\/faris\/wp-json\/wp\/v2\/media\/13168"}],"wp:attachment":[{"href":"https:\/\/www.fondazioneaibi.it\/faris\/wp-json\/wp\/v2\/media?parent=12349"}],"wp:term":[{"taxonomy":"product_cat","embeddable":true,"href":"https:\/\/www.fondazioneaibi.it\/faris\/wp-json\/wp\/v2\/product_cat?post=12349"},{"taxonomy":"product_tag","embeddable":true,"href":"https:\/\/www.fondazioneaibi.it\/faris\/wp-json\/wp\/v2\/product_tag?post=12349"}],"curies":[{"name":"wp","href":"https:\/\/api.w.org\/{rel}","templated":true}]}}