{"id":12342,"date":"2023-04-17T15:39:40","date_gmt":"2023-04-17T13:39:40","guid":{"rendered":"https:\/\/www.fondazioneaibi.it\/faris\/?post_type=product&#038;p=12342"},"modified":"2023-04-17T15:39:41","modified_gmt":"2023-04-17T13:39:41","slug":"webinar-la-sessualita-in-adolescenza","status":"publish","type":"product","link":"https:\/\/www.fondazioneaibi.it\/faris\/prodotto\/webinar-la-sessualita-in-adolescenza\/","title":{"rendered":"WEBINAR La sessualit\u00e0 in adolescenza"},"content":{"rendered":"<p>PIATTAFORMA ZOOM<\/p>\n<p>Il webinar \u00e8 rivolto ai <strong>genitori che vogliono avere nuovi spunti di riflessione e suggerimenti sul tema della sessualit\u00e0 in adolescenza<\/strong>. Nel periodo della pubert\u00e0 avvengono grandi cambiamenti fisici e psicologici. Lo sviluppo degli adolescenti ha come fine il raggiungimento della maturit\u00e0 sessuale. Queste trasformazioni avvengono in maniera repentina, tendendo a spaventare e a incuriosire sia i ragazzi stessi che i loro genitori. Gli adolescenti sono portati a rapportarsi sempre di pi\u00f9 con i loro coetanei, con i loro amici. E\u2019 importante per\u00f2 che la famiglia rimanga sullo sfondo come appoggio fondamentale per tutti i passaggi di questo percorso di crescita.<\/p>\n<p>Il webinar verr\u00e0 condotto con la presentazione di contenuti teorici e con il confronto tra i partecipanti sulle seguenti tematiche: la sessualit\u00e0 in adolescenza, la pubert\u00e0, le funzioni della sessualit\u00e0 in adolescenza, i primi innamoramenti, come pu\u00f2 essere vissuta la sessualit\u00e0.<br \/>\nL&#8217;obiettivo \u00e8 quello di dare ai partecipanti nuove conoscenze e spunti di riflessione per capire cosa stanno vivendo i propri figli e trovare nuove strategie relazionali affinch\u00e9 possano accompagnarli nelle tappe evolutive della loro vita.<\/p>\n<p>&nbsp;<\/p>\n<p><strong>Durata<\/strong>: 2 ore<\/p>\n<p>&nbsp;<\/p>\n<p>Formatore:\u00a0<strong>Dott. Diego<\/strong>\u00a0<strong>Moretti<\/strong>:\u00a0<em>Pedagogista, Formatore, Responsabile dell\u2019area minori di AIBC SCS.<\/em><\/p>\n<p>La partecipazione al webinar prevede il rilascio di un attestato di partecipazione.<\/p>\n<p>&nbsp;<\/p>\n<p><strong>Per maggiori informazioni \u00e8 possibile contattare la segreteria di FARIS a\u00a0<\/strong>faris@fondazioneaibi.it<\/p>\n","protected":false},"excerpt":{"rendered":"<p>PIATTAFORMA ZOOM Il webinar \u00e8 rivolto ai genitori che vogliono avere nuovi spunti di riflessione e suggerimenti sul tema della sessualit\u00e0 in adolescenza. Nel periodo della pubert\u00e0 avvengono grandi cambiamenti fisici e psicologici. Lo sviluppo degli adolescenti ha come fine il raggiungimento della maturit\u00e0 sessuale. Queste trasformazioni avvengono in maniera repentina, tendendo a spaventare e [&hellip;]<\/p>\n","protected":false},"featured_media":10582,"template":"","meta":[],"product_cat":[241,108,263],"product_tag":[202],"class_list":["post-12342","product","type-product","status-publish","has-post-thumbnail","hentry","product_cat-adolescenti","product_cat-genitori-e-figli","product_cat-webinar-su-prenotazione","product_tag-webinar-su-prenotazione"],"yoast_head":"<!-- This site is optimized with the Yoast SEO plugin v26.9 - https:\/\/yoast.com\/product\/yoast-seo-wordpress\/ -->\n<title>WEBINAR La sessualit\u00e0 in adolescenza - Faris<\/title>\n<meta name=\"robots\" content=\"index, follow, max-snippet:-1, max-image-preview:large, max-video-preview:-1\" \/>\n<link rel=\"canonical\" href=\"https:\/\/www.fondazioneaibi.it\/faris\/prodotto\/webinar-la-sessualita-in-adolescenza\/\" \/>\n<meta property=\"og:locale\" content=\"it_IT\" \/>\n<meta property=\"og:type\" content=\"article\" \/>\n<meta property=\"og:title\" content=\"WEBINAR La sessualit\u00e0 in adolescenza - Faris\" \/>\n<meta property=\"og:description\" content=\"PIATTAFORMA ZOOM Il webinar \u00e8 rivolto ai genitori che vogliono avere nuovi spunti di riflessione e suggerimenti sul tema della sessualit\u00e0 in adolescenza. Nel periodo della pubert\u00e0 avvengono grandi cambiamenti fisici e psicologici. Lo sviluppo degli adolescenti ha come fine il raggiungimento della maturit\u00e0 sessuale. Queste trasformazioni avvengono in maniera repentina, tendendo a spaventare e [&hellip;]\" \/>\n<meta property=\"og:url\" content=\"https:\/\/www.fondazioneaibi.it\/faris\/prodotto\/webinar-la-sessualita-in-adolescenza\/\" \/>\n<meta property=\"og:site_name\" content=\"Faris\" \/>\n<meta property=\"article:modified_time\" content=\"2023-04-17T13:39:41+00:00\" \/>\n<meta property=\"og:image\" content=\"https:\/\/www.fondazioneaibi.it\/faris\/wp-content\/uploads\/2022\/05\/people-gede870c52_1920.jpg\" \/>\n\t<meta property=\"og:image:width\" content=\"1920\" \/>\n\t<meta property=\"og:image:height\" content=\"1079\" \/>\n\t<meta property=\"og:image:type\" content=\"image\/jpeg\" \/>\n<meta name=\"twitter:card\" content=\"summary_large_image\" \/>\n<meta name=\"twitter:label1\" content=\"Tempo di lettura stimato\" \/>\n\t<meta name=\"twitter:data1\" content=\"2 minuti\" \/>\n<script type=\"application\/ld+json\" class=\"yoast-schema-graph\">{\"@context\":\"https:\/\/schema.org\",\"@graph\":[{\"@type\":\"WebPage\",\"@id\":\"https:\/\/www.fondazioneaibi.it\/faris\/prodotto\/webinar-la-sessualita-in-adolescenza\/\",\"url\":\"https:\/\/www.fondazioneaibi.it\/faris\/prodotto\/webinar-la-sessualita-in-adolescenza\/\",\"name\":\"WEBINAR La sessualit\u00e0 in adolescenza - Faris\",\"isPartOf\":{\"@id\":\"https:\/\/www.fondazioneaibi.it\/faris\/#website\"},\"primaryImageOfPage\":{\"@id\":\"https:\/\/www.fondazioneaibi.it\/faris\/prodotto\/webinar-la-sessualita-in-adolescenza\/#primaryimage\"},\"image\":{\"@id\":\"https:\/\/www.fondazioneaibi.it\/faris\/prodotto\/webinar-la-sessualita-in-adolescenza\/#primaryimage\"},\"thumbnailUrl\":\"https:\/\/www.fondazioneaibi.it\/faris\/wp-content\/uploads\/2022\/05\/people-gede870c52_1920.jpg\",\"datePublished\":\"2023-04-17T13:39:40+00:00\",\"dateModified\":\"2023-04-17T13:39:41+00:00\",\"breadcrumb\":{\"@id\":\"https:\/\/www.fondazioneaibi.it\/faris\/prodotto\/webinar-la-sessualita-in-adolescenza\/#breadcrumb\"},\"inLanguage\":\"it-IT\",\"potentialAction\":[{\"@type\":\"ReadAction\",\"target\":[\"https:\/\/www.fondazioneaibi.it\/faris\/prodotto\/webinar-la-sessualita-in-adolescenza\/\"]}]},{\"@type\":\"ImageObject\",\"inLanguage\":\"it-IT\",\"@id\":\"https:\/\/www.fondazioneaibi.it\/faris\/prodotto\/webinar-la-sessualita-in-adolescenza\/#primaryimage\",\"url\":\"https:\/\/www.fondazioneaibi.it\/faris\/wp-content\/uploads\/2022\/05\/people-gede870c52_1920.jpg\",\"contentUrl\":\"https:\/\/www.fondazioneaibi.it\/faris\/wp-content\/uploads\/2022\/05\/people-gede870c52_1920.jpg\",\"width\":1920,\"height\":1079},{\"@type\":\"BreadcrumbList\",\"@id\":\"https:\/\/www.fondazioneaibi.it\/faris\/prodotto\/webinar-la-sessualita-in-adolescenza\/#breadcrumb\",\"itemListElement\":[{\"@type\":\"ListItem\",\"position\":1,\"name\":\"Home\",\"item\":\"https:\/\/www.fondazioneaibi.it\/faris\/\"},{\"@type\":\"ListItem\",\"position\":2,\"name\":\"Shop\",\"item\":\"https:\/\/www.fondazioneaibi.it\/faris\/negozio\/\"},{\"@type\":\"ListItem\",\"position\":3,\"name\":\"WEBINAR La sessualit\u00e0 in adolescenza\"}]},{\"@type\":\"WebSite\",\"@id\":\"https:\/\/www.fondazioneaibi.it\/faris\/#website\",\"url\":\"https:\/\/www.fondazioneaibi.it\/faris\/\",\"name\":\"Faris\",\"description\":\"Faris\",\"publisher\":{\"@id\":\"https:\/\/www.fondazioneaibi.it\/faris\/#organization\"},\"potentialAction\":[{\"@type\":\"SearchAction\",\"target\":{\"@type\":\"EntryPoint\",\"urlTemplate\":\"https:\/\/www.fondazioneaibi.it\/faris\/?s={search_term_string}\"},\"query-input\":{\"@type\":\"PropertyValueSpecification\",\"valueRequired\":true,\"valueName\":\"search_term_string\"}}],\"inLanguage\":\"it-IT\"},{\"@type\":\"Organization\",\"@id\":\"https:\/\/www.fondazioneaibi.it\/faris\/#organization\",\"name\":\"Faris\",\"url\":\"https:\/\/www.fondazioneaibi.it\/faris\/\",\"logo\":{\"@type\":\"ImageObject\",\"inLanguage\":\"it-IT\",\"@id\":\"https:\/\/www.fondazioneaibi.it\/faris\/#\/schema\/logo\/image\/\",\"url\":\"https:\/\/www.fondazioneaibi.it\/faris\/wp-content\/uploads\/2021\/03\/FARIS-LOGO-WEB-SITE-payoff-490x109.png\",\"contentUrl\":\"https:\/\/www.fondazioneaibi.it\/faris\/wp-content\/uploads\/2021\/03\/FARIS-LOGO-WEB-SITE-payoff-490x109.png\",\"width\":494,\"height\":110,\"caption\":\"Faris\"},\"image\":{\"@id\":\"https:\/\/www.fondazioneaibi.it\/faris\/#\/schema\/logo\/image\/\"}}]}<\/script>\n<!-- \/ Yoast SEO plugin. -->","yoast_head_json":{"title":"WEBINAR La sessualit\u00e0 in adolescenza - Faris","robots":{"index":"index","follow":"follow","max-snippet":"max-snippet:-1","max-image-preview":"max-image-preview:large","max-video-preview":"max-video-preview:-1"},"canonical":"https:\/\/www.fondazioneaibi.it\/faris\/prodotto\/webinar-la-sessualita-in-adolescenza\/","og_locale":"it_IT","og_type":"article","og_title":"WEBINAR La sessualit\u00e0 in adolescenza - Faris","og_description":"PIATTAFORMA ZOOM Il webinar \u00e8 rivolto ai genitori che vogliono avere nuovi spunti di riflessione e suggerimenti sul tema della sessualit\u00e0 in adolescenza. Nel periodo della pubert\u00e0 avvengono grandi cambiamenti fisici e psicologici. Lo sviluppo degli adolescenti ha come fine il raggiungimento della maturit\u00e0 sessuale. Queste trasformazioni avvengono in maniera repentina, tendendo a spaventare e [&hellip;]","og_url":"https:\/\/www.fondazioneaibi.it\/faris\/prodotto\/webinar-la-sessualita-in-adolescenza\/","og_site_name":"Faris","article_modified_time":"2023-04-17T13:39:41+00:00","og_image":[{"width":1920,"height":1079,"url":"https:\/\/www.fondazioneaibi.it\/faris\/wp-content\/uploads\/2022\/05\/people-gede870c52_1920.jpg","type":"image\/jpeg"}],"twitter_card":"summary_large_image","twitter_misc":{"Tempo di lettura stimato":"2 minuti"},"schema":{"@context":"https:\/\/schema.org","@graph":[{"@type":"WebPage","@id":"https:\/\/www.fondazioneaibi.it\/faris\/prodotto\/webinar-la-sessualita-in-adolescenza\/","url":"https:\/\/www.fondazioneaibi.it\/faris\/prodotto\/webinar-la-sessualita-in-adolescenza\/","name":"WEBINAR La sessualit\u00e0 in adolescenza - Faris","isPartOf":{"@id":"https:\/\/www.fondazioneaibi.it\/faris\/#website"},"primaryImageOfPage":{"@id":"https:\/\/www.fondazioneaibi.it\/faris\/prodotto\/webinar-la-sessualita-in-adolescenza\/#primaryimage"},"image":{"@id":"https:\/\/www.fondazioneaibi.it\/faris\/prodotto\/webinar-la-sessualita-in-adolescenza\/#primaryimage"},"thumbnailUrl":"https:\/\/www.fondazioneaibi.it\/faris\/wp-content\/uploads\/2022\/05\/people-gede870c52_1920.jpg","datePublished":"2023-04-17T13:39:40+00:00","dateModified":"2023-04-17T13:39:41+00:00","breadcrumb":{"@id":"https:\/\/www.fondazioneaibi.it\/faris\/prodotto\/webinar-la-sessualita-in-adolescenza\/#breadcrumb"},"inLanguage":"it-IT","potentialAction":[{"@type":"ReadAction","target":["https:\/\/www.fondazioneaibi.it\/faris\/prodotto\/webinar-la-sessualita-in-adolescenza\/"]}]},{"@type":"ImageObject","inLanguage":"it-IT","@id":"https:\/\/www.fondazioneaibi.it\/faris\/prodotto\/webinar-la-sessualita-in-adolescenza\/#primaryimage","url":"https:\/\/www.fondazioneaibi.it\/faris\/wp-content\/uploads\/2022\/05\/people-gede870c52_1920.jpg","contentUrl":"https:\/\/www.fondazioneaibi.it\/faris\/wp-content\/uploads\/2022\/05\/people-gede870c52_1920.jpg","width":1920,"height":1079},{"@type":"BreadcrumbList","@id":"https:\/\/www.fondazioneaibi.it\/faris\/prodotto\/webinar-la-sessualita-in-adolescenza\/#breadcrumb","itemListElement":[{"@type":"ListItem","position":1,"name":"Home","item":"https:\/\/www.fondazioneaibi.it\/faris\/"},{"@type":"ListItem","position":2,"name":"Shop","item":"https:\/\/www.fondazioneaibi.it\/faris\/negozio\/"},{"@type":"ListItem","position":3,"name":"WEBINAR La sessualit\u00e0 in adolescenza"}]},{"@type":"WebSite","@id":"https:\/\/www.fondazioneaibi.it\/faris\/#website","url":"https:\/\/www.fondazioneaibi.it\/faris\/","name":"Faris","description":"Faris","publisher":{"@id":"https:\/\/www.fondazioneaibi.it\/faris\/#organization"},"potentialAction":[{"@type":"SearchAction","target":{"@type":"EntryPoint","urlTemplate":"https:\/\/www.fondazioneaibi.it\/faris\/?s={search_term_string}"},"query-input":{"@type":"PropertyValueSpecification","valueRequired":true,"valueName":"search_term_string"}}],"inLanguage":"it-IT"},{"@type":"Organization","@id":"https:\/\/www.fondazioneaibi.it\/faris\/#organization","name":"Faris","url":"https:\/\/www.fondazioneaibi.it\/faris\/","logo":{"@type":"ImageObject","inLanguage":"it-IT","@id":"https:\/\/www.fondazioneaibi.it\/faris\/#\/schema\/logo\/image\/","url":"https:\/\/www.fondazioneaibi.it\/faris\/wp-content\/uploads\/2021\/03\/FARIS-LOGO-WEB-SITE-payoff-490x109.png","contentUrl":"https:\/\/www.fondazioneaibi.it\/faris\/wp-content\/uploads\/2021\/03\/FARIS-LOGO-WEB-SITE-payoff-490x109.png","width":494,"height":110,"caption":"Faris"},"image":{"@id":"https:\/\/www.fondazioneaibi.it\/faris\/#\/schema\/logo\/image\/"}}]}},"_links":{"self":[{"href":"https:\/\/www.fondazioneaibi.it\/faris\/wp-json\/wp\/v2\/product\/12342","targetHints":{"allow":["GET"]}}],"collection":[{"href":"https:\/\/www.fondazioneaibi.it\/faris\/wp-json\/wp\/v2\/product"}],"about":[{"href":"https:\/\/www.fondazioneaibi.it\/faris\/wp-json\/wp\/v2\/types\/product"}],"wp:featuredmedia":[{"embeddable":true,"href":"https:\/\/www.fondazioneaibi.it\/faris\/wp-json\/wp\/v2\/media\/10582"}],"wp:attachment":[{"href":"https:\/\/www.fondazioneaibi.it\/faris\/wp-json\/wp\/v2\/media?parent=12342"}],"wp:term":[{"taxonomy":"product_cat","embeddable":true,"href":"https:\/\/www.fondazioneaibi.it\/faris\/wp-json\/wp\/v2\/product_cat?post=12342"},{"taxonomy":"product_tag","embeddable":true,"href":"https:\/\/www.fondazioneaibi.it\/faris\/wp-json\/wp\/v2\/product_tag?post=12342"}],"curies":[{"name":"wp","href":"https:\/\/api.w.org\/{rel}","templated":true}]}}