{"id":12293,"date":"2023-04-13T17:00:45","date_gmt":"2023-04-13T15:00:45","guid":{"rendered":"https:\/\/www.fondazioneaibi.it\/faris\/?post_type=product&#038;p=12293"},"modified":"2023-04-13T17:00:45","modified_gmt":"2023-04-13T15:00:45","slug":"webinar-come-nutrirsi-correttamente-lavorando-in-smart-working-2","status":"publish","type":"product","link":"https:\/\/www.fondazioneaibi.it\/faris\/prodotto\/webinar-come-nutrirsi-correttamente-lavorando-in-smart-working-2\/","title":{"rendered":"WEBINAR Come nutrirsi correttamente lavorando in smart working"},"content":{"rendered":"<p>PIATTAFORMA ZOOM<\/p>\n<p>Spesso lo smart working costringe al prepararsi pranzi <em>frettolosi<\/em> e time-saving. Ma siamo cos\u00ec sicuri di nutrirci adeguatamente?<\/p>\n<p>Secondo quanto emerge da un\u2019analisi di Coldiretti su dati Crea (Centro di ricerca alimenti e nutrizione), il 44% degli italiani \u00e8 aumentato di peso a causa del Covid, tra smart working e limitazioni imposte dal lockdown. Il \u201clavoro agile\u201d, in particolare, avrebbe favorito l\u2019adozione di comportamenti poco salutari, come mangiare scorrettamente e diminuire l\u2019attivit\u00e0 fisica.<\/p>\n<p><strong>Il webinar affronter\u00e0 metodi e strategie per imparare a gestire correttamente l\u2019alimentazione della famiglia durante lo smartworking, con suggerimenti pratici e immediatamente attuabili.<\/strong><\/p>\n<p>Pur essendo rivolto in modo particolare a chi lavora in smart working, il webinar fornir\u00e0 consigli utili anche a chi avesse ripreso a lavorare in presenza, perch\u00e9 apprendere le regole base di una corretta alimentazione \u00e8 fondamentale per prendersi davvero cura di se stessi e di coloro a cui si vuole bene.<\/p>\n<p>&nbsp;<\/p>\n<p><strong>Durata<\/strong>: 2 ore<\/p>\n<p><strong>Docenza<\/strong>: <a href=\"https:\/\/www.naturalmentechirone.it\/presentazione\/chi-sono\/\">dott.ssa Irene Catanzariti<\/a> \u2013 naturopata specializzata in educazione alimentare \u2013 consulente di alimentazione energetica secondo la Medicina Cinese \u2013 iscritta al registro Regionale Discipline Bionaturali della Regione Lombardia e della Regione Toscana.<\/p>\n<p>&nbsp;<\/p>\n<p><strong>Per maggiori informazioni \u00e8 possibile contattare la segreteria di FARIS a\u00a0<\/strong><a href=\"mailto:faris@fondazioneaibi.it\"><strong>faris@fondazioneaibi.it<\/strong><\/a><\/p>\n","protected":false},"excerpt":{"rendered":"<p>PIATTAFORMA ZOOM Spesso lo smart working costringe al prepararsi pranzi frettolosi e time-saving. Ma siamo cos\u00ec sicuri di nutrirci adeguatamente? Secondo quanto emerge da un\u2019analisi di Coldiretti su dati Crea (Centro di ricerca alimenti e nutrizione), il 44% degli italiani \u00e8 aumentato di peso a causa del Covid, tra smart working e limitazioni imposte dal [&hellip;]<\/p>\n","protected":false},"featured_media":11817,"template":"","meta":[],"product_cat":[261,108,257,263],"product_tag":[202],"class_list":["post-12293","product","type-product","status-publish","has-post-thumbnail","hentry","product_cat-benessere-alimentare","product_cat-genitori-e-figli","product_cat-benessere-vita-lavoro","product_cat-webinar-su-prenotazione","product_tag-webinar-su-prenotazione"],"yoast_head":"<!-- This site is optimized with the Yoast SEO plugin v26.9 - https:\/\/yoast.com\/product\/yoast-seo-wordpress\/ -->\n<title>WEBINAR Come nutrirsi correttamente lavorando in smart working - Faris<\/title>\n<meta name=\"robots\" content=\"index, follow, max-snippet:-1, max-image-preview:large, max-video-preview:-1\" \/>\n<link rel=\"canonical\" href=\"https:\/\/www.fondazioneaibi.it\/faris\/prodotto\/webinar-come-nutrirsi-correttamente-lavorando-in-smart-working-2\/\" \/>\n<meta property=\"og:locale\" content=\"it_IT\" \/>\n<meta property=\"og:type\" content=\"article\" \/>\n<meta property=\"og:title\" content=\"WEBINAR Come nutrirsi correttamente lavorando in smart working - Faris\" \/>\n<meta property=\"og:description\" content=\"PIATTAFORMA ZOOM Spesso lo smart working costringe al prepararsi pranzi frettolosi e time-saving. Ma siamo cos\u00ec sicuri di nutrirci adeguatamente? Secondo quanto emerge da un\u2019analisi di Coldiretti su dati Crea (Centro di ricerca alimenti e nutrizione), il 44% degli italiani \u00e8 aumentato di peso a causa del Covid, tra smart working e limitazioni imposte dal [&hellip;]\" \/>\n<meta property=\"og:url\" content=\"https:\/\/www.fondazioneaibi.it\/faris\/prodotto\/webinar-come-nutrirsi-correttamente-lavorando-in-smart-working-2\/\" \/>\n<meta property=\"og:site_name\" content=\"Faris\" \/>\n<meta property=\"og:image\" content=\"https:\/\/www.fondazioneaibi.it\/faris\/wp-content\/uploads\/2023\/01\/market-g7ebbfcc40_1920.jpg\" \/>\n\t<meta property=\"og:image:width\" content=\"1920\" \/>\n\t<meta property=\"og:image:height\" content=\"1280\" \/>\n\t<meta property=\"og:image:type\" content=\"image\/jpeg\" \/>\n<meta name=\"twitter:card\" content=\"summary_large_image\" \/>\n<meta name=\"twitter:label1\" content=\"Tempo di lettura stimato\" \/>\n\t<meta name=\"twitter:data1\" content=\"2 minuti\" \/>\n<script type=\"application\/ld+json\" class=\"yoast-schema-graph\">{\"@context\":\"https:\/\/schema.org\",\"@graph\":[{\"@type\":\"WebPage\",\"@id\":\"https:\/\/www.fondazioneaibi.it\/faris\/prodotto\/webinar-come-nutrirsi-correttamente-lavorando-in-smart-working-2\/\",\"url\":\"https:\/\/www.fondazioneaibi.it\/faris\/prodotto\/webinar-come-nutrirsi-correttamente-lavorando-in-smart-working-2\/\",\"name\":\"WEBINAR Come nutrirsi correttamente lavorando in smart working - Faris\",\"isPartOf\":{\"@id\":\"https:\/\/www.fondazioneaibi.it\/faris\/#website\"},\"primaryImageOfPage\":{\"@id\":\"https:\/\/www.fondazioneaibi.it\/faris\/prodotto\/webinar-come-nutrirsi-correttamente-lavorando-in-smart-working-2\/#primaryimage\"},\"image\":{\"@id\":\"https:\/\/www.fondazioneaibi.it\/faris\/prodotto\/webinar-come-nutrirsi-correttamente-lavorando-in-smart-working-2\/#primaryimage\"},\"thumbnailUrl\":\"https:\/\/www.fondazioneaibi.it\/faris\/wp-content\/uploads\/2023\/01\/market-g7ebbfcc40_1920.jpg\",\"datePublished\":\"2023-04-13T15:00:45+00:00\",\"breadcrumb\":{\"@id\":\"https:\/\/www.fondazioneaibi.it\/faris\/prodotto\/webinar-come-nutrirsi-correttamente-lavorando-in-smart-working-2\/#breadcrumb\"},\"inLanguage\":\"it-IT\",\"potentialAction\":[{\"@type\":\"ReadAction\",\"target\":[\"https:\/\/www.fondazioneaibi.it\/faris\/prodotto\/webinar-come-nutrirsi-correttamente-lavorando-in-smart-working-2\/\"]}]},{\"@type\":\"ImageObject\",\"inLanguage\":\"it-IT\",\"@id\":\"https:\/\/www.fondazioneaibi.it\/faris\/prodotto\/webinar-come-nutrirsi-correttamente-lavorando-in-smart-working-2\/#primaryimage\",\"url\":\"https:\/\/www.fondazioneaibi.it\/faris\/wp-content\/uploads\/2023\/01\/market-g7ebbfcc40_1920.jpg\",\"contentUrl\":\"https:\/\/www.fondazioneaibi.it\/faris\/wp-content\/uploads\/2023\/01\/market-g7ebbfcc40_1920.jpg\",\"width\":1920,\"height\":1280},{\"@type\":\"BreadcrumbList\",\"@id\":\"https:\/\/www.fondazioneaibi.it\/faris\/prodotto\/webinar-come-nutrirsi-correttamente-lavorando-in-smart-working-2\/#breadcrumb\",\"itemListElement\":[{\"@type\":\"ListItem\",\"position\":1,\"name\":\"Home\",\"item\":\"https:\/\/www.fondazioneaibi.it\/faris\/\"},{\"@type\":\"ListItem\",\"position\":2,\"name\":\"Shop\",\"item\":\"https:\/\/www.fondazioneaibi.it\/faris\/negozio\/\"},{\"@type\":\"ListItem\",\"position\":3,\"name\":\"WEBINAR Come nutrirsi correttamente lavorando in smart working\"}]},{\"@type\":\"WebSite\",\"@id\":\"https:\/\/www.fondazioneaibi.it\/faris\/#website\",\"url\":\"https:\/\/www.fondazioneaibi.it\/faris\/\",\"name\":\"Faris\",\"description\":\"Faris\",\"publisher\":{\"@id\":\"https:\/\/www.fondazioneaibi.it\/faris\/#organization\"},\"potentialAction\":[{\"@type\":\"SearchAction\",\"target\":{\"@type\":\"EntryPoint\",\"urlTemplate\":\"https:\/\/www.fondazioneaibi.it\/faris\/?s={search_term_string}\"},\"query-input\":{\"@type\":\"PropertyValueSpecification\",\"valueRequired\":true,\"valueName\":\"search_term_string\"}}],\"inLanguage\":\"it-IT\"},{\"@type\":\"Organization\",\"@id\":\"https:\/\/www.fondazioneaibi.it\/faris\/#organization\",\"name\":\"Faris\",\"url\":\"https:\/\/www.fondazioneaibi.it\/faris\/\",\"logo\":{\"@type\":\"ImageObject\",\"inLanguage\":\"it-IT\",\"@id\":\"https:\/\/www.fondazioneaibi.it\/faris\/#\/schema\/logo\/image\/\",\"url\":\"https:\/\/www.fondazioneaibi.it\/faris\/wp-content\/uploads\/2021\/03\/FARIS-LOGO-WEB-SITE-payoff-490x109.png\",\"contentUrl\":\"https:\/\/www.fondazioneaibi.it\/faris\/wp-content\/uploads\/2021\/03\/FARIS-LOGO-WEB-SITE-payoff-490x109.png\",\"width\":494,\"height\":110,\"caption\":\"Faris\"},\"image\":{\"@id\":\"https:\/\/www.fondazioneaibi.it\/faris\/#\/schema\/logo\/image\/\"}}]}<\/script>\n<!-- \/ Yoast SEO plugin. -->","yoast_head_json":{"title":"WEBINAR Come nutrirsi correttamente lavorando in smart working - Faris","robots":{"index":"index","follow":"follow","max-snippet":"max-snippet:-1","max-image-preview":"max-image-preview:large","max-video-preview":"max-video-preview:-1"},"canonical":"https:\/\/www.fondazioneaibi.it\/faris\/prodotto\/webinar-come-nutrirsi-correttamente-lavorando-in-smart-working-2\/","og_locale":"it_IT","og_type":"article","og_title":"WEBINAR Come nutrirsi correttamente lavorando in smart working - Faris","og_description":"PIATTAFORMA ZOOM Spesso lo smart working costringe al prepararsi pranzi frettolosi e time-saving. Ma siamo cos\u00ec sicuri di nutrirci adeguatamente? Secondo quanto emerge da un\u2019analisi di Coldiretti su dati Crea (Centro di ricerca alimenti e nutrizione), il 44% degli italiani \u00e8 aumentato di peso a causa del Covid, tra smart working e limitazioni imposte dal [&hellip;]","og_url":"https:\/\/www.fondazioneaibi.it\/faris\/prodotto\/webinar-come-nutrirsi-correttamente-lavorando-in-smart-working-2\/","og_site_name":"Faris","og_image":[{"width":1920,"height":1280,"url":"https:\/\/www.fondazioneaibi.it\/faris\/wp-content\/uploads\/2023\/01\/market-g7ebbfcc40_1920.jpg","type":"image\/jpeg"}],"twitter_card":"summary_large_image","twitter_misc":{"Tempo di lettura stimato":"2 minuti"},"schema":{"@context":"https:\/\/schema.org","@graph":[{"@type":"WebPage","@id":"https:\/\/www.fondazioneaibi.it\/faris\/prodotto\/webinar-come-nutrirsi-correttamente-lavorando-in-smart-working-2\/","url":"https:\/\/www.fondazioneaibi.it\/faris\/prodotto\/webinar-come-nutrirsi-correttamente-lavorando-in-smart-working-2\/","name":"WEBINAR Come nutrirsi correttamente lavorando in smart working - Faris","isPartOf":{"@id":"https:\/\/www.fondazioneaibi.it\/faris\/#website"},"primaryImageOfPage":{"@id":"https:\/\/www.fondazioneaibi.it\/faris\/prodotto\/webinar-come-nutrirsi-correttamente-lavorando-in-smart-working-2\/#primaryimage"},"image":{"@id":"https:\/\/www.fondazioneaibi.it\/faris\/prodotto\/webinar-come-nutrirsi-correttamente-lavorando-in-smart-working-2\/#primaryimage"},"thumbnailUrl":"https:\/\/www.fondazioneaibi.it\/faris\/wp-content\/uploads\/2023\/01\/market-g7ebbfcc40_1920.jpg","datePublished":"2023-04-13T15:00:45+00:00","breadcrumb":{"@id":"https:\/\/www.fondazioneaibi.it\/faris\/prodotto\/webinar-come-nutrirsi-correttamente-lavorando-in-smart-working-2\/#breadcrumb"},"inLanguage":"it-IT","potentialAction":[{"@type":"ReadAction","target":["https:\/\/www.fondazioneaibi.it\/faris\/prodotto\/webinar-come-nutrirsi-correttamente-lavorando-in-smart-working-2\/"]}]},{"@type":"ImageObject","inLanguage":"it-IT","@id":"https:\/\/www.fondazioneaibi.it\/faris\/prodotto\/webinar-come-nutrirsi-correttamente-lavorando-in-smart-working-2\/#primaryimage","url":"https:\/\/www.fondazioneaibi.it\/faris\/wp-content\/uploads\/2023\/01\/market-g7ebbfcc40_1920.jpg","contentUrl":"https:\/\/www.fondazioneaibi.it\/faris\/wp-content\/uploads\/2023\/01\/market-g7ebbfcc40_1920.jpg","width":1920,"height":1280},{"@type":"BreadcrumbList","@id":"https:\/\/www.fondazioneaibi.it\/faris\/prodotto\/webinar-come-nutrirsi-correttamente-lavorando-in-smart-working-2\/#breadcrumb","itemListElement":[{"@type":"ListItem","position":1,"name":"Home","item":"https:\/\/www.fondazioneaibi.it\/faris\/"},{"@type":"ListItem","position":2,"name":"Shop","item":"https:\/\/www.fondazioneaibi.it\/faris\/negozio\/"},{"@type":"ListItem","position":3,"name":"WEBINAR Come nutrirsi correttamente lavorando in smart working"}]},{"@type":"WebSite","@id":"https:\/\/www.fondazioneaibi.it\/faris\/#website","url":"https:\/\/www.fondazioneaibi.it\/faris\/","name":"Faris","description":"Faris","publisher":{"@id":"https:\/\/www.fondazioneaibi.it\/faris\/#organization"},"potentialAction":[{"@type":"SearchAction","target":{"@type":"EntryPoint","urlTemplate":"https:\/\/www.fondazioneaibi.it\/faris\/?s={search_term_string}"},"query-input":{"@type":"PropertyValueSpecification","valueRequired":true,"valueName":"search_term_string"}}],"inLanguage":"it-IT"},{"@type":"Organization","@id":"https:\/\/www.fondazioneaibi.it\/faris\/#organization","name":"Faris","url":"https:\/\/www.fondazioneaibi.it\/faris\/","logo":{"@type":"ImageObject","inLanguage":"it-IT","@id":"https:\/\/www.fondazioneaibi.it\/faris\/#\/schema\/logo\/image\/","url":"https:\/\/www.fondazioneaibi.it\/faris\/wp-content\/uploads\/2021\/03\/FARIS-LOGO-WEB-SITE-payoff-490x109.png","contentUrl":"https:\/\/www.fondazioneaibi.it\/faris\/wp-content\/uploads\/2021\/03\/FARIS-LOGO-WEB-SITE-payoff-490x109.png","width":494,"height":110,"caption":"Faris"},"image":{"@id":"https:\/\/www.fondazioneaibi.it\/faris\/#\/schema\/logo\/image\/"}}]}},"_links":{"self":[{"href":"https:\/\/www.fondazioneaibi.it\/faris\/wp-json\/wp\/v2\/product\/12293","targetHints":{"allow":["GET"]}}],"collection":[{"href":"https:\/\/www.fondazioneaibi.it\/faris\/wp-json\/wp\/v2\/product"}],"about":[{"href":"https:\/\/www.fondazioneaibi.it\/faris\/wp-json\/wp\/v2\/types\/product"}],"wp:featuredmedia":[{"embeddable":true,"href":"https:\/\/www.fondazioneaibi.it\/faris\/wp-json\/wp\/v2\/media\/11817"}],"wp:attachment":[{"href":"https:\/\/www.fondazioneaibi.it\/faris\/wp-json\/wp\/v2\/media?parent=12293"}],"wp:term":[{"taxonomy":"product_cat","embeddable":true,"href":"https:\/\/www.fondazioneaibi.it\/faris\/wp-json\/wp\/v2\/product_cat?post=12293"},{"taxonomy":"product_tag","embeddable":true,"href":"https:\/\/www.fondazioneaibi.it\/faris\/wp-json\/wp\/v2\/product_tag?post=12293"}],"curies":[{"name":"wp","href":"https:\/\/api.w.org\/{rel}","templated":true}]}}