{"id":12292,"date":"2023-04-13T16:56:38","date_gmt":"2023-04-13T14:56:38","guid":{"rendered":"https:\/\/www.fondazioneaibi.it\/faris\/?post_type=product&#038;p=12292"},"modified":"2023-04-18T10:43:13","modified_gmt":"2023-04-18T08:43:13","slug":"webinar-i-capricci-dei-bambini-in-eta-prescolare-2-5-anni-come-intervenire","status":"publish","type":"product","link":"https:\/\/www.fondazioneaibi.it\/faris\/prodotto\/webinar-i-capricci-dei-bambini-in-eta-prescolare-2-5-anni-come-intervenire\/","title":{"rendered":"WEBINAR I capricci dei bambini in et\u00e0 prescolare (2-5 anni): come intervenire?"},"content":{"rendered":"<p>Il webinar \u00e8 rivolto ai genitori, ai nonni e a tutti quegli adulti di riferimento di bambini in et\u00e0 prescolare (2-5 anni) che vivono un senso di impotenza di fronte ai loro capricci. Spesso si aggiungono anche manifestazioni di irrequietezza, insonnia, agitazione, opposizione o atteggiamenti di sfida che devono metterci in guardia rispetto alle strategie pi\u00f9 idonee da utilizzare.<\/p>\n<p>L\u2019amore che gli adulti possono provare verso un bambino non \u00e8 sufficiente ad accompagnarlo verso la conoscenza di s\u00e9, degli altri e del mondo circostante. Attraverso il rispetto per la sua unicit\u00e0 e lo sviluppo delle nostre capacit\u00e0 di leggere e rispondere in maniera precisa e positiva alle diverse richieste, possiamo addolcire i tratti pi\u00f9 spigolosi, accentuandone la sensibilit\u00e0 e la disponibilit\u00e0, facilitando la loro avventura nel mondo.<\/p>\n<p>Attraverso uno spazio di confronto, l\u2019utilizzo di esempi concreti tratti dalla vita quotidiana di ogni partecipante, verranno proposte nuove possibili strategie da utilizzare quando i propri figli fanno i capricci.<\/p>\n<p>&nbsp;<\/p>\n<p><strong>Durata<\/strong>: 3 ore<\/p>\n<p>&nbsp;<\/p>\n<p>Formatore: <strong>Dott.ssa Rosa Flauto<\/strong>, Pedagogista clinico<\/p>\n<p>&nbsp;<\/p>\n<p><strong>Per maggiori informazioni \u00e8 possibile contattare la segreteria di FARIS a <\/strong><a href=\"mailto:faris@fondazioneaibi.it\">faris@fondazioneaibi.it<\/a><\/p>\n","protected":false},"excerpt":{"rendered":"<p>Il webinar \u00e8 rivolto ai genitori, ai nonni e a tutti quegli adulti di riferimento di bambini in et\u00e0 prescolare (2-5 anni) che vivono un senso di impotenza di fronte ai loro capricci. Spesso si aggiungono anche manifestazioni di irrequietezza, insonnia, agitazione, opposizione o atteggiamenti di sfida che devono metterci in guardia rispetto alle strategie [&hellip;]<\/p>\n","protected":false},"featured_media":11181,"template":"","meta":[],"product_cat":[108,269,263],"product_tag":[202],"class_list":["post-12292","product","type-product","status-publish","has-post-thumbnail","hentry","product_cat-genitori-e-figli","product_cat-infanzia","product_cat-webinar-su-prenotazione","product_tag-webinar-su-prenotazione"],"yoast_head":"<!-- This site is optimized with the Yoast SEO plugin v26.9 - https:\/\/yoast.com\/product\/yoast-seo-wordpress\/ -->\n<title>WEBINAR I capricci dei bambini in et\u00e0 prescolare (2-5 anni): come intervenire? - Faris<\/title>\n<meta name=\"robots\" content=\"index, follow, max-snippet:-1, max-image-preview:large, max-video-preview:-1\" \/>\n<link rel=\"canonical\" href=\"https:\/\/www.fondazioneaibi.it\/faris\/prodotto\/webinar-i-capricci-dei-bambini-in-eta-prescolare-2-5-anni-come-intervenire\/\" \/>\n<meta property=\"og:locale\" content=\"it_IT\" \/>\n<meta property=\"og:type\" content=\"article\" \/>\n<meta property=\"og:title\" content=\"WEBINAR I capricci dei bambini in et\u00e0 prescolare (2-5 anni): come intervenire? - Faris\" \/>\n<meta property=\"og:description\" content=\"Il webinar \u00e8 rivolto ai genitori, ai nonni e a tutti quegli adulti di riferimento di bambini in et\u00e0 prescolare (2-5 anni) che vivono un senso di impotenza di fronte ai loro capricci. Spesso si aggiungono anche manifestazioni di irrequietezza, insonnia, agitazione, opposizione o atteggiamenti di sfida che devono metterci in guardia rispetto alle strategie [&hellip;]\" \/>\n<meta property=\"og:url\" content=\"https:\/\/www.fondazioneaibi.it\/faris\/prodotto\/webinar-i-capricci-dei-bambini-in-eta-prescolare-2-5-anni-come-intervenire\/\" \/>\n<meta property=\"og:site_name\" content=\"Faris\" \/>\n<meta property=\"article:modified_time\" content=\"2023-04-18T08:43:13+00:00\" \/>\n<meta property=\"og:image\" content=\"https:\/\/www.fondazioneaibi.it\/faris\/wp-content\/uploads\/2022\/10\/faris.jpg\" \/>\n\t<meta property=\"og:image:width\" content=\"1200\" \/>\n\t<meta property=\"og:image:height\" content=\"600\" \/>\n\t<meta property=\"og:image:type\" content=\"image\/jpeg\" \/>\n<meta name=\"twitter:card\" content=\"summary_large_image\" \/>\n<meta name=\"twitter:label1\" content=\"Tempo di lettura stimato\" \/>\n\t<meta name=\"twitter:data1\" content=\"1 minuto\" \/>\n<script type=\"application\/ld+json\" class=\"yoast-schema-graph\">{\"@context\":\"https:\/\/schema.org\",\"@graph\":[{\"@type\":\"WebPage\",\"@id\":\"https:\/\/www.fondazioneaibi.it\/faris\/prodotto\/webinar-i-capricci-dei-bambini-in-eta-prescolare-2-5-anni-come-intervenire\/\",\"url\":\"https:\/\/www.fondazioneaibi.it\/faris\/prodotto\/webinar-i-capricci-dei-bambini-in-eta-prescolare-2-5-anni-come-intervenire\/\",\"name\":\"WEBINAR I capricci dei bambini in et\u00e0 prescolare (2-5 anni): come intervenire? - Faris\",\"isPartOf\":{\"@id\":\"https:\/\/www.fondazioneaibi.it\/faris\/#website\"},\"primaryImageOfPage\":{\"@id\":\"https:\/\/www.fondazioneaibi.it\/faris\/prodotto\/webinar-i-capricci-dei-bambini-in-eta-prescolare-2-5-anni-come-intervenire\/#primaryimage\"},\"image\":{\"@id\":\"https:\/\/www.fondazioneaibi.it\/faris\/prodotto\/webinar-i-capricci-dei-bambini-in-eta-prescolare-2-5-anni-come-intervenire\/#primaryimage\"},\"thumbnailUrl\":\"https:\/\/www.fondazioneaibi.it\/faris\/wp-content\/uploads\/2022\/10\/faris.jpg\",\"datePublished\":\"2023-04-13T14:56:38+00:00\",\"dateModified\":\"2023-04-18T08:43:13+00:00\",\"breadcrumb\":{\"@id\":\"https:\/\/www.fondazioneaibi.it\/faris\/prodotto\/webinar-i-capricci-dei-bambini-in-eta-prescolare-2-5-anni-come-intervenire\/#breadcrumb\"},\"inLanguage\":\"it-IT\",\"potentialAction\":[{\"@type\":\"ReadAction\",\"target\":[\"https:\/\/www.fondazioneaibi.it\/faris\/prodotto\/webinar-i-capricci-dei-bambini-in-eta-prescolare-2-5-anni-come-intervenire\/\"]}]},{\"@type\":\"ImageObject\",\"inLanguage\":\"it-IT\",\"@id\":\"https:\/\/www.fondazioneaibi.it\/faris\/prodotto\/webinar-i-capricci-dei-bambini-in-eta-prescolare-2-5-anni-come-intervenire\/#primaryimage\",\"url\":\"https:\/\/www.fondazioneaibi.it\/faris\/wp-content\/uploads\/2022\/10\/faris.jpg\",\"contentUrl\":\"https:\/\/www.fondazioneaibi.it\/faris\/wp-content\/uploads\/2022\/10\/faris.jpg\",\"width\":1200,\"height\":600},{\"@type\":\"BreadcrumbList\",\"@id\":\"https:\/\/www.fondazioneaibi.it\/faris\/prodotto\/webinar-i-capricci-dei-bambini-in-eta-prescolare-2-5-anni-come-intervenire\/#breadcrumb\",\"itemListElement\":[{\"@type\":\"ListItem\",\"position\":1,\"name\":\"Home\",\"item\":\"https:\/\/www.fondazioneaibi.it\/faris\/\"},{\"@type\":\"ListItem\",\"position\":2,\"name\":\"Shop\",\"item\":\"https:\/\/www.fondazioneaibi.it\/faris\/negozio\/\"},{\"@type\":\"ListItem\",\"position\":3,\"name\":\"WEBINAR I capricci dei bambini in et\u00e0 prescolare (2-5 anni): come intervenire?\"}]},{\"@type\":\"WebSite\",\"@id\":\"https:\/\/www.fondazioneaibi.it\/faris\/#website\",\"url\":\"https:\/\/www.fondazioneaibi.it\/faris\/\",\"name\":\"Faris\",\"description\":\"Faris\",\"publisher\":{\"@id\":\"https:\/\/www.fondazioneaibi.it\/faris\/#organization\"},\"potentialAction\":[{\"@type\":\"SearchAction\",\"target\":{\"@type\":\"EntryPoint\",\"urlTemplate\":\"https:\/\/www.fondazioneaibi.it\/faris\/?s={search_term_string}\"},\"query-input\":{\"@type\":\"PropertyValueSpecification\",\"valueRequired\":true,\"valueName\":\"search_term_string\"}}],\"inLanguage\":\"it-IT\"},{\"@type\":\"Organization\",\"@id\":\"https:\/\/www.fondazioneaibi.it\/faris\/#organization\",\"name\":\"Faris\",\"url\":\"https:\/\/www.fondazioneaibi.it\/faris\/\",\"logo\":{\"@type\":\"ImageObject\",\"inLanguage\":\"it-IT\",\"@id\":\"https:\/\/www.fondazioneaibi.it\/faris\/#\/schema\/logo\/image\/\",\"url\":\"https:\/\/www.fondazioneaibi.it\/faris\/wp-content\/uploads\/2021\/03\/FARIS-LOGO-WEB-SITE-payoff-490x109.png\",\"contentUrl\":\"https:\/\/www.fondazioneaibi.it\/faris\/wp-content\/uploads\/2021\/03\/FARIS-LOGO-WEB-SITE-payoff-490x109.png\",\"width\":494,\"height\":110,\"caption\":\"Faris\"},\"image\":{\"@id\":\"https:\/\/www.fondazioneaibi.it\/faris\/#\/schema\/logo\/image\/\"}}]}<\/script>\n<!-- \/ Yoast SEO plugin. -->","yoast_head_json":{"title":"WEBINAR I capricci dei bambini in et\u00e0 prescolare (2-5 anni): come intervenire? - Faris","robots":{"index":"index","follow":"follow","max-snippet":"max-snippet:-1","max-image-preview":"max-image-preview:large","max-video-preview":"max-video-preview:-1"},"canonical":"https:\/\/www.fondazioneaibi.it\/faris\/prodotto\/webinar-i-capricci-dei-bambini-in-eta-prescolare-2-5-anni-come-intervenire\/","og_locale":"it_IT","og_type":"article","og_title":"WEBINAR I capricci dei bambini in et\u00e0 prescolare (2-5 anni): come intervenire? - Faris","og_description":"Il webinar \u00e8 rivolto ai genitori, ai nonni e a tutti quegli adulti di riferimento di bambini in et\u00e0 prescolare (2-5 anni) che vivono un senso di impotenza di fronte ai loro capricci. Spesso si aggiungono anche manifestazioni di irrequietezza, insonnia, agitazione, opposizione o atteggiamenti di sfida che devono metterci in guardia rispetto alle strategie [&hellip;]","og_url":"https:\/\/www.fondazioneaibi.it\/faris\/prodotto\/webinar-i-capricci-dei-bambini-in-eta-prescolare-2-5-anni-come-intervenire\/","og_site_name":"Faris","article_modified_time":"2023-04-18T08:43:13+00:00","og_image":[{"width":1200,"height":600,"url":"https:\/\/www.fondazioneaibi.it\/faris\/wp-content\/uploads\/2022\/10\/faris.jpg","type":"image\/jpeg"}],"twitter_card":"summary_large_image","twitter_misc":{"Tempo di lettura stimato":"1 minuto"},"schema":{"@context":"https:\/\/schema.org","@graph":[{"@type":"WebPage","@id":"https:\/\/www.fondazioneaibi.it\/faris\/prodotto\/webinar-i-capricci-dei-bambini-in-eta-prescolare-2-5-anni-come-intervenire\/","url":"https:\/\/www.fondazioneaibi.it\/faris\/prodotto\/webinar-i-capricci-dei-bambini-in-eta-prescolare-2-5-anni-come-intervenire\/","name":"WEBINAR I capricci dei bambini in et\u00e0 prescolare (2-5 anni): come intervenire? - Faris","isPartOf":{"@id":"https:\/\/www.fondazioneaibi.it\/faris\/#website"},"primaryImageOfPage":{"@id":"https:\/\/www.fondazioneaibi.it\/faris\/prodotto\/webinar-i-capricci-dei-bambini-in-eta-prescolare-2-5-anni-come-intervenire\/#primaryimage"},"image":{"@id":"https:\/\/www.fondazioneaibi.it\/faris\/prodotto\/webinar-i-capricci-dei-bambini-in-eta-prescolare-2-5-anni-come-intervenire\/#primaryimage"},"thumbnailUrl":"https:\/\/www.fondazioneaibi.it\/faris\/wp-content\/uploads\/2022\/10\/faris.jpg","datePublished":"2023-04-13T14:56:38+00:00","dateModified":"2023-04-18T08:43:13+00:00","breadcrumb":{"@id":"https:\/\/www.fondazioneaibi.it\/faris\/prodotto\/webinar-i-capricci-dei-bambini-in-eta-prescolare-2-5-anni-come-intervenire\/#breadcrumb"},"inLanguage":"it-IT","potentialAction":[{"@type":"ReadAction","target":["https:\/\/www.fondazioneaibi.it\/faris\/prodotto\/webinar-i-capricci-dei-bambini-in-eta-prescolare-2-5-anni-come-intervenire\/"]}]},{"@type":"ImageObject","inLanguage":"it-IT","@id":"https:\/\/www.fondazioneaibi.it\/faris\/prodotto\/webinar-i-capricci-dei-bambini-in-eta-prescolare-2-5-anni-come-intervenire\/#primaryimage","url":"https:\/\/www.fondazioneaibi.it\/faris\/wp-content\/uploads\/2022\/10\/faris.jpg","contentUrl":"https:\/\/www.fondazioneaibi.it\/faris\/wp-content\/uploads\/2022\/10\/faris.jpg","width":1200,"height":600},{"@type":"BreadcrumbList","@id":"https:\/\/www.fondazioneaibi.it\/faris\/prodotto\/webinar-i-capricci-dei-bambini-in-eta-prescolare-2-5-anni-come-intervenire\/#breadcrumb","itemListElement":[{"@type":"ListItem","position":1,"name":"Home","item":"https:\/\/www.fondazioneaibi.it\/faris\/"},{"@type":"ListItem","position":2,"name":"Shop","item":"https:\/\/www.fondazioneaibi.it\/faris\/negozio\/"},{"@type":"ListItem","position":3,"name":"WEBINAR I capricci dei bambini in et\u00e0 prescolare (2-5 anni): come intervenire?"}]},{"@type":"WebSite","@id":"https:\/\/www.fondazioneaibi.it\/faris\/#website","url":"https:\/\/www.fondazioneaibi.it\/faris\/","name":"Faris","description":"Faris","publisher":{"@id":"https:\/\/www.fondazioneaibi.it\/faris\/#organization"},"potentialAction":[{"@type":"SearchAction","target":{"@type":"EntryPoint","urlTemplate":"https:\/\/www.fondazioneaibi.it\/faris\/?s={search_term_string}"},"query-input":{"@type":"PropertyValueSpecification","valueRequired":true,"valueName":"search_term_string"}}],"inLanguage":"it-IT"},{"@type":"Organization","@id":"https:\/\/www.fondazioneaibi.it\/faris\/#organization","name":"Faris","url":"https:\/\/www.fondazioneaibi.it\/faris\/","logo":{"@type":"ImageObject","inLanguage":"it-IT","@id":"https:\/\/www.fondazioneaibi.it\/faris\/#\/schema\/logo\/image\/","url":"https:\/\/www.fondazioneaibi.it\/faris\/wp-content\/uploads\/2021\/03\/FARIS-LOGO-WEB-SITE-payoff-490x109.png","contentUrl":"https:\/\/www.fondazioneaibi.it\/faris\/wp-content\/uploads\/2021\/03\/FARIS-LOGO-WEB-SITE-payoff-490x109.png","width":494,"height":110,"caption":"Faris"},"image":{"@id":"https:\/\/www.fondazioneaibi.it\/faris\/#\/schema\/logo\/image\/"}}]}},"_links":{"self":[{"href":"https:\/\/www.fondazioneaibi.it\/faris\/wp-json\/wp\/v2\/product\/12292","targetHints":{"allow":["GET"]}}],"collection":[{"href":"https:\/\/www.fondazioneaibi.it\/faris\/wp-json\/wp\/v2\/product"}],"about":[{"href":"https:\/\/www.fondazioneaibi.it\/faris\/wp-json\/wp\/v2\/types\/product"}],"wp:featuredmedia":[{"embeddable":true,"href":"https:\/\/www.fondazioneaibi.it\/faris\/wp-json\/wp\/v2\/media\/11181"}],"wp:attachment":[{"href":"https:\/\/www.fondazioneaibi.it\/faris\/wp-json\/wp\/v2\/media?parent=12292"}],"wp:term":[{"taxonomy":"product_cat","embeddable":true,"href":"https:\/\/www.fondazioneaibi.it\/faris\/wp-json\/wp\/v2\/product_cat?post=12292"},{"taxonomy":"product_tag","embeddable":true,"href":"https:\/\/www.fondazioneaibi.it\/faris\/wp-json\/wp\/v2\/product_tag?post=12292"}],"curies":[{"name":"wp","href":"https:\/\/api.w.org\/{rel}","templated":true}]}}