{"id":11342,"date":"2022-11-09T10:24:46","date_gmt":"2022-11-09T09:24:46","guid":{"rendered":"https:\/\/www.fondazioneaibi.it\/faris\/?post_type=product&#038;p=11342"},"modified":"2023-04-13T16:22:22","modified_gmt":"2023-04-13T14:22:22","slug":"webinar-la-scienza-della-felicita-benessere-salute-e-produttivita-nellorganizzazione","status":"publish","type":"product","link":"https:\/\/www.fondazioneaibi.it\/faris\/prodotto\/webinar-la-scienza-della-felicita-benessere-salute-e-produttivita-nellorganizzazione\/","title":{"rendered":"WEBINAR La Scienza della Felicit\u00e0: benEssere, salute e produttivit\u00e0 nell\u2019organizzazione"},"content":{"rendered":"<p>PROGRAMMA e DOCENZA:<\/p>\n<p>Sono quasi 30 anni che\u00a0<em>Martin Seligman<\/em>\u00a0ha iniziato a sviluppare la nuova teoria chiamata\u00a0<strong>#Psicologia Positiva*<\/strong>, \u00e8 considerato il fondatore, iniziando cos\u00ec a\u00a0<strong>studiare la FELICIT\u00c0 con rigore SCIENTIFICO<\/strong>, nel suo\u00a0<strong>impatto sulla produttivit\u00e0, sul benessere delle persone e la salute<\/strong>.<\/p>\n<p>Grazie a questi sforzi oggi possiamo parlare della\u00a0<strong>SCIENZA DELLA FELICIT\u00c0<\/strong>\u00a0e di come questa possa essere una risorsa, a disposizione di ognuno di noi e, nelle Organizzazioni, uno strumento utile per\u00a0<em>gli HR<\/em>, per avere un\u00a0<strong>impatto sulla produttivit\u00e0, sul benessere delle persone e sulla salute dei singoli e delle organizzazioni<\/strong>.<\/p>\n<p>&nbsp;<\/p>\n<p>Si usa ritenere che la felicit\u00e0 sia il risultato di un successo o di un raggiungimento oggettivo, ma NO, dopo diversi studi di \u201ccorrelazione\u201d e \u201ccausalit\u00e0\u201d si pu\u00f2 affermare che La FELICIT\u00c0 \u00e8 la CAUSA di:<\/p>\n<p><em>\u2013 Migliore salute e longevit\u00e0<\/em><em><br \/>\n\u2013 Migliori relazioni sociali<br \/>\n\u2013 Migliore produttivit\u00e0 nel lavoro (o studio)<br \/>\n\u2013 Comportamento virtuoso<br \/>\n\u2013 Creativit\u00e0 e innovazione<br \/>\n\u2013 Resilienza<\/em><\/p>\n<p>&nbsp;<\/p>\n<p>Alla base del\u00a0<em>modello di Well-being e Felicit\u00e0<\/em>\u00a0vi \u00e8 la\u00a0<em>Relazione autentica<\/em>, piena di significato, che vede nella\u00a0<strong>COMUNICAZIONE il suo strumento privilegiato<\/strong>.<\/p>\n<p>&nbsp;<\/p>\n<p><strong>Elisabetta Dallavalle<\/strong>\u00a0(<em>Senior Human Capital and Wellbeing Happiness &amp; D&amp;EI Stream Leader, Presidente Associazione Ricerca Felicit\u00e0, Consigliera AIDP Lombardia<\/em>) ci guider\u00e0 alla scoperta della Scienza della Felicit\u00e0 e di come questa pu\u00f2 avere un impatto positivo sulla nostra organizzazione.<\/p>\n<p>&nbsp;<\/p>\n<p><strong>Il webinar \u00e8 rivolto ad HRM e studenti.<\/strong><\/p>\n<p>&nbsp;<\/p>\n<p><strong>Per maggiori informazioni \u00e8 possibile contattare la segreteria di FARIS a\u00a0<\/strong><a href=\"mailto:faris@fondazioneaibi.it\"><strong>faris@fondazioneaibi.it<\/strong><\/a><\/p>\n<p>&nbsp;<\/p>\n<p>PIATTAFORMA ZOOM<\/p>\n<p>&nbsp;<\/p>\n<p><strong>*<\/strong><strong>\u00a0<\/strong>Il termine\u00a0<strong>psicologia positiva<\/strong>\u00a0designa una prospettiva teorica ed applicativa della psicologia che si occupa dello studio del benessere personale, costrutto al centro della qualit\u00e0 della vita.<\/p>\n","protected":false},"excerpt":{"rendered":"<p>PROGRAMMA e DOCENZA: Sono quasi 30 anni che\u00a0Martin Seligman\u00a0ha iniziato a sviluppare la nuova teoria chiamata\u00a0#Psicologia Positiva*, \u00e8 considerato il fondatore, iniziando cos\u00ec a\u00a0studiare la FELICIT\u00c0 con rigore SCIENTIFICO, nel suo\u00a0impatto sulla produttivit\u00e0, sul benessere delle persone e la salute. Grazie a questi sforzi oggi possiamo parlare della\u00a0SCIENZA DELLA FELICIT\u00c0\u00a0e di come questa possa essere [&hellip;]<\/p>\n","protected":false},"featured_media":10996,"template":"","meta":[],"product_cat":[257,263],"product_tag":[202],"class_list":["post-11342","product","type-product","status-publish","has-post-thumbnail","hentry","product_cat-benessere-vita-lavoro","product_cat-webinar-su-prenotazione","product_tag-webinar-su-prenotazione"],"yoast_head":"<!-- This site is optimized with the Yoast SEO plugin v26.9 - https:\/\/yoast.com\/product\/yoast-seo-wordpress\/ -->\n<title>WEBINAR La Scienza della Felicit\u00e0: benEssere, salute e produttivit\u00e0 nell\u2019organizzazione - Faris<\/title>\n<meta name=\"robots\" content=\"index, follow, max-snippet:-1, max-image-preview:large, max-video-preview:-1\" \/>\n<link rel=\"canonical\" href=\"https:\/\/www.fondazioneaibi.it\/faris\/prodotto\/webinar-la-scienza-della-felicita-benessere-salute-e-produttivita-nellorganizzazione\/\" \/>\n<meta property=\"og:locale\" content=\"it_IT\" \/>\n<meta property=\"og:type\" content=\"article\" \/>\n<meta property=\"og:title\" content=\"WEBINAR La Scienza della Felicit\u00e0: benEssere, salute e produttivit\u00e0 nell\u2019organizzazione - Faris\" \/>\n<meta property=\"og:description\" content=\"PROGRAMMA e DOCENZA: Sono quasi 30 anni che\u00a0Martin Seligman\u00a0ha iniziato a sviluppare la nuova teoria chiamata\u00a0#Psicologia Positiva*, \u00e8 considerato il fondatore, iniziando cos\u00ec a\u00a0studiare la FELICIT\u00c0 con rigore SCIENTIFICO, nel suo\u00a0impatto sulla produttivit\u00e0, sul benessere delle persone e la salute. Grazie a questi sforzi oggi possiamo parlare della\u00a0SCIENZA DELLA FELICIT\u00c0\u00a0e di come questa possa essere [&hellip;]\" \/>\n<meta property=\"og:url\" content=\"https:\/\/www.fondazioneaibi.it\/faris\/prodotto\/webinar-la-scienza-della-felicita-benessere-salute-e-produttivita-nellorganizzazione\/\" \/>\n<meta property=\"og:site_name\" content=\"Faris\" \/>\n<meta property=\"article:modified_time\" content=\"2023-04-13T14:22:22+00:00\" \/>\n<meta property=\"og:image\" content=\"https:\/\/www.fondazioneaibi.it\/faris\/wp-content\/uploads\/2022\/09\/girl-gb9baa94ad_1920.jpg\" \/>\n\t<meta property=\"og:image:width\" content=\"1920\" \/>\n\t<meta property=\"og:image:height\" content=\"1280\" \/>\n\t<meta property=\"og:image:type\" content=\"image\/jpeg\" \/>\n<meta name=\"twitter:card\" content=\"summary_large_image\" \/>\n<meta name=\"twitter:label1\" content=\"Tempo di lettura stimato\" \/>\n\t<meta name=\"twitter:data1\" content=\"2 minuti\" \/>\n<script type=\"application\/ld+json\" class=\"yoast-schema-graph\">{\"@context\":\"https:\/\/schema.org\",\"@graph\":[{\"@type\":\"WebPage\",\"@id\":\"https:\/\/www.fondazioneaibi.it\/faris\/prodotto\/webinar-la-scienza-della-felicita-benessere-salute-e-produttivita-nellorganizzazione\/\",\"url\":\"https:\/\/www.fondazioneaibi.it\/faris\/prodotto\/webinar-la-scienza-della-felicita-benessere-salute-e-produttivita-nellorganizzazione\/\",\"name\":\"WEBINAR La Scienza della Felicit\u00e0: benEssere, salute e produttivit\u00e0 nell\u2019organizzazione - Faris\",\"isPartOf\":{\"@id\":\"https:\/\/www.fondazioneaibi.it\/faris\/#website\"},\"primaryImageOfPage\":{\"@id\":\"https:\/\/www.fondazioneaibi.it\/faris\/prodotto\/webinar-la-scienza-della-felicita-benessere-salute-e-produttivita-nellorganizzazione\/#primaryimage\"},\"image\":{\"@id\":\"https:\/\/www.fondazioneaibi.it\/faris\/prodotto\/webinar-la-scienza-della-felicita-benessere-salute-e-produttivita-nellorganizzazione\/#primaryimage\"},\"thumbnailUrl\":\"https:\/\/www.fondazioneaibi.it\/faris\/wp-content\/uploads\/2022\/09\/girl-gb9baa94ad_1920.jpg\",\"datePublished\":\"2022-11-09T09:24:46+00:00\",\"dateModified\":\"2023-04-13T14:22:22+00:00\",\"breadcrumb\":{\"@id\":\"https:\/\/www.fondazioneaibi.it\/faris\/prodotto\/webinar-la-scienza-della-felicita-benessere-salute-e-produttivita-nellorganizzazione\/#breadcrumb\"},\"inLanguage\":\"it-IT\",\"potentialAction\":[{\"@type\":\"ReadAction\",\"target\":[\"https:\/\/www.fondazioneaibi.it\/faris\/prodotto\/webinar-la-scienza-della-felicita-benessere-salute-e-produttivita-nellorganizzazione\/\"]}]},{\"@type\":\"ImageObject\",\"inLanguage\":\"it-IT\",\"@id\":\"https:\/\/www.fondazioneaibi.it\/faris\/prodotto\/webinar-la-scienza-della-felicita-benessere-salute-e-produttivita-nellorganizzazione\/#primaryimage\",\"url\":\"https:\/\/www.fondazioneaibi.it\/faris\/wp-content\/uploads\/2022\/09\/girl-gb9baa94ad_1920.jpg\",\"contentUrl\":\"https:\/\/www.fondazioneaibi.it\/faris\/wp-content\/uploads\/2022\/09\/girl-gb9baa94ad_1920.jpg\",\"width\":1920,\"height\":1280},{\"@type\":\"BreadcrumbList\",\"@id\":\"https:\/\/www.fondazioneaibi.it\/faris\/prodotto\/webinar-la-scienza-della-felicita-benessere-salute-e-produttivita-nellorganizzazione\/#breadcrumb\",\"itemListElement\":[{\"@type\":\"ListItem\",\"position\":1,\"name\":\"Home\",\"item\":\"https:\/\/www.fondazioneaibi.it\/faris\/\"},{\"@type\":\"ListItem\",\"position\":2,\"name\":\"Shop\",\"item\":\"https:\/\/www.fondazioneaibi.it\/faris\/negozio\/\"},{\"@type\":\"ListItem\",\"position\":3,\"name\":\"WEBINAR La Scienza della Felicit\u00e0: benEssere, salute e produttivit\u00e0 nell\u2019organizzazione\"}]},{\"@type\":\"WebSite\",\"@id\":\"https:\/\/www.fondazioneaibi.it\/faris\/#website\",\"url\":\"https:\/\/www.fondazioneaibi.it\/faris\/\",\"name\":\"Faris\",\"description\":\"Faris\",\"publisher\":{\"@id\":\"https:\/\/www.fondazioneaibi.it\/faris\/#organization\"},\"potentialAction\":[{\"@type\":\"SearchAction\",\"target\":{\"@type\":\"EntryPoint\",\"urlTemplate\":\"https:\/\/www.fondazioneaibi.it\/faris\/?s={search_term_string}\"},\"query-input\":{\"@type\":\"PropertyValueSpecification\",\"valueRequired\":true,\"valueName\":\"search_term_string\"}}],\"inLanguage\":\"it-IT\"},{\"@type\":\"Organization\",\"@id\":\"https:\/\/www.fondazioneaibi.it\/faris\/#organization\",\"name\":\"Faris\",\"url\":\"https:\/\/www.fondazioneaibi.it\/faris\/\",\"logo\":{\"@type\":\"ImageObject\",\"inLanguage\":\"it-IT\",\"@id\":\"https:\/\/www.fondazioneaibi.it\/faris\/#\/schema\/logo\/image\/\",\"url\":\"https:\/\/www.fondazioneaibi.it\/faris\/wp-content\/uploads\/2021\/03\/FARIS-LOGO-WEB-SITE-payoff-490x109.png\",\"contentUrl\":\"https:\/\/www.fondazioneaibi.it\/faris\/wp-content\/uploads\/2021\/03\/FARIS-LOGO-WEB-SITE-payoff-490x109.png\",\"width\":494,\"height\":110,\"caption\":\"Faris\"},\"image\":{\"@id\":\"https:\/\/www.fondazioneaibi.it\/faris\/#\/schema\/logo\/image\/\"}}]}<\/script>\n<!-- \/ Yoast SEO plugin. -->","yoast_head_json":{"title":"WEBINAR La Scienza della Felicit\u00e0: benEssere, salute e produttivit\u00e0 nell\u2019organizzazione - Faris","robots":{"index":"index","follow":"follow","max-snippet":"max-snippet:-1","max-image-preview":"max-image-preview:large","max-video-preview":"max-video-preview:-1"},"canonical":"https:\/\/www.fondazioneaibi.it\/faris\/prodotto\/webinar-la-scienza-della-felicita-benessere-salute-e-produttivita-nellorganizzazione\/","og_locale":"it_IT","og_type":"article","og_title":"WEBINAR La Scienza della Felicit\u00e0: benEssere, salute e produttivit\u00e0 nell\u2019organizzazione - Faris","og_description":"PROGRAMMA e DOCENZA: Sono quasi 30 anni che\u00a0Martin Seligman\u00a0ha iniziato a sviluppare la nuova teoria chiamata\u00a0#Psicologia Positiva*, \u00e8 considerato il fondatore, iniziando cos\u00ec a\u00a0studiare la FELICIT\u00c0 con rigore SCIENTIFICO, nel suo\u00a0impatto sulla produttivit\u00e0, sul benessere delle persone e la salute. Grazie a questi sforzi oggi possiamo parlare della\u00a0SCIENZA DELLA FELICIT\u00c0\u00a0e di come questa possa essere [&hellip;]","og_url":"https:\/\/www.fondazioneaibi.it\/faris\/prodotto\/webinar-la-scienza-della-felicita-benessere-salute-e-produttivita-nellorganizzazione\/","og_site_name":"Faris","article_modified_time":"2023-04-13T14:22:22+00:00","og_image":[{"width":1920,"height":1280,"url":"https:\/\/www.fondazioneaibi.it\/faris\/wp-content\/uploads\/2022\/09\/girl-gb9baa94ad_1920.jpg","type":"image\/jpeg"}],"twitter_card":"summary_large_image","twitter_misc":{"Tempo di lettura stimato":"2 minuti"},"schema":{"@context":"https:\/\/schema.org","@graph":[{"@type":"WebPage","@id":"https:\/\/www.fondazioneaibi.it\/faris\/prodotto\/webinar-la-scienza-della-felicita-benessere-salute-e-produttivita-nellorganizzazione\/","url":"https:\/\/www.fondazioneaibi.it\/faris\/prodotto\/webinar-la-scienza-della-felicita-benessere-salute-e-produttivita-nellorganizzazione\/","name":"WEBINAR La Scienza della Felicit\u00e0: benEssere, salute e produttivit\u00e0 nell\u2019organizzazione - Faris","isPartOf":{"@id":"https:\/\/www.fondazioneaibi.it\/faris\/#website"},"primaryImageOfPage":{"@id":"https:\/\/www.fondazioneaibi.it\/faris\/prodotto\/webinar-la-scienza-della-felicita-benessere-salute-e-produttivita-nellorganizzazione\/#primaryimage"},"image":{"@id":"https:\/\/www.fondazioneaibi.it\/faris\/prodotto\/webinar-la-scienza-della-felicita-benessere-salute-e-produttivita-nellorganizzazione\/#primaryimage"},"thumbnailUrl":"https:\/\/www.fondazioneaibi.it\/faris\/wp-content\/uploads\/2022\/09\/girl-gb9baa94ad_1920.jpg","datePublished":"2022-11-09T09:24:46+00:00","dateModified":"2023-04-13T14:22:22+00:00","breadcrumb":{"@id":"https:\/\/www.fondazioneaibi.it\/faris\/prodotto\/webinar-la-scienza-della-felicita-benessere-salute-e-produttivita-nellorganizzazione\/#breadcrumb"},"inLanguage":"it-IT","potentialAction":[{"@type":"ReadAction","target":["https:\/\/www.fondazioneaibi.it\/faris\/prodotto\/webinar-la-scienza-della-felicita-benessere-salute-e-produttivita-nellorganizzazione\/"]}]},{"@type":"ImageObject","inLanguage":"it-IT","@id":"https:\/\/www.fondazioneaibi.it\/faris\/prodotto\/webinar-la-scienza-della-felicita-benessere-salute-e-produttivita-nellorganizzazione\/#primaryimage","url":"https:\/\/www.fondazioneaibi.it\/faris\/wp-content\/uploads\/2022\/09\/girl-gb9baa94ad_1920.jpg","contentUrl":"https:\/\/www.fondazioneaibi.it\/faris\/wp-content\/uploads\/2022\/09\/girl-gb9baa94ad_1920.jpg","width":1920,"height":1280},{"@type":"BreadcrumbList","@id":"https:\/\/www.fondazioneaibi.it\/faris\/prodotto\/webinar-la-scienza-della-felicita-benessere-salute-e-produttivita-nellorganizzazione\/#breadcrumb","itemListElement":[{"@type":"ListItem","position":1,"name":"Home","item":"https:\/\/www.fondazioneaibi.it\/faris\/"},{"@type":"ListItem","position":2,"name":"Shop","item":"https:\/\/www.fondazioneaibi.it\/faris\/negozio\/"},{"@type":"ListItem","position":3,"name":"WEBINAR La Scienza della Felicit\u00e0: benEssere, salute e produttivit\u00e0 nell\u2019organizzazione"}]},{"@type":"WebSite","@id":"https:\/\/www.fondazioneaibi.it\/faris\/#website","url":"https:\/\/www.fondazioneaibi.it\/faris\/","name":"Faris","description":"Faris","publisher":{"@id":"https:\/\/www.fondazioneaibi.it\/faris\/#organization"},"potentialAction":[{"@type":"SearchAction","target":{"@type":"EntryPoint","urlTemplate":"https:\/\/www.fondazioneaibi.it\/faris\/?s={search_term_string}"},"query-input":{"@type":"PropertyValueSpecification","valueRequired":true,"valueName":"search_term_string"}}],"inLanguage":"it-IT"},{"@type":"Organization","@id":"https:\/\/www.fondazioneaibi.it\/faris\/#organization","name":"Faris","url":"https:\/\/www.fondazioneaibi.it\/faris\/","logo":{"@type":"ImageObject","inLanguage":"it-IT","@id":"https:\/\/www.fondazioneaibi.it\/faris\/#\/schema\/logo\/image\/","url":"https:\/\/www.fondazioneaibi.it\/faris\/wp-content\/uploads\/2021\/03\/FARIS-LOGO-WEB-SITE-payoff-490x109.png","contentUrl":"https:\/\/www.fondazioneaibi.it\/faris\/wp-content\/uploads\/2021\/03\/FARIS-LOGO-WEB-SITE-payoff-490x109.png","width":494,"height":110,"caption":"Faris"},"image":{"@id":"https:\/\/www.fondazioneaibi.it\/faris\/#\/schema\/logo\/image\/"}}]}},"_links":{"self":[{"href":"https:\/\/www.fondazioneaibi.it\/faris\/wp-json\/wp\/v2\/product\/11342","targetHints":{"allow":["GET"]}}],"collection":[{"href":"https:\/\/www.fondazioneaibi.it\/faris\/wp-json\/wp\/v2\/product"}],"about":[{"href":"https:\/\/www.fondazioneaibi.it\/faris\/wp-json\/wp\/v2\/types\/product"}],"wp:featuredmedia":[{"embeddable":true,"href":"https:\/\/www.fondazioneaibi.it\/faris\/wp-json\/wp\/v2\/media\/10996"}],"wp:attachment":[{"href":"https:\/\/www.fondazioneaibi.it\/faris\/wp-json\/wp\/v2\/media?parent=11342"}],"wp:term":[{"taxonomy":"product_cat","embeddable":true,"href":"https:\/\/www.fondazioneaibi.it\/faris\/wp-json\/wp\/v2\/product_cat?post=11342"},{"taxonomy":"product_tag","embeddable":true,"href":"https:\/\/www.fondazioneaibi.it\/faris\/wp-json\/wp\/v2\/product_tag?post=11342"}],"curies":[{"name":"wp","href":"https:\/\/api.w.org\/{rel}","templated":true}]}}