{"id":11199,"date":"2022-10-13T11:27:43","date_gmt":"2022-10-13T09:27:43","guid":{"rendered":"https:\/\/www.fondazioneaibi.it\/faris\/?post_type=product&#038;p=11199"},"modified":"2023-04-13T16:16:11","modified_gmt":"2023-04-13T14:16:11","slug":"corso-on-line-come-aprire-una-casa-famiglia-per-minori-su-prenotazione","status":"publish","type":"product","link":"https:\/\/www.fondazioneaibi.it\/faris\/prodotto\/corso-on-line-come-aprire-una-casa-famiglia-per-minori-su-prenotazione\/","title":{"rendered":"Corso online Come aprire una casa famiglia per minori"},"content":{"rendered":"<p><strong>CORSO On Line: Come aprire una Casa Famiglia per minori<\/strong><\/p>\n<p><strong>Presentazione.<\/strong><\/p>\n<p>Il corso \u00e8 rivolto a tutte le famiglie che stanno pensando di aprire una Casa famiglia e ha il duplice obiettivo di fornire sia degli strumenti pratici sulla gestione di una comunit\u00e0 familiare che degli spunti di riflessione e autovalutazione sul proprio coinvolgimento in questo \u201cprogetto di vita\u201d. Il corso \u00e8 immaginato perch\u00e9 una famiglia acquisisca quante pi\u00f9 informazioni possibili per essere in grado di compiere questo passo in modo quanto pi\u00f9 consapevole.<\/p>\n<p>Il corso si articola in sette appuntamenti che verranno tenuti interamente online tramite piattaforma ZOOM.<\/p>\n<p>Verr\u00e0 rilasciato un\u00a0<em>attestato di partecipazione<\/em>\u00a0a chi avr\u00e0 partecipato con una frequenza minima del 75%.<\/p>\n<p>&nbsp;<\/p>\n<p><strong>Programma.<\/strong><\/p>\n<p><strong><em>Modulo 1: Casa Famiglia, il quadro normativo<\/em><\/strong><\/p>\n<p>Argomenti:<\/p>\n<ul>\n<li>La Casa Famiglia \u00e8 un servizio regolamentato e soggetto a vigilanza: alla scoperta della normativa di riferimento e i requisiti strutturali e gestionali.<\/li>\n<li>Cos\u2019\u00e8 l\u2019ente gestore: ruolo, funzioni e responsabilit\u00e0. Gli obblighi della legge 81\/08 sulla sicurezza sul lavoro.<\/li>\n<li>La vigilanza da parte degli enti preposti: chi vigila cosa?<\/li>\n<\/ul>\n<p>Docenza:\u00a0<strong>Dott.sa Maria Galeazzi<\/strong>\u00a0<em>\u2013 Responsabile delle procedure di autorizzazione al funzionamento e accreditamento per le strutture di accoglienza di AiBi Amici dei Bambini e AIBC cooperativa sociale.<\/em><\/p>\n<p>&nbsp;<\/p>\n<p><strong><em>Modulo 2: I minori che accogliamo<\/em><\/strong><\/p>\n<p>Argomenti:<\/p>\n<ul>\n<li>I vissuti e i bisogni dei minori che vengono collocati.<\/li>\n<li>La proposta di inserimento criteri per valutare l\u2019opportunit\u00e0 di un collocamento.<\/li>\n<li>Le accoglienze e le loro evoluzioni.<\/li>\n<li>Le famiglie di origine dei minori e i loro rapporti con la Casa famiglia.<\/li>\n<li>Chi siamo pronti ad accogliere? Suggerimenti per un\u2019autovalutazione.<\/li>\n<\/ul>\n<p>Docenza:\u00a0<strong>Dott.ssa Valentina Bresciani<\/strong>\u00a0<em>\u2013 Responsabile dell\u2019Area Servizi di accoglienza nuclei monogenitoriali\u00a0per AIBC cooperativa sociale.<\/em>\u00a0<strong>Dott.ssa Sonia Albini<\/strong>\u00a0\u2013<em>\u00a0Assistente Sociale \u2013 Area Affido e Coordinatrice Alloggi per l\u2019Autonomia per AIBC.<\/em><\/p>\n<p>&nbsp;<\/p>\n<p><strong><em>Modulo 3: Casa famiglia: la famiglia e gli altri attori<\/em><\/strong><\/p>\n<p>Argomenti:<\/p>\n<ul>\n<li>La famiglia e il personale di supporto: ruoli e funzioni di ciascuno.<\/li>\n<li>Relazioni con gli enti invianti: servizi sociali, enti locali e tribunale per i Minorenni. Gli aspetti progettuali e quelli amministrativi.<\/li>\n<\/ul>\n<p>Docenza:\u00a0<strong>Dott.sa Maria Galeazzi<\/strong>\u00a0<em>\u2013 Responsabile delle procedure di autorizzazione al funzionamento e accreditamento per le strutture di accoglienza di AiBi Amici dei Bambini e AIBC cooperativa sociale.<\/em><\/p>\n<p>&nbsp;<\/p>\n<p><strong><em>Modulo 4: Gli strumenti della Casa Famiglia<\/em><\/strong><\/p>\n<p>Argomenti:<\/p>\n<ul>\n<li>Gli strumenti tecnici di un servizio residenziale: il Progetto educativo individualizzato, le relazioni di aggiornamento ai Servizi e al Tribunale, il diario di bordo, l\u2019equipe, la supervisione.<\/li>\n<\/ul>\n<p>Docenza:\u00a0<strong>Dott.ssa Valentina Bresciani<\/strong>\u00a0<em>\u2013 Responsabile dell\u2019Area Servizi di accoglienza nuclei monogenitoriali\u00a0per AIBC cooperativa sociale.\u00a0<\/em><strong>Dott.ssa Rosa Flauto<\/strong><em>\u00a0\u2013 Pedagogista per AIBC cooperativa sociale.<\/em><\/p>\n<p>&nbsp;<\/p>\n<p>Al termine del corso sar\u00e0 possibile, per i partecipanti, richiedere\u00a0<strong>consulenza ad hoc<\/strong>\u00a0sui seguenti temi:<\/p>\n<ul>\n<li>Indicazioni per costituirsi ente gestore.<\/li>\n<li>La procedura per autorizzazione al funzionamento una comunit\u00e0 familiare.<\/li>\n<\/ul>\n<p>&nbsp;<\/p>\n<p>Click su\u00a0<em>Prenota questo webinar<\/em>, ti contatteremo quando verranno stabilite le date e avrai la precedenza sull&#8217;iscrizione.<\/p>\n<p><strong>Per maggiori informazioni \u00e8 possibile contattare la segreteria di FARIS a\u00a0<\/strong><a href=\"mailto:faris@fondazioneaibi.it\"><strong>faris@fondazioneaibi.it<\/strong><\/a><\/p>\n","protected":false},"excerpt":{"rendered":"<p>CORSO On Line: Come aprire una Casa Famiglia per minori Presentazione. Il corso \u00e8 rivolto a tutte le famiglie che stanno pensando di aprire una Casa famiglia e ha il duplice obiettivo di fornire sia degli strumenti pratici sulla gestione di una comunit\u00e0 familiare che degli spunti di riflessione e autovalutazione sul proprio coinvolgimento in [&hellip;]<\/p>\n","protected":false},"featured_media":10621,"template":"","meta":[],"product_cat":[107,109,263],"product_tag":[202],"class_list":["post-11199","product","type-product","status-publish","has-post-thumbnail","hentry","product_cat-affido-familiare","product_cat-operatori-nel-sociale","product_cat-webinar-su-prenotazione","product_tag-webinar-su-prenotazione"],"yoast_head":"<!-- This site is optimized with the Yoast SEO plugin v26.9 - https:\/\/yoast.com\/product\/yoast-seo-wordpress\/ -->\n<title>Corso online Come aprire una casa famiglia per minori - Faris<\/title>\n<meta name=\"robots\" content=\"index, follow, max-snippet:-1, max-image-preview:large, max-video-preview:-1\" \/>\n<link rel=\"canonical\" href=\"https:\/\/www.fondazioneaibi.it\/faris\/prodotto\/corso-on-line-come-aprire-una-casa-famiglia-per-minori-su-prenotazione\/\" \/>\n<meta property=\"og:locale\" content=\"it_IT\" \/>\n<meta property=\"og:type\" content=\"article\" \/>\n<meta property=\"og:title\" content=\"Corso online Come aprire una casa famiglia per minori - Faris\" \/>\n<meta property=\"og:description\" content=\"CORSO On Line: Come aprire una Casa Famiglia per minori Presentazione. Il corso \u00e8 rivolto a tutte le famiglie che stanno pensando di aprire una Casa famiglia e ha il duplice obiettivo di fornire sia degli strumenti pratici sulla gestione di una comunit\u00e0 familiare che degli spunti di riflessione e autovalutazione sul proprio coinvolgimento in [&hellip;]\" \/>\n<meta property=\"og:url\" content=\"https:\/\/www.fondazioneaibi.it\/faris\/prodotto\/corso-on-line-come-aprire-una-casa-famiglia-per-minori-su-prenotazione\/\" \/>\n<meta property=\"og:site_name\" content=\"Faris\" \/>\n<meta property=\"article:modified_time\" content=\"2023-04-13T14:16:11+00:00\" \/>\n<meta property=\"og:image\" content=\"https:\/\/www.fondazioneaibi.it\/faris\/wp-content\/uploads\/2022\/06\/casa-famiglia.jpg\" \/>\n\t<meta property=\"og:image:width\" content=\"1200\" \/>\n\t<meta property=\"og:image:height\" content=\"630\" \/>\n\t<meta property=\"og:image:type\" content=\"image\/jpeg\" \/>\n<meta name=\"twitter:card\" content=\"summary_large_image\" \/>\n<meta name=\"twitter:label1\" content=\"Tempo di lettura stimato\" \/>\n\t<meta name=\"twitter:data1\" content=\"3 minuti\" \/>\n<script type=\"application\/ld+json\" class=\"yoast-schema-graph\">{\"@context\":\"https:\/\/schema.org\",\"@graph\":[{\"@type\":\"WebPage\",\"@id\":\"https:\/\/www.fondazioneaibi.it\/faris\/prodotto\/corso-on-line-come-aprire-una-casa-famiglia-per-minori-su-prenotazione\/\",\"url\":\"https:\/\/www.fondazioneaibi.it\/faris\/prodotto\/corso-on-line-come-aprire-una-casa-famiglia-per-minori-su-prenotazione\/\",\"name\":\"Corso online Come aprire una casa famiglia per minori - Faris\",\"isPartOf\":{\"@id\":\"https:\/\/www.fondazioneaibi.it\/faris\/#website\"},\"primaryImageOfPage\":{\"@id\":\"https:\/\/www.fondazioneaibi.it\/faris\/prodotto\/corso-on-line-come-aprire-una-casa-famiglia-per-minori-su-prenotazione\/#primaryimage\"},\"image\":{\"@id\":\"https:\/\/www.fondazioneaibi.it\/faris\/prodotto\/corso-on-line-come-aprire-una-casa-famiglia-per-minori-su-prenotazione\/#primaryimage\"},\"thumbnailUrl\":\"https:\/\/www.fondazioneaibi.it\/faris\/wp-content\/uploads\/2022\/06\/casa-famiglia.jpg\",\"datePublished\":\"2022-10-13T09:27:43+00:00\",\"dateModified\":\"2023-04-13T14:16:11+00:00\",\"breadcrumb\":{\"@id\":\"https:\/\/www.fondazioneaibi.it\/faris\/prodotto\/corso-on-line-come-aprire-una-casa-famiglia-per-minori-su-prenotazione\/#breadcrumb\"},\"inLanguage\":\"it-IT\",\"potentialAction\":[{\"@type\":\"ReadAction\",\"target\":[\"https:\/\/www.fondazioneaibi.it\/faris\/prodotto\/corso-on-line-come-aprire-una-casa-famiglia-per-minori-su-prenotazione\/\"]}]},{\"@type\":\"ImageObject\",\"inLanguage\":\"it-IT\",\"@id\":\"https:\/\/www.fondazioneaibi.it\/faris\/prodotto\/corso-on-line-come-aprire-una-casa-famiglia-per-minori-su-prenotazione\/#primaryimage\",\"url\":\"https:\/\/www.fondazioneaibi.it\/faris\/wp-content\/uploads\/2022\/06\/casa-famiglia.jpg\",\"contentUrl\":\"https:\/\/www.fondazioneaibi.it\/faris\/wp-content\/uploads\/2022\/06\/casa-famiglia.jpg\",\"width\":1200,\"height\":630},{\"@type\":\"BreadcrumbList\",\"@id\":\"https:\/\/www.fondazioneaibi.it\/faris\/prodotto\/corso-on-line-come-aprire-una-casa-famiglia-per-minori-su-prenotazione\/#breadcrumb\",\"itemListElement\":[{\"@type\":\"ListItem\",\"position\":1,\"name\":\"Home\",\"item\":\"https:\/\/www.fondazioneaibi.it\/faris\/\"},{\"@type\":\"ListItem\",\"position\":2,\"name\":\"Shop\",\"item\":\"https:\/\/www.fondazioneaibi.it\/faris\/negozio\/\"},{\"@type\":\"ListItem\",\"position\":3,\"name\":\"Corso online Come aprire una casa famiglia per minori\"}]},{\"@type\":\"WebSite\",\"@id\":\"https:\/\/www.fondazioneaibi.it\/faris\/#website\",\"url\":\"https:\/\/www.fondazioneaibi.it\/faris\/\",\"name\":\"Faris\",\"description\":\"Faris\",\"publisher\":{\"@id\":\"https:\/\/www.fondazioneaibi.it\/faris\/#organization\"},\"potentialAction\":[{\"@type\":\"SearchAction\",\"target\":{\"@type\":\"EntryPoint\",\"urlTemplate\":\"https:\/\/www.fondazioneaibi.it\/faris\/?s={search_term_string}\"},\"query-input\":{\"@type\":\"PropertyValueSpecification\",\"valueRequired\":true,\"valueName\":\"search_term_string\"}}],\"inLanguage\":\"it-IT\"},{\"@type\":\"Organization\",\"@id\":\"https:\/\/www.fondazioneaibi.it\/faris\/#organization\",\"name\":\"Faris\",\"url\":\"https:\/\/www.fondazioneaibi.it\/faris\/\",\"logo\":{\"@type\":\"ImageObject\",\"inLanguage\":\"it-IT\",\"@id\":\"https:\/\/www.fondazioneaibi.it\/faris\/#\/schema\/logo\/image\/\",\"url\":\"https:\/\/www.fondazioneaibi.it\/faris\/wp-content\/uploads\/2021\/03\/FARIS-LOGO-WEB-SITE-payoff-490x109.png\",\"contentUrl\":\"https:\/\/www.fondazioneaibi.it\/faris\/wp-content\/uploads\/2021\/03\/FARIS-LOGO-WEB-SITE-payoff-490x109.png\",\"width\":494,\"height\":110,\"caption\":\"Faris\"},\"image\":{\"@id\":\"https:\/\/www.fondazioneaibi.it\/faris\/#\/schema\/logo\/image\/\"}}]}<\/script>\n<!-- \/ Yoast SEO plugin. -->","yoast_head_json":{"title":"Corso online Come aprire una casa famiglia per minori - Faris","robots":{"index":"index","follow":"follow","max-snippet":"max-snippet:-1","max-image-preview":"max-image-preview:large","max-video-preview":"max-video-preview:-1"},"canonical":"https:\/\/www.fondazioneaibi.it\/faris\/prodotto\/corso-on-line-come-aprire-una-casa-famiglia-per-minori-su-prenotazione\/","og_locale":"it_IT","og_type":"article","og_title":"Corso online Come aprire una casa famiglia per minori - Faris","og_description":"CORSO On Line: Come aprire una Casa Famiglia per minori Presentazione. Il corso \u00e8 rivolto a tutte le famiglie che stanno pensando di aprire una Casa famiglia e ha il duplice obiettivo di fornire sia degli strumenti pratici sulla gestione di una comunit\u00e0 familiare che degli spunti di riflessione e autovalutazione sul proprio coinvolgimento in [&hellip;]","og_url":"https:\/\/www.fondazioneaibi.it\/faris\/prodotto\/corso-on-line-come-aprire-una-casa-famiglia-per-minori-su-prenotazione\/","og_site_name":"Faris","article_modified_time":"2023-04-13T14:16:11+00:00","og_image":[{"width":1200,"height":630,"url":"https:\/\/www.fondazioneaibi.it\/faris\/wp-content\/uploads\/2022\/06\/casa-famiglia.jpg","type":"image\/jpeg"}],"twitter_card":"summary_large_image","twitter_misc":{"Tempo di lettura stimato":"3 minuti"},"schema":{"@context":"https:\/\/schema.org","@graph":[{"@type":"WebPage","@id":"https:\/\/www.fondazioneaibi.it\/faris\/prodotto\/corso-on-line-come-aprire-una-casa-famiglia-per-minori-su-prenotazione\/","url":"https:\/\/www.fondazioneaibi.it\/faris\/prodotto\/corso-on-line-come-aprire-una-casa-famiglia-per-minori-su-prenotazione\/","name":"Corso online Come aprire una casa famiglia per minori - Faris","isPartOf":{"@id":"https:\/\/www.fondazioneaibi.it\/faris\/#website"},"primaryImageOfPage":{"@id":"https:\/\/www.fondazioneaibi.it\/faris\/prodotto\/corso-on-line-come-aprire-una-casa-famiglia-per-minori-su-prenotazione\/#primaryimage"},"image":{"@id":"https:\/\/www.fondazioneaibi.it\/faris\/prodotto\/corso-on-line-come-aprire-una-casa-famiglia-per-minori-su-prenotazione\/#primaryimage"},"thumbnailUrl":"https:\/\/www.fondazioneaibi.it\/faris\/wp-content\/uploads\/2022\/06\/casa-famiglia.jpg","datePublished":"2022-10-13T09:27:43+00:00","dateModified":"2023-04-13T14:16:11+00:00","breadcrumb":{"@id":"https:\/\/www.fondazioneaibi.it\/faris\/prodotto\/corso-on-line-come-aprire-una-casa-famiglia-per-minori-su-prenotazione\/#breadcrumb"},"inLanguage":"it-IT","potentialAction":[{"@type":"ReadAction","target":["https:\/\/www.fondazioneaibi.it\/faris\/prodotto\/corso-on-line-come-aprire-una-casa-famiglia-per-minori-su-prenotazione\/"]}]},{"@type":"ImageObject","inLanguage":"it-IT","@id":"https:\/\/www.fondazioneaibi.it\/faris\/prodotto\/corso-on-line-come-aprire-una-casa-famiglia-per-minori-su-prenotazione\/#primaryimage","url":"https:\/\/www.fondazioneaibi.it\/faris\/wp-content\/uploads\/2022\/06\/casa-famiglia.jpg","contentUrl":"https:\/\/www.fondazioneaibi.it\/faris\/wp-content\/uploads\/2022\/06\/casa-famiglia.jpg","width":1200,"height":630},{"@type":"BreadcrumbList","@id":"https:\/\/www.fondazioneaibi.it\/faris\/prodotto\/corso-on-line-come-aprire-una-casa-famiglia-per-minori-su-prenotazione\/#breadcrumb","itemListElement":[{"@type":"ListItem","position":1,"name":"Home","item":"https:\/\/www.fondazioneaibi.it\/faris\/"},{"@type":"ListItem","position":2,"name":"Shop","item":"https:\/\/www.fondazioneaibi.it\/faris\/negozio\/"},{"@type":"ListItem","position":3,"name":"Corso online Come aprire una casa famiglia per minori"}]},{"@type":"WebSite","@id":"https:\/\/www.fondazioneaibi.it\/faris\/#website","url":"https:\/\/www.fondazioneaibi.it\/faris\/","name":"Faris","description":"Faris","publisher":{"@id":"https:\/\/www.fondazioneaibi.it\/faris\/#organization"},"potentialAction":[{"@type":"SearchAction","target":{"@type":"EntryPoint","urlTemplate":"https:\/\/www.fondazioneaibi.it\/faris\/?s={search_term_string}"},"query-input":{"@type":"PropertyValueSpecification","valueRequired":true,"valueName":"search_term_string"}}],"inLanguage":"it-IT"},{"@type":"Organization","@id":"https:\/\/www.fondazioneaibi.it\/faris\/#organization","name":"Faris","url":"https:\/\/www.fondazioneaibi.it\/faris\/","logo":{"@type":"ImageObject","inLanguage":"it-IT","@id":"https:\/\/www.fondazioneaibi.it\/faris\/#\/schema\/logo\/image\/","url":"https:\/\/www.fondazioneaibi.it\/faris\/wp-content\/uploads\/2021\/03\/FARIS-LOGO-WEB-SITE-payoff-490x109.png","contentUrl":"https:\/\/www.fondazioneaibi.it\/faris\/wp-content\/uploads\/2021\/03\/FARIS-LOGO-WEB-SITE-payoff-490x109.png","width":494,"height":110,"caption":"Faris"},"image":{"@id":"https:\/\/www.fondazioneaibi.it\/faris\/#\/schema\/logo\/image\/"}}]}},"_links":{"self":[{"href":"https:\/\/www.fondazioneaibi.it\/faris\/wp-json\/wp\/v2\/product\/11199","targetHints":{"allow":["GET"]}}],"collection":[{"href":"https:\/\/www.fondazioneaibi.it\/faris\/wp-json\/wp\/v2\/product"}],"about":[{"href":"https:\/\/www.fondazioneaibi.it\/faris\/wp-json\/wp\/v2\/types\/product"}],"wp:featuredmedia":[{"embeddable":true,"href":"https:\/\/www.fondazioneaibi.it\/faris\/wp-json\/wp\/v2\/media\/10621"}],"wp:attachment":[{"href":"https:\/\/www.fondazioneaibi.it\/faris\/wp-json\/wp\/v2\/media?parent=11199"}],"wp:term":[{"taxonomy":"product_cat","embeddable":true,"href":"https:\/\/www.fondazioneaibi.it\/faris\/wp-json\/wp\/v2\/product_cat?post=11199"},{"taxonomy":"product_tag","embeddable":true,"href":"https:\/\/www.fondazioneaibi.it\/faris\/wp-json\/wp\/v2\/product_tag?post=11199"}],"curies":[{"name":"wp","href":"https:\/\/api.w.org\/{rel}","templated":true}]}}