{"id":11114,"date":"2022-10-03T14:31:17","date_gmt":"2022-10-03T12:31:17","guid":{"rendered":"https:\/\/www.fondazioneaibi.it\/faris\/?post_type=product&#038;p=11114"},"modified":"2022-11-22T11:33:14","modified_gmt":"2022-11-22T10:33:14","slug":"webinar-benessere-digitale-e-smart-working-una-combinazione-vincente-2","status":"publish","type":"product","link":"https:\/\/www.fondazioneaibi.it\/faris\/prodotto\/webinar-benessere-digitale-e-smart-working-una-combinazione-vincente-2\/","title":{"rendered":"WEBINAR Benessere digitale e Smart Working, una combinazione vincente"},"content":{"rendered":"<p>PIATTAFORMA ZOOM<\/p>\n<p>&nbsp;<\/p>\n<p>La<strong>\u00a0tecnologia digitale<\/strong>\u00a0\u00e8 lo strumento pi\u00f9 utile nella nostra attivit\u00e0 lavorativa, indubbiamente, ma \u00e8 anche uno strumento capace di\u00a0<strong>creare rischi per il nostro benessere<\/strong>. Notifiche e chiamate a cui va dato immediatamente riscontro possono darci la<strong>\u00a0stressante percezione di\u00a0<em>\u201cessere sempre connessi\u201d<\/em><\/strong>, eppure questa percezione non \u00e8 necessaria per chiunque voglia svolgere efficacemente la propria attivit\u00e0.<\/p>\n<p>Il webinar \u00e8 rivolto a persone che lavorano in modalit\u00e0 \u201cagile\u201d e desiderano m<strong>igliorare la propria gestione della giornata evitando le trappole della percezione di essere sempre \u201cconnessi\u201d<\/strong>.<\/p>\n<p>&nbsp;<\/p>\n<p>L\u2019obiettivo del webinar \u00e8 di dare ai partecipanti\u00a0<strong>spunti di riflessione e strumenti pratici<\/strong>\u00a0per rendere pi\u00f9 efficace la propria gestione dell\u2019attenzione e della comunicazione, in generale e in particolare durante le giornate di smart working.<\/p>\n<p>&nbsp;<\/p>\n<p>DOCENTE<\/p>\n<p><a href=\"https:\/\/it.linkedin.com\/in\/marialuisadibella\/it\">Marialuisa Di Bella<\/a>, Consulente aziendale \u2013 Project Manager \u2013 Ricercatrice \u2013 Docente, collaboratore\u00a0<a href=\"https:\/\/farewelfare.it\/\">FareWelFare<\/a>.<\/p>\n<p>&nbsp;<\/p>\n<p><strong>Per maggiori informazioni \u00e8 possibile contattare la segreteria di FARIS a\u00a0<\/strong><a href=\"mailto:faris@fondazioneaibi.it\"><strong>faris@fondazioneaibi.it<\/strong><\/a><\/p>\n","protected":false},"excerpt":{"rendered":"<p>PIATTAFORMA ZOOM &nbsp; La\u00a0tecnologia digitale\u00a0\u00e8 lo strumento pi\u00f9 utile nella nostra attivit\u00e0 lavorativa, indubbiamente, ma \u00e8 anche uno strumento capace di\u00a0creare rischi per il nostro benessere. Notifiche e chiamate a cui va dato immediatamente riscontro possono darci la\u00a0stressante percezione di\u00a0\u201cessere sempre connessi\u201d, eppure questa percezione non \u00e8 necessaria per chiunque voglia svolgere efficacemente la propria [&hellip;]<\/p>\n","protected":false},"featured_media":10570,"template":"","meta":[],"product_cat":[257,258,263],"product_tag":[202],"class_list":["post-11114","product","type-product","status-publish","has-post-thumbnail","hentry","product_cat-benessere-vita-lavoro","product_cat-farewelfare-faris","product_cat-webinar-su-prenotazione","product_tag-webinar-su-prenotazione"],"yoast_head":"<!-- This site is optimized with the Yoast SEO plugin v26.9 - https:\/\/yoast.com\/product\/yoast-seo-wordpress\/ -->\n<title>WEBINAR Benessere digitale e Smart Working, una combinazione vincente - Faris<\/title>\n<meta name=\"robots\" content=\"index, follow, max-snippet:-1, max-image-preview:large, max-video-preview:-1\" \/>\n<link rel=\"canonical\" href=\"https:\/\/www.fondazioneaibi.it\/faris\/prodotto\/webinar-benessere-digitale-e-smart-working-una-combinazione-vincente-2\/\" \/>\n<meta property=\"og:locale\" content=\"it_IT\" \/>\n<meta property=\"og:type\" content=\"article\" \/>\n<meta property=\"og:title\" content=\"WEBINAR Benessere digitale e Smart Working, una combinazione vincente - Faris\" \/>\n<meta property=\"og:description\" content=\"PIATTAFORMA ZOOM &nbsp; La\u00a0tecnologia digitale\u00a0\u00e8 lo strumento pi\u00f9 utile nella nostra attivit\u00e0 lavorativa, indubbiamente, ma \u00e8 anche uno strumento capace di\u00a0creare rischi per il nostro benessere. Notifiche e chiamate a cui va dato immediatamente riscontro possono darci la\u00a0stressante percezione di\u00a0\u201cessere sempre connessi\u201d, eppure questa percezione non \u00e8 necessaria per chiunque voglia svolgere efficacemente la propria [&hellip;]\" \/>\n<meta property=\"og:url\" content=\"https:\/\/www.fondazioneaibi.it\/faris\/prodotto\/webinar-benessere-digitale-e-smart-working-una-combinazione-vincente-2\/\" \/>\n<meta property=\"og:site_name\" content=\"Faris\" \/>\n<meta property=\"article:modified_time\" content=\"2022-11-22T10:33:14+00:00\" \/>\n<meta property=\"og:image\" content=\"https:\/\/www.fondazioneaibi.it\/faris\/wp-content\/uploads\/2022\/05\/iphone-g5e7e4e62e_1920.jpg\" \/>\n\t<meta property=\"og:image:width\" content=\"1920\" \/>\n\t<meta property=\"og:image:height\" content=\"1280\" \/>\n\t<meta property=\"og:image:type\" content=\"image\/jpeg\" \/>\n<meta name=\"twitter:card\" content=\"summary_large_image\" \/>\n<meta name=\"twitter:label1\" content=\"Tempo di lettura stimato\" \/>\n\t<meta name=\"twitter:data1\" content=\"1 minuto\" \/>\n<script type=\"application\/ld+json\" class=\"yoast-schema-graph\">{\"@context\":\"https:\/\/schema.org\",\"@graph\":[{\"@type\":\"WebPage\",\"@id\":\"https:\/\/www.fondazioneaibi.it\/faris\/prodotto\/webinar-benessere-digitale-e-smart-working-una-combinazione-vincente-2\/\",\"url\":\"https:\/\/www.fondazioneaibi.it\/faris\/prodotto\/webinar-benessere-digitale-e-smart-working-una-combinazione-vincente-2\/\",\"name\":\"WEBINAR Benessere digitale e Smart Working, una combinazione vincente - Faris\",\"isPartOf\":{\"@id\":\"https:\/\/www.fondazioneaibi.it\/faris\/#website\"},\"primaryImageOfPage\":{\"@id\":\"https:\/\/www.fondazioneaibi.it\/faris\/prodotto\/webinar-benessere-digitale-e-smart-working-una-combinazione-vincente-2\/#primaryimage\"},\"image\":{\"@id\":\"https:\/\/www.fondazioneaibi.it\/faris\/prodotto\/webinar-benessere-digitale-e-smart-working-una-combinazione-vincente-2\/#primaryimage\"},\"thumbnailUrl\":\"https:\/\/www.fondazioneaibi.it\/faris\/wp-content\/uploads\/2022\/05\/iphone-g5e7e4e62e_1920.jpg\",\"datePublished\":\"2022-10-03T12:31:17+00:00\",\"dateModified\":\"2022-11-22T10:33:14+00:00\",\"breadcrumb\":{\"@id\":\"https:\/\/www.fondazioneaibi.it\/faris\/prodotto\/webinar-benessere-digitale-e-smart-working-una-combinazione-vincente-2\/#breadcrumb\"},\"inLanguage\":\"it-IT\",\"potentialAction\":[{\"@type\":\"ReadAction\",\"target\":[\"https:\/\/www.fondazioneaibi.it\/faris\/prodotto\/webinar-benessere-digitale-e-smart-working-una-combinazione-vincente-2\/\"]}]},{\"@type\":\"ImageObject\",\"inLanguage\":\"it-IT\",\"@id\":\"https:\/\/www.fondazioneaibi.it\/faris\/prodotto\/webinar-benessere-digitale-e-smart-working-una-combinazione-vincente-2\/#primaryimage\",\"url\":\"https:\/\/www.fondazioneaibi.it\/faris\/wp-content\/uploads\/2022\/05\/iphone-g5e7e4e62e_1920.jpg\",\"contentUrl\":\"https:\/\/www.fondazioneaibi.it\/faris\/wp-content\/uploads\/2022\/05\/iphone-g5e7e4e62e_1920.jpg\",\"width\":1920,\"height\":1280},{\"@type\":\"BreadcrumbList\",\"@id\":\"https:\/\/www.fondazioneaibi.it\/faris\/prodotto\/webinar-benessere-digitale-e-smart-working-una-combinazione-vincente-2\/#breadcrumb\",\"itemListElement\":[{\"@type\":\"ListItem\",\"position\":1,\"name\":\"Home\",\"item\":\"https:\/\/www.fondazioneaibi.it\/faris\/\"},{\"@type\":\"ListItem\",\"position\":2,\"name\":\"Shop\",\"item\":\"https:\/\/www.fondazioneaibi.it\/faris\/negozio\/\"},{\"@type\":\"ListItem\",\"position\":3,\"name\":\"WEBINAR Benessere digitale e Smart Working, una combinazione vincente\"}]},{\"@type\":\"WebSite\",\"@id\":\"https:\/\/www.fondazioneaibi.it\/faris\/#website\",\"url\":\"https:\/\/www.fondazioneaibi.it\/faris\/\",\"name\":\"Faris\",\"description\":\"Faris\",\"publisher\":{\"@id\":\"https:\/\/www.fondazioneaibi.it\/faris\/#organization\"},\"potentialAction\":[{\"@type\":\"SearchAction\",\"target\":{\"@type\":\"EntryPoint\",\"urlTemplate\":\"https:\/\/www.fondazioneaibi.it\/faris\/?s={search_term_string}\"},\"query-input\":{\"@type\":\"PropertyValueSpecification\",\"valueRequired\":true,\"valueName\":\"search_term_string\"}}],\"inLanguage\":\"it-IT\"},{\"@type\":\"Organization\",\"@id\":\"https:\/\/www.fondazioneaibi.it\/faris\/#organization\",\"name\":\"Faris\",\"url\":\"https:\/\/www.fondazioneaibi.it\/faris\/\",\"logo\":{\"@type\":\"ImageObject\",\"inLanguage\":\"it-IT\",\"@id\":\"https:\/\/www.fondazioneaibi.it\/faris\/#\/schema\/logo\/image\/\",\"url\":\"https:\/\/www.fondazioneaibi.it\/faris\/wp-content\/uploads\/2021\/03\/FARIS-LOGO-WEB-SITE-payoff-490x109.png\",\"contentUrl\":\"https:\/\/www.fondazioneaibi.it\/faris\/wp-content\/uploads\/2021\/03\/FARIS-LOGO-WEB-SITE-payoff-490x109.png\",\"width\":494,\"height\":110,\"caption\":\"Faris\"},\"image\":{\"@id\":\"https:\/\/www.fondazioneaibi.it\/faris\/#\/schema\/logo\/image\/\"}}]}<\/script>\n<!-- \/ Yoast SEO plugin. -->","yoast_head_json":{"title":"WEBINAR Benessere digitale e Smart Working, una combinazione vincente - Faris","robots":{"index":"index","follow":"follow","max-snippet":"max-snippet:-1","max-image-preview":"max-image-preview:large","max-video-preview":"max-video-preview:-1"},"canonical":"https:\/\/www.fondazioneaibi.it\/faris\/prodotto\/webinar-benessere-digitale-e-smart-working-una-combinazione-vincente-2\/","og_locale":"it_IT","og_type":"article","og_title":"WEBINAR Benessere digitale e Smart Working, una combinazione vincente - Faris","og_description":"PIATTAFORMA ZOOM &nbsp; La\u00a0tecnologia digitale\u00a0\u00e8 lo strumento pi\u00f9 utile nella nostra attivit\u00e0 lavorativa, indubbiamente, ma \u00e8 anche uno strumento capace di\u00a0creare rischi per il nostro benessere. Notifiche e chiamate a cui va dato immediatamente riscontro possono darci la\u00a0stressante percezione di\u00a0\u201cessere sempre connessi\u201d, eppure questa percezione non \u00e8 necessaria per chiunque voglia svolgere efficacemente la propria [&hellip;]","og_url":"https:\/\/www.fondazioneaibi.it\/faris\/prodotto\/webinar-benessere-digitale-e-smart-working-una-combinazione-vincente-2\/","og_site_name":"Faris","article_modified_time":"2022-11-22T10:33:14+00:00","og_image":[{"width":1920,"height":1280,"url":"https:\/\/www.fondazioneaibi.it\/faris\/wp-content\/uploads\/2022\/05\/iphone-g5e7e4e62e_1920.jpg","type":"image\/jpeg"}],"twitter_card":"summary_large_image","twitter_misc":{"Tempo di lettura stimato":"1 minuto"},"schema":{"@context":"https:\/\/schema.org","@graph":[{"@type":"WebPage","@id":"https:\/\/www.fondazioneaibi.it\/faris\/prodotto\/webinar-benessere-digitale-e-smart-working-una-combinazione-vincente-2\/","url":"https:\/\/www.fondazioneaibi.it\/faris\/prodotto\/webinar-benessere-digitale-e-smart-working-una-combinazione-vincente-2\/","name":"WEBINAR Benessere digitale e Smart Working, una combinazione vincente - Faris","isPartOf":{"@id":"https:\/\/www.fondazioneaibi.it\/faris\/#website"},"primaryImageOfPage":{"@id":"https:\/\/www.fondazioneaibi.it\/faris\/prodotto\/webinar-benessere-digitale-e-smart-working-una-combinazione-vincente-2\/#primaryimage"},"image":{"@id":"https:\/\/www.fondazioneaibi.it\/faris\/prodotto\/webinar-benessere-digitale-e-smart-working-una-combinazione-vincente-2\/#primaryimage"},"thumbnailUrl":"https:\/\/www.fondazioneaibi.it\/faris\/wp-content\/uploads\/2022\/05\/iphone-g5e7e4e62e_1920.jpg","datePublished":"2022-10-03T12:31:17+00:00","dateModified":"2022-11-22T10:33:14+00:00","breadcrumb":{"@id":"https:\/\/www.fondazioneaibi.it\/faris\/prodotto\/webinar-benessere-digitale-e-smart-working-una-combinazione-vincente-2\/#breadcrumb"},"inLanguage":"it-IT","potentialAction":[{"@type":"ReadAction","target":["https:\/\/www.fondazioneaibi.it\/faris\/prodotto\/webinar-benessere-digitale-e-smart-working-una-combinazione-vincente-2\/"]}]},{"@type":"ImageObject","inLanguage":"it-IT","@id":"https:\/\/www.fondazioneaibi.it\/faris\/prodotto\/webinar-benessere-digitale-e-smart-working-una-combinazione-vincente-2\/#primaryimage","url":"https:\/\/www.fondazioneaibi.it\/faris\/wp-content\/uploads\/2022\/05\/iphone-g5e7e4e62e_1920.jpg","contentUrl":"https:\/\/www.fondazioneaibi.it\/faris\/wp-content\/uploads\/2022\/05\/iphone-g5e7e4e62e_1920.jpg","width":1920,"height":1280},{"@type":"BreadcrumbList","@id":"https:\/\/www.fondazioneaibi.it\/faris\/prodotto\/webinar-benessere-digitale-e-smart-working-una-combinazione-vincente-2\/#breadcrumb","itemListElement":[{"@type":"ListItem","position":1,"name":"Home","item":"https:\/\/www.fondazioneaibi.it\/faris\/"},{"@type":"ListItem","position":2,"name":"Shop","item":"https:\/\/www.fondazioneaibi.it\/faris\/negozio\/"},{"@type":"ListItem","position":3,"name":"WEBINAR Benessere digitale e Smart Working, una combinazione vincente"}]},{"@type":"WebSite","@id":"https:\/\/www.fondazioneaibi.it\/faris\/#website","url":"https:\/\/www.fondazioneaibi.it\/faris\/","name":"Faris","description":"Faris","publisher":{"@id":"https:\/\/www.fondazioneaibi.it\/faris\/#organization"},"potentialAction":[{"@type":"SearchAction","target":{"@type":"EntryPoint","urlTemplate":"https:\/\/www.fondazioneaibi.it\/faris\/?s={search_term_string}"},"query-input":{"@type":"PropertyValueSpecification","valueRequired":true,"valueName":"search_term_string"}}],"inLanguage":"it-IT"},{"@type":"Organization","@id":"https:\/\/www.fondazioneaibi.it\/faris\/#organization","name":"Faris","url":"https:\/\/www.fondazioneaibi.it\/faris\/","logo":{"@type":"ImageObject","inLanguage":"it-IT","@id":"https:\/\/www.fondazioneaibi.it\/faris\/#\/schema\/logo\/image\/","url":"https:\/\/www.fondazioneaibi.it\/faris\/wp-content\/uploads\/2021\/03\/FARIS-LOGO-WEB-SITE-payoff-490x109.png","contentUrl":"https:\/\/www.fondazioneaibi.it\/faris\/wp-content\/uploads\/2021\/03\/FARIS-LOGO-WEB-SITE-payoff-490x109.png","width":494,"height":110,"caption":"Faris"},"image":{"@id":"https:\/\/www.fondazioneaibi.it\/faris\/#\/schema\/logo\/image\/"}}]}},"_links":{"self":[{"href":"https:\/\/www.fondazioneaibi.it\/faris\/wp-json\/wp\/v2\/product\/11114","targetHints":{"allow":["GET"]}}],"collection":[{"href":"https:\/\/www.fondazioneaibi.it\/faris\/wp-json\/wp\/v2\/product"}],"about":[{"href":"https:\/\/www.fondazioneaibi.it\/faris\/wp-json\/wp\/v2\/types\/product"}],"wp:featuredmedia":[{"embeddable":true,"href":"https:\/\/www.fondazioneaibi.it\/faris\/wp-json\/wp\/v2\/media\/10570"}],"wp:attachment":[{"href":"https:\/\/www.fondazioneaibi.it\/faris\/wp-json\/wp\/v2\/media?parent=11114"}],"wp:term":[{"taxonomy":"product_cat","embeddable":true,"href":"https:\/\/www.fondazioneaibi.it\/faris\/wp-json\/wp\/v2\/product_cat?post=11114"},{"taxonomy":"product_tag","embeddable":true,"href":"https:\/\/www.fondazioneaibi.it\/faris\/wp-json\/wp\/v2\/product_tag?post=11114"}],"curies":[{"name":"wp","href":"https:\/\/api.w.org\/{rel}","templated":true}]}}